{"id":6225,"date":"2026-02-19T16:04:59","date_gmt":"2026-02-19T13:04:59","guid":{"rendered":"http:\/\/localhost\/wordpress\/?page_id=6225"},"modified":"2026-02-19T17:02:12","modified_gmt":"2026-02-19T14:02:12","slug":"kaynaklar","status":"publish","type":"page","link":"https:\/\/bridgehap.com\/?page_id=6225","title":{"rendered":"Faydal\u0131 Linkler"},"content":{"rendered":"\n<p class=\"wp-block-paragraph\"><a href=\"https:\/\/tbricfed.org.tr\/\">T\u00fcrkiye Bri\u00e7 Federasyonu<\/a><\/p>\n\n\n\n<p class=\"wp-block-paragraph\"><a href=\"http:\/\/www.visnelikbric.com\/\">Vi\u015fnelik<\/a> Bri\u00e7 Spor Kul\u00fcb\u00fc<\/p>\n\n\n\n<p class=\"wp-block-paragraph\"><a href=\"https:\/\/www.ankabric.com\/\">Anka Bri\u00e7<\/a> Spor Kul\u00fcb\u00fc<\/p>\n\n\n\n<p class=\"wp-block-paragraph\"><a href=\"https:\/\/www.cayyolu.org\/\">\u00c7ay Yolu Bri\u00e7<\/a> spor Kul\u00fcb\u00fc<\/p>\n\n\n\n<p class=\"wp-block-paragraph\"><a href=\"https:\/\/www.profesyonelbric.com\/\">Profesyonel Bri\u00e7<\/a><\/p>\n\n\n\n<p class=\"wp-block-paragraph\"><\/p>\n","protected":false},"excerpt":{"rendered":"<p>T\u00fcrkiye Bri\u00e7 Federasyonu Vi\u015fnelik Bri\u00e7 Spor Kul\u00fcb\u00fc Anka Bri\u00e7 Spor Kul\u00fcb\u00fc \u00c7ay Yolu Bri\u00e7 spor Kul\u00fcb\u00fc Profesyonel Bri\u00e7<\/p>\n","protected":false},"author":1,"featured_media":0,"parent":0,"menu_order":0,"comment_status":"closed","ping_status":"closed","template":"","meta":{"_crdt_document":"","_themeisle_gutenberg_block_has_review":false,"_kad_post_transparent":"","_kad_post_title":"","_kad_post_layout":"","_kad_post_sidebar_id":"","_kad_post_content_style":"","_kad_post_vertical_padding":"","_kad_post_feature":"","_kad_post_feature_position":"","_kad_post_header":false,"_kad_post_footer":false,"_kad_post_classname":"","footnotes":""},"class_list":["post-6225","page","type-page","status-publish","hentry"],"yoast_head":"<!-- This site is optimized with the Yoast SEO plugin v27.0 - https:\/\/yoast.com\/product\/yoast-seo-wordpress\/ -->\n<title>Faydal\u0131 Linkler - HAP BR\u0130\u00c7<\/title>\n<meta name=\"robots\" content=\"index, follow, max-snippet:-1, max-image-preview:large, max-video-preview:-1\" \/>\n<link rel=\"canonical\" href=\"https:\/\/bridgehap.com\/?page_id=6225\" \/>\n<meta property=\"og:locale\" content=\"tr_TR\" \/>\n<meta property=\"og:type\" content=\"article\" \/>\n<meta property=\"og:title\" content=\"Faydal\u0131 Linkler - HAP BR\u0130\u00c7\" \/>\n<meta property=\"og:description\" content=\"T\u00fcrkiye Bri\u00e7 Federasyonu Vi\u015fnelik Bri\u00e7 Spor Kul\u00fcb\u00fc Anka Bri\u00e7 Spor Kul\u00fcb\u00fc \u00c7ay Yolu Bri\u00e7 spor Kul\u00fcb\u00fc Profesyonel Bri\u00e7\" \/>\n<meta property=\"og:url\" content=\"https:\/\/bridgehap.com\/?page_id=6225\" \/>\n<meta property=\"og:site_name\" content=\"HAP BR\u0130\u00c7\" \/>\n<meta property=\"article:modified_time\" content=\"2026-02-19T14:02:12+00:00\" \/>\n<meta name=\"twitter:card\" content=\"summary_large_image\" \/>\n<meta name=\"twitter:label1\" content=\"Tahmini okuma s\u00fcresi\" \/>\n\t<meta name=\"twitter:data1\" content=\"1 dakika\" \/>\n<script type=\"application\/ld+json\" class=\"yoast-schema-graph\">{\"@context\":\"https:\/\/schema.org\",\"@graph\":[{\"@type\":\"WebPage\",\"@id\":\"https:\/\/bridgehap.com\/?page_id=6225\",\"url\":\"https:\/\/bridgehap.com\/?page_id=6225\",\"name\":\"Faydal\u0131 Linkler - HAP BR\u0130\u00c7\",\"isPartOf\":{\"@id\":\"https:\/\/bridgehap.com\/#website\"},\"datePublished\":\"2026-02-19T13:04:59+00:00\",\"dateModified\":\"2026-02-19T14:02:12+00:00\",\"breadcrumb\":{\"@id\":\"https:\/\/bridgehap.com\/?page_id=6225#breadcrumb\"},\"inLanguage\":\"tr\",\"potentialAction\":[{\"@type\":\"ReadAction\",\"target\":[\"https:\/\/bridgehap.com\/?page_id=6225\"]}]},{\"@type\":\"BreadcrumbList\",\"@id\":\"https:\/\/bridgehap.com\/?page_id=6225#breadcrumb\",\"itemListElement\":[{\"@type\":\"ListItem\",\"position\":1,\"name\":\"Anasayfa\",\"item\":\"https:\/\/bridgehap.com\/\"},{\"@type\":\"ListItem\",\"position\":2,\"name\":\"Faydal\u0131 Linkler\"}]},{\"@type\":\"WebSite\",\"@id\":\"https:\/\/bridgehap.com\/#website\",\"url\":\"https:\/\/bridgehap.com\/\",\"name\":\"HAP BR\u0130\u00c7\",\"description\":\"\",\"publisher\":{\"@id\":\"https:\/\/bridgehap.com\/#organization\"},\"potentialAction\":[{\"@type\":\"SearchAction\",\"target\":{\"@type\":\"EntryPoint\",\"urlTemplate\":\"https:\/\/bridgehap.com\/?s={search_term_string}\"},\"query-input\":{\"@type\":\"PropertyValueSpecification\",\"valueRequired\":true,\"valueName\":\"search_term_string\"}}],\"inLanguage\":\"tr\"},{\"@type\":\"Organization\",\"@id\":\"https:\/\/bridgehap.com\/#organization\",\"name\":\"HAP BR\u0130\u00c7\",\"url\":\"https:\/\/bridgehap.com\/\",\"logo\":{\"@type\":\"ImageObject\",\"inLanguage\":\"tr\",\"@id\":\"https:\/\/bridgehap.com\/#\/schema\/logo\/image\/\",\"url\":\"https:\/\/bridgehap.com\/wp-content\/uploads\/2026\/02\/cropped-6-1-1.jpg\",\"contentUrl\":\"https:\/\/bridgehap.com\/wp-content\/uploads\/2026\/02\/cropped-6-1-1.jpg\",\"width\":67,\"height\":58,\"caption\":\"HAP BR\u0130\u00c7\"},\"image\":{\"@id\":\"https:\/\/bridgehap.com\/#\/schema\/logo\/image\/\"}}]}<\/script>\n<!-- \/ Yoast SEO plugin. -->","yoast_head_json":{"title":"Faydal\u0131 Linkler - HAP BR\u0130\u00c7","robots":{"index":"index","follow":"follow","max-snippet":"max-snippet:-1","max-image-preview":"max-image-preview:large","max-video-preview":"max-video-preview:-1"},"canonical":"https:\/\/bridgehap.com\/?page_id=6225","og_locale":"tr_TR","og_type":"article","og_title":"Faydal\u0131 Linkler - HAP BR\u0130\u00c7","og_description":"T\u00fcrkiye Bri\u00e7 Federasyonu Vi\u015fnelik Bri\u00e7 Spor Kul\u00fcb\u00fc Anka Bri\u00e7 Spor Kul\u00fcb\u00fc \u00c7ay Yolu Bri\u00e7 spor Kul\u00fcb\u00fc Profesyonel Bri\u00e7","og_url":"https:\/\/bridgehap.com\/?page_id=6225","og_site_name":"HAP BR\u0130\u00c7","article_modified_time":"2026-02-19T14:02:12+00:00","twitter_card":"summary_large_image","twitter_misc":{"Tahmini okuma s\u00fcresi":"1 dakika"},"schema":{"@context":"https:\/\/schema.org","@graph":[{"@type":"WebPage","@id":"https:\/\/bridgehap.com\/?page_id=6225","url":"https:\/\/bridgehap.com\/?page_id=6225","name":"Faydal\u0131 Linkler - HAP BR\u0130\u00c7","isPartOf":{"@id":"https:\/\/bridgehap.com\/#website"},"datePublished":"2026-02-19T13:04:59+00:00","dateModified":"2026-02-19T14:02:12+00:00","breadcrumb":{"@id":"https:\/\/bridgehap.com\/?page_id=6225#breadcrumb"},"inLanguage":"tr","potentialAction":[{"@type":"ReadAction","target":["https:\/\/bridgehap.com\/?page_id=6225"]}]},{"@type":"BreadcrumbList","@id":"https:\/\/bridgehap.com\/?page_id=6225#breadcrumb","itemListElement":[{"@type":"ListItem","position":1,"name":"Anasayfa","item":"https:\/\/bridgehap.com\/"},{"@type":"ListItem","position":2,"name":"Faydal\u0131 Linkler"}]},{"@type":"WebSite","@id":"https:\/\/bridgehap.com\/#website","url":"https:\/\/bridgehap.com\/","name":"HAP BR\u0130\u00c7","description":"","publisher":{"@id":"https:\/\/bridgehap.com\/#organization"},"potentialAction":[{"@type":"SearchAction","target":{"@type":"EntryPoint","urlTemplate":"https:\/\/bridgehap.com\/?s={search_term_string}"},"query-input":{"@type":"PropertyValueSpecification","valueRequired":true,"valueName":"search_term_string"}}],"inLanguage":"tr"},{"@type":"Organization","@id":"https:\/\/bridgehap.com\/#organization","name":"HAP BR\u0130\u00c7","url":"https:\/\/bridgehap.com\/","logo":{"@type":"ImageObject","inLanguage":"tr","@id":"https:\/\/bridgehap.com\/#\/schema\/logo\/image\/","url":"https:\/\/bridgehap.com\/wp-content\/uploads\/2026\/02\/cropped-6-1-1.jpg","contentUrl":"https:\/\/bridgehap.com\/wp-content\/uploads\/2026\/02\/cropped-6-1-1.jpg","width":67,"height":58,"caption":"HAP BR\u0130\u00c7"},"image":{"@id":"https:\/\/bridgehap.com\/#\/schema\/logo\/image\/"}}]}},"_links":{"self":[{"href":"https:\/\/bridgehap.com\/index.php?rest_route=\/wp\/v2\/pages\/6225","targetHints":{"allow":["GET"]}}],"collection":[{"href":"https:\/\/bridgehap.com\/index.php?rest_route=\/wp\/v2\/pages"}],"about":[{"href":"https:\/\/bridgehap.com\/index.php?rest_route=\/wp\/v2\/types\/page"}],"author":[{"embeddable":true,"href":"https:\/\/bridgehap.com\/index.php?rest_route=\/wp\/v2\/users\/1"}],"replies":[{"embeddable":true,"href":"https:\/\/bridgehap.com\/index.php?rest_route=%2Fwp%2Fv2%2Fcomments&post=6225"}],"version-history":[{"count":3,"href":"https:\/\/bridgehap.com\/index.php?rest_route=\/wp\/v2\/pages\/6225\/revisions"}],"predecessor-version":[{"id":6243,"href":"https:\/\/bridgehap.com\/index.php?rest_route=\/wp\/v2\/pages\/6225\/revisions\/6243"}],"wp:attachment":[{"href":"https:\/\/bridgehap.com\/index.php?rest_route=%2Fwp%2Fv2%2Fmedia&parent=6225"}],"curies":[{"name":"wp","href":"https:\/\/api.w.org\/{rel}","templated":true}]}}