{"id":6244,"date":"2026-02-19T17:11:09","date_gmt":"2026-02-19T14:11:09","guid":{"rendered":"http:\/\/localhost\/wordpress\/?page_id=6244"},"modified":"2026-02-19T17:15:14","modified_gmt":"2026-02-19T14:15:14","slug":"hakkimda","status":"publish","type":"page","link":"https:\/\/bridgehap.com\/?page_id=6244","title":{"rendered":"Hakk\u0131mda"},"content":{"rendered":"\n<figure class=\"wp-block-image size-full is-resized\"><img fetchpriority=\"high\" decoding=\"async\" width=\"750\" height=\"739\" src=\"http:\/\/localhost\/wordpress\/wp-content\/uploads\/2026\/02\/image-2.png\" alt=\"\" class=\"wp-image-6247\" style=\"aspect-ratio:1.0149186426665664;width:173px;height:auto\" srcset=\"https:\/\/bridgehap.com\/wp-content\/uploads\/2026\/02\/image-2.png 750w, https:\/\/bridgehap.com\/wp-content\/uploads\/2026\/02\/image-2-300x296.png 300w\" sizes=\"(max-width: 750px) 100vw, 750px\" \/><\/figure>\n\n\n\n<p class=\"wp-block-paragraph\">Ben Mithat \u00d6ZTEK\u0130N, bri\u00e7 \u00f6\u011frenmek isteyenlere<\/p>\n\n\n\n<p class=\"wp-block-paragraph\">faydal\u0131 olmas\u0131 \u00fcmidiyle bu web sayfas\u0131n\u0131 haz\u0131rlad\u0131m.<\/p>\n","protected":false},"excerpt":{"rendered":"<p>Ben Mithat \u00d6ZTEK\u0130N, bri\u00e7 \u00f6\u011frenmek isteyenlere faydal\u0131 olmas\u0131 \u00fcmidiyle bu web sayfas\u0131n\u0131 haz\u0131rlad\u0131m.<\/p>\n","protected":false},"author":1,"featured_media":0,"parent":0,"menu_order":0,"comment_status":"closed","ping_status":"closed","template":"","meta":{"_crdt_document":"","_themeisle_gutenberg_block_has_review":false,"_kad_post_transparent":"","_kad_post_title":"","_kad_post_layout":"","_kad_post_sidebar_id":"","_kad_post_content_style":"","_kad_post_vertical_padding":"","_kad_post_feature":"","_kad_post_feature_position":"","_kad_post_header":false,"_kad_post_footer":false,"_kad_post_classname":"","footnotes":""},"class_list":["post-6244","page","type-page","status-publish","hentry"],"yoast_head":"<!-- This site is optimized with the Yoast SEO plugin v27.0 - https:\/\/yoast.com\/product\/yoast-seo-wordpress\/ -->\n<title>Hakk\u0131mda - HAP BR\u0130\u00c7<\/title>\n<meta name=\"robots\" content=\"index, follow, max-snippet:-1, max-image-preview:large, max-video-preview:-1\" \/>\n<link rel=\"canonical\" href=\"https:\/\/bridgehap.com\/?page_id=6244\" \/>\n<meta property=\"og:locale\" content=\"tr_TR\" \/>\n<meta property=\"og:type\" content=\"article\" \/>\n<meta property=\"og:title\" content=\"Hakk\u0131mda - HAP BR\u0130\u00c7\" \/>\n<meta property=\"og:description\" content=\"Ben Mithat \u00d6ZTEK\u0130N, bri\u00e7 \u00f6\u011frenmek isteyenlere faydal\u0131 olmas\u0131 \u00fcmidiyle bu web sayfas\u0131n\u0131 haz\u0131rlad\u0131m.\" \/>\n<meta property=\"og:url\" content=\"https:\/\/bridgehap.com\/?page_id=6244\" \/>\n<meta property=\"og:site_name\" content=\"HAP BR\u0130\u00c7\" \/>\n<meta property=\"article:modified_time\" content=\"2026-02-19T14:15:14+00:00\" \/>\n<meta property=\"og:image\" content=\"http:\/\/localhost\/wordpress\/wp-content\/uploads\/2026\/02\/image-2.png\" \/>\n<meta name=\"twitter:card\" content=\"summary_large_image\" \/>\n<meta name=\"twitter:label1\" content=\"Tahmini okuma s\u00fcresi\" \/>\n\t<meta name=\"twitter:data1\" content=\"1 dakika\" \/>\n<script type=\"application\/ld+json\" class=\"yoast-schema-graph\">{\"@context\":\"https:\/\/schema.org\",\"@graph\":[{\"@type\":\"WebPage\",\"@id\":\"https:\/\/bridgehap.com\/?page_id=6244\",\"url\":\"https:\/\/bridgehap.com\/?page_id=6244\",\"name\":\"Hakk\u0131mda - HAP BR\u0130\u00c7\",\"isPartOf\":{\"@id\":\"https:\/\/bridgehap.com\/#website\"},\"primaryImageOfPage\":{\"@id\":\"https:\/\/bridgehap.com\/?page_id=6244#primaryimage\"},\"image\":{\"@id\":\"https:\/\/bridgehap.com\/?page_id=6244#primaryimage\"},\"thumbnailUrl\":\"http:\/\/localhost\/wordpress\/wp-content\/uploads\/2026\/02\/image-2.png\",\"datePublished\":\"2026-02-19T14:11:09+00:00\",\"dateModified\":\"2026-02-19T14:15:14+00:00\",\"breadcrumb\":{\"@id\":\"https:\/\/bridgehap.com\/?page_id=6244#breadcrumb\"},\"inLanguage\":\"tr\",\"potentialAction\":[{\"@type\":\"ReadAction\",\"target\":[\"https:\/\/bridgehap.com\/?page_id=6244\"]}]},{\"@type\":\"ImageObject\",\"inLanguage\":\"tr\",\"@id\":\"https:\/\/bridgehap.com\/?page_id=6244#primaryimage\",\"url\":\"http:\/\/localhost\/wordpress\/wp-content\/uploads\/2026\/02\/image-2.png\",\"contentUrl\":\"http:\/\/localhost\/wordpress\/wp-content\/uploads\/2026\/02\/image-2.png\"},{\"@type\":\"BreadcrumbList\",\"@id\":\"https:\/\/bridgehap.com\/?page_id=6244#breadcrumb\",\"itemListElement\":[{\"@type\":\"ListItem\",\"position\":1,\"name\":\"Anasayfa\",\"item\":\"https:\/\/bridgehap.com\/\"},{\"@type\":\"ListItem\",\"position\":2,\"name\":\"Hakk\u0131mda\"}]},{\"@type\":\"WebSite\",\"@id\":\"https:\/\/bridgehap.com\/#website\",\"url\":\"https:\/\/bridgehap.com\/\",\"name\":\"HAP BR\u0130\u00c7\",\"description\":\"\",\"publisher\":{\"@id\":\"https:\/\/bridgehap.com\/#organization\"},\"potentialAction\":[{\"@type\":\"SearchAction\",\"target\":{\"@type\":\"EntryPoint\",\"urlTemplate\":\"https:\/\/bridgehap.com\/?s={search_term_string}\"},\"query-input\":{\"@type\":\"PropertyValueSpecification\",\"valueRequired\":true,\"valueName\":\"search_term_string\"}}],\"inLanguage\":\"tr\"},{\"@type\":\"Organization\",\"@id\":\"https:\/\/bridgehap.com\/#organization\",\"name\":\"HAP BR\u0130\u00c7\",\"url\":\"https:\/\/bridgehap.com\/\",\"logo\":{\"@type\":\"ImageObject\",\"inLanguage\":\"tr\",\"@id\":\"https:\/\/bridgehap.com\/#\/schema\/logo\/image\/\",\"url\":\"https:\/\/bridgehap.com\/wp-content\/uploads\/2026\/02\/cropped-6-1-1.jpg\",\"contentUrl\":\"https:\/\/bridgehap.com\/wp-content\/uploads\/2026\/02\/cropped-6-1-1.jpg\",\"width\":67,\"height\":58,\"caption\":\"HAP BR\u0130\u00c7\"},\"image\":{\"@id\":\"https:\/\/bridgehap.com\/#\/schema\/logo\/image\/\"}}]}<\/script>\n<!-- \/ Yoast SEO plugin. -->","yoast_head_json":{"title":"Hakk\u0131mda - HAP BR\u0130\u00c7","robots":{"index":"index","follow":"follow","max-snippet":"max-snippet:-1","max-image-preview":"max-image-preview:large","max-video-preview":"max-video-preview:-1"},"canonical":"https:\/\/bridgehap.com\/?page_id=6244","og_locale":"tr_TR","og_type":"article","og_title":"Hakk\u0131mda - HAP BR\u0130\u00c7","og_description":"Ben Mithat \u00d6ZTEK\u0130N, bri\u00e7 \u00f6\u011frenmek isteyenlere faydal\u0131 olmas\u0131 \u00fcmidiyle bu web sayfas\u0131n\u0131 haz\u0131rlad\u0131m.","og_url":"https:\/\/bridgehap.com\/?page_id=6244","og_site_name":"HAP BR\u0130\u00c7","article_modified_time":"2026-02-19T14:15:14+00:00","og_image":[{"url":"http:\/\/localhost\/wordpress\/wp-content\/uploads\/2026\/02\/image-2.png","type":"","width":"","height":""}],"twitter_card":"summary_large_image","twitter_misc":{"Tahmini okuma s\u00fcresi":"1 dakika"},"schema":{"@context":"https:\/\/schema.org","@graph":[{"@type":"WebPage","@id":"https:\/\/bridgehap.com\/?page_id=6244","url":"https:\/\/bridgehap.com\/?page_id=6244","name":"Hakk\u0131mda - HAP BR\u0130\u00c7","isPartOf":{"@id":"https:\/\/bridgehap.com\/#website"},"primaryImageOfPage":{"@id":"https:\/\/bridgehap.com\/?page_id=6244#primaryimage"},"image":{"@id":"https:\/\/bridgehap.com\/?page_id=6244#primaryimage"},"thumbnailUrl":"http:\/\/localhost\/wordpress\/wp-content\/uploads\/2026\/02\/image-2.png","datePublished":"2026-02-19T14:11:09+00:00","dateModified":"2026-02-19T14:15:14+00:00","breadcrumb":{"@id":"https:\/\/bridgehap.com\/?page_id=6244#breadcrumb"},"inLanguage":"tr","potentialAction":[{"@type":"ReadAction","target":["https:\/\/bridgehap.com\/?page_id=6244"]}]},{"@type":"ImageObject","inLanguage":"tr","@id":"https:\/\/bridgehap.com\/?page_id=6244#primaryimage","url":"http:\/\/localhost\/wordpress\/wp-content\/uploads\/2026\/02\/image-2.png","contentUrl":"http:\/\/localhost\/wordpress\/wp-content\/uploads\/2026\/02\/image-2.png"},{"@type":"BreadcrumbList","@id":"https:\/\/bridgehap.com\/?page_id=6244#breadcrumb","itemListElement":[{"@type":"ListItem","position":1,"name":"Anasayfa","item":"https:\/\/bridgehap.com\/"},{"@type":"ListItem","position":2,"name":"Hakk\u0131mda"}]},{"@type":"WebSite","@id":"https:\/\/bridgehap.com\/#website","url":"https:\/\/bridgehap.com\/","name":"HAP BR\u0130\u00c7","description":"","publisher":{"@id":"https:\/\/bridgehap.com\/#organization"},"potentialAction":[{"@type":"SearchAction","target":{"@type":"EntryPoint","urlTemplate":"https:\/\/bridgehap.com\/?s={search_term_string}"},"query-input":{"@type":"PropertyValueSpecification","valueRequired":true,"valueName":"search_term_string"}}],"inLanguage":"tr"},{"@type":"Organization","@id":"https:\/\/bridgehap.com\/#organization","name":"HAP BR\u0130\u00c7","url":"https:\/\/bridgehap.com\/","logo":{"@type":"ImageObject","inLanguage":"tr","@id":"https:\/\/bridgehap.com\/#\/schema\/logo\/image\/","url":"https:\/\/bridgehap.com\/wp-content\/uploads\/2026\/02\/cropped-6-1-1.jpg","contentUrl":"https:\/\/bridgehap.com\/wp-content\/uploads\/2026\/02\/cropped-6-1-1.jpg","width":67,"height":58,"caption":"HAP BR\u0130\u00c7"},"image":{"@id":"https:\/\/bridgehap.com\/#\/schema\/logo\/image\/"}}]}},"_links":{"self":[{"href":"https:\/\/bridgehap.com\/index.php?rest_route=\/wp\/v2\/pages\/6244","targetHints":{"allow":["GET"]}}],"collection":[{"href":"https:\/\/bridgehap.com\/index.php?rest_route=\/wp\/v2\/pages"}],"about":[{"href":"https:\/\/bridgehap.com\/index.php?rest_route=\/wp\/v2\/types\/page"}],"author":[{"embeddable":true,"href":"https:\/\/bridgehap.com\/index.php?rest_route=\/wp\/v2\/users\/1"}],"replies":[{"embeddable":true,"href":"https:\/\/bridgehap.com\/index.php?rest_route=%2Fwp%2Fv2%2Fcomments&post=6244"}],"version-history":[{"count":2,"href":"https:\/\/bridgehap.com\/index.php?rest_route=\/wp\/v2\/pages\/6244\/revisions"}],"predecessor-version":[{"id":6248,"href":"https:\/\/bridgehap.com\/index.php?rest_route=\/wp\/v2\/pages\/6244\/revisions\/6248"}],"wp:attachment":[{"href":"https:\/\/bridgehap.com\/index.php?rest_route=%2Fwp%2Fv2%2Fmedia&parent=6244"}],"curies":[{"name":"wp","href":"https:\/\/api.w.org\/{rel}","templated":true}]}}