{"id":6437,"date":"2026-02-21T21:17:32","date_gmt":"2026-02-21T18:17:32","guid":{"rendered":"http:\/\/localhost\/wordpress\/?page_id=6437"},"modified":"2026-03-13T17:17:47","modified_gmt":"2026-03-13T14:17:47","slug":"2-ders","status":"publish","type":"page","link":"https:\/\/bridgehap.com\/?page_id=6437","title":{"rendered":"2. Ders"},"content":{"rendered":"\n<p class=\"wp-block-paragraph\"><strong>OYUN A\u00c7ILI\u015eLARI<\/strong><\/p>\n\n\n\n<p class=\"wp-block-paragraph\">&nbsp;&nbsp; &nbsp;&nbsp;&nbsp;&nbsp;&nbsp;<mark style=\"background-color:rgba(0, 0, 0, 0)\" class=\"has-inline-color has-theme-palette-13-color\"><strong>1\u2019li seviyede oyun a\u00e7\u0131l\u0131\u015flar\u0131:<\/strong> <\/mark><\/p>\n\n\n\n<ul class=\"wp-block-list\">\n<li>1\u2663, 1\u2666&nbsp; a\u00e7\u0131l\u0131\u015flar\u0131, 12-14 OP (on\u00f6r puan) i\u00e7eren ve 5-kart maj\u00f6r\u00fcm\u00fcz\u00fcn olmad\u0131\u011f\u0131 durumlarda daha uzun min\u00f6r ile oyun a\u00e7\u0131l\u0131\u015f\u0131d\u0131r.                                                        Min\u00f6r uzunluklar\u0131 3-3 iken 1\u2663, 4-4 veya 5-5 iken 1\u2666 a\u00e7\u0131l\u0131r.<\/li>\n\n\n\n<li>1\u2660 ve 1\u2665 a\u00e7\u0131\u015flar\u0131, 12-14 OP i\u00e7eren ve a\u00e7\u0131\u015f renginden en az 5 kart g\u00f6sterir.<\/li>\n\n\n\n<li>1 NT a\u00e7\u0131\u015flar\u0131, 15-17 OP i\u00e7eren ve 5-kart maj\u00f6r\u00fc olmayan dengeli ellerle a\u00e7\u0131l\u0131r.<\/li>\n\n\n\n<li>Oyun a\u00e7\u0131c\u0131n\u0131n limitleri:                                                                                                                                                                                                            Minimum el: 12-14 OP                                                                                                                                                                                                          Davet eli&nbsp;&nbsp;&nbsp;&nbsp; : 15-17 OP                                                                                                                                                                                                                             Zon eli&nbsp;&nbsp;&nbsp;&nbsp;&nbsp;&nbsp;&nbsp; : 18+ OP<\/li>\n\n\n\n<li>A\u00e7\u0131c\u0131 a\u015fa\u011f\u0131dakilerin birini yaparsa limite olur.&nbsp; Yani OP aral\u0131\u011f\u0131n\u0131 rakibe g\u00f6stermi\u015f olur.                                                                                                             Fit vermek                                                                                                                                                                                                                                  NT deklare etmek                                                                                                                                                                                                                              Renk tekrar\u0131 etmek<\/li>\n<\/ul>\n\n\n\n<figure class=\"wp-block-table\"><table><tbody><tr><td>&nbsp;1 A\u00e7\u0131\u015f\u0131<\/td><td>&nbsp;Puan<\/td><td>&nbsp;A\u00e7\u0131\u015f Ko\u015fulu<\/td><\/tr><tr><td>&nbsp;1\u2663 veya 1\u2666<\/td><td>&nbsp;13-21 puan<\/td><td>En az 5 li maj\u00f6r\u00fcn\u00fcz yoksa, oyunu min\u00f6r bir renkle a\u00e7mal\u0131s\u0131n\u0131z.<br>Min\u00f6r uzunlu\u011fu fazla olan renk a\u00e7\u0131l\u0131r. (\u00d6rn: 5 tref &#8211; 4 karo varso 1\u2663)<br>Min\u00f6r uzunluklar\u0131 e\u015fitse oyunu 1\u2666&nbsp;a\u00e7\u0131n. (4-4 veya 5-5)<br>Ama, her iki min\u00f6rden 3-3 e\u015fitlik varsa, 1\u2663 a\u00e7\u0131l\u0131r.<\/td><\/tr><tr><td>&nbsp;1\u2665&nbsp;veya 1\u2660<\/td><td>&nbsp;13-21 puan<\/td><td>A\u00e7\u0131lan maj\u00f6r renkte en az 5 ka\u011f\u0131t olmas\u0131 gerekir.<br>Maj\u00f6rlerin uzunluklar\u0131 e\u015fitse (4-4 ) 1\u2665&nbsp;a\u00e7\u0131l\u0131r.<br>Maj\u00f6rlerin uzunluklar\u0131 e\u015fitse (5-5 , 6-6) 1\u2660 &nbsp;a\u00e7\u0131l\u0131r.<\/td><\/tr><tr><td>&nbsp;1 NT<\/td><td>&nbsp;15-17 puan<\/td><td>Dengeli bir da\u011f\u0131l\u0131m gerekir: 4432, 4333, 5332 (5 li ka\u011f\u0131t maj\u00f6r olmamal\u0131d\u0131r)<\/td><\/tr><\/tbody><\/table><\/figure>\n\n\n\n<h6 class=\"wp-block-heading\">&nbsp;&nbsp;&nbsp;<strong>&nbsp; 1\u2019li seviye oyun a\u00e7\u0131l\u0131\u015f\u0131n\u0131n ak\u0131\u015f diyagram\u0131 ile g\u00f6sterilmesi a\u015fa\u011f\u0131dad\u0131r.<\/strong><\/h6>\n\n\n\n<figure class=\"wp-block-image size-full\"><img fetchpriority=\"high\" decoding=\"async\" width=\"695\" height=\"397\" src=\"http:\/\/localhost\/wordpress\/wp-content\/uploads\/2026\/03\/1liseviyede-oyun-acilislari-diyagrami.jpg\" alt=\"\" class=\"wp-image-6657\" srcset=\"https:\/\/bridgehap.com\/wp-content\/uploads\/2026\/03\/1liseviyede-oyun-acilislari-diyagrami.jpg 695w, https:\/\/bridgehap.com\/wp-content\/uploads\/2026\/03\/1liseviyede-oyun-acilislari-diyagrami-300x171.jpg 300w\" sizes=\"(max-width: 695px) 100vw, 695px\" \/><\/figure>\n\n\n\n<p class=\"wp-block-paragraph\"><strong>&nbsp;<mark style=\"background-color:rgba(0, 0, 0, 0)\" class=\"has-inline-color has-theme-palette-13-color\"> 2\u2019 li seviyede oyun a\u00e7\u0131l\u0131\u015flar\u0131: <\/mark><\/strong><\/p>\n\n\n\n<ul class=\"wp-block-list\">\n<li>Karo, K\u00f6r ve Pik \u2019de 2 a\u00e7\u0131\u015flar\u0131 zay\u0131ft\u0131r. (Baraj a\u00e7\u0131\u015f\u0131).                                                                                                                                                                     6-10 OP i\u00e7eren ve a\u00e7\u0131lan renkten 2 on\u00f6rl\u00fc en az 6 kart gerekir.                                                                                                                                                  2 K\u00f6r veya 2 Pik a\u00e7\u0131\u015flar\u0131m\u0131zda di\u011fer maj\u00f6r 4 kart olamaz.                                                                                                                                                             2 K\u00f6r veya 2 Pik a\u00e7\u0131\u015flar\u0131m\u0131zda en fazla 8 kay\u0131p olmal\u0131d\u0131r.<\/li>\n\n\n\n<li>Bu a\u00e7\u0131l\u0131\u015flar\u0131n amac\u0131 orta\u011fa uzun kart say\u0131s\u0131 ve OP anlatmakt\u0131r.<\/li>\n\n\n\n<li>Rakibin konu\u015fmas\u0131n\u0131 engellemektir.<\/li>\n<\/ul>\n\n\n\n<figure class=\"wp-block-table\"><table><tbody><tr><td>&nbsp;<strong>2 A\u00e7\u0131\u015f\u0131<\/strong><\/td><td>&nbsp;<strong>Puan<\/strong><\/td><td>&nbsp;<strong>A\u00e7\u0131\u015f Ko\u015fulu<\/strong><\/td><\/tr><tr><td><strong>2\u2666<\/strong> 2<strong>\u2665<\/strong> <strong>2<\/strong><strong>\u2660<\/strong><\/td><td>6-10 OP<\/td><td>Bu t\u00fcr a\u00e7\u0131\u015flara \u201cBaraj\u201d a\u00e7\u0131\u015f\u0131 denilir. Rakiplerin olas\u0131 ZON oyununu &nbsp;&nbsp;engellemek i\u00e7indir. Bu a\u00e7\u0131\u015flar zay\u0131f puanla, ama uzun ve kuvvetli renklerle yap\u0131l\u0131r. A\u00e7t\u0131\u011f\u0131n\u0131z renk 6\u2019l\u0131 ve sa\u011flam olmal\u0131d\u0131r. Yani A,K,Q ve J den&nbsp;en az iki tanesi&nbsp;olmal\u0131d\u0131r. <strong>Not:<\/strong>&nbsp;Baz\u0131 sistemlerde 2 a\u00e7\u0131\u015flar\u0131 Kuvvetlidir. (20+ puan ve kuvvetli koz)<\/td><\/tr><tr><td><strong>2\u2663<\/strong><\/td><td>&nbsp;23+ OP<\/td><td>En kuvvetli a\u00e7\u0131\u015ft\u0131r. &nbsp;<strong>2\u2663<\/strong>&nbsp;a\u00e7\u0131\u015f\u0131yla, mutlaka zon oynamak istedi\u011finizi orta\u011f\u0131n\u0131za anlatm\u0131\u015f oluyorsunuz. PAS ge\u00e7ilmez.<\/td><\/tr><tr><td>2 <strong>NT<\/strong><\/td><td>&nbsp;20-22&nbsp;&nbsp;&nbsp;&nbsp;<\/td><td>Eliniz dengeli (4432, 4333, 5332) ve kuvvetli ise 2 NT a\u00e7\u0131l\u0131r. 2 NT a\u00e7\u0131\u015f\u0131, elinizde 5 li maj\u00f6r olsa bile yap\u0131l\u0131r.<\/td><\/tr><\/tbody><\/table><\/figure>\n\n\n\n<p class=\"wp-block-paragraph\"><\/p>\n\n\n\n<p class=\"wp-block-paragraph\">2\u2019li, 3\u2019l\u00fc, 4\u2019l\u00fc seviye zay\u0131f (Blokatif) oyun a\u00e7\u0131l\u0131\u015flar\u0131 ak\u0131\u015f diyagram\u0131 a\u015fa\u011f\u0131dad\u0131r.<\/p>\n\n\n\n<figure class=\"wp-block-image size-full\"><img decoding=\"async\" width=\"594\" height=\"302\" src=\"http:\/\/localhost\/wordpress\/wp-content\/uploads\/2026\/03\/2liseviyede-oyun-acilislari-diyagrami.jpg\" alt=\"\" class=\"wp-image-6660\" srcset=\"https:\/\/bridgehap.com\/wp-content\/uploads\/2026\/03\/2liseviyede-oyun-acilislari-diyagrami.jpg 594w, https:\/\/bridgehap.com\/wp-content\/uploads\/2026\/03\/2liseviyede-oyun-acilislari-diyagrami-300x153.jpg 300w\" sizes=\"(max-width: 594px) 100vw, 594px\" \/><\/figure>\n\n\n\n<p class=\"wp-block-paragraph\"><strong>&nbsp;<\/strong><\/p>\n\n\n\n<p class=\"wp-block-paragraph\"><strong>&nbsp;&nbsp;<mark style=\"background-color:rgba(0, 0, 0, 0)\" class=\"has-inline-color has-theme-palette-13-color\"> 3\u2019 l\u00fc seviyede oyun a\u00e7\u0131l\u0131\u015flar\u0131: <\/mark><\/strong><\/p>\n\n\n\n<ul class=\"wp-block-list\">\n<li>3\u2019l\u00fc seviye oyun a\u00e7\u0131\u015flar\u0131 Zay\u0131f t\u0131r. 6-10 OP ve a\u00e7\u0131lan renkten 2 on\u00f6rl\u00fc en az 7 kart gerekir.<\/li>\n<\/ul>\n\n\n\n<figure class=\"wp-block-table\"><table><tbody><tr><td>&nbsp;<strong>3 A\u00e7\u0131\u015f\u0131<\/strong><\/td><td>&nbsp;<strong>Puan<\/strong><\/td><td>&nbsp;<strong>A\u00e7\u0131\u015f Ko\u015fulu<\/strong><\/td><\/tr><tr><td>&nbsp;3<strong>\u2663<\/strong>,&nbsp;<strong>3<\/strong><strong>\u2666<\/strong> &nbsp;<strong>3<\/strong><strong>\u2665<\/strong>,&nbsp;<strong>3<\/strong>\u2660<\/td><td>&nbsp;6-10 OP<\/td><td>Bu a\u00e7\u0131\u015flarda \u201cbaraj\u201d a\u00e7\u0131\u015flar\u0131d\u0131r. Ayn\u0131 Zay\u0131f-2 a\u00e7\u0131\u015flar\u0131nda oldu\u011fu gibi 6-10 puan ile yap\u0131l\u0131r. Zay\u0131f-2 a\u00e7\u0131\u015f\u0131ndan fark\u0131 a\u00e7t\u0131\u011f\u0131n\u0131z rengin en az 7\u2019li olmas\u0131d\u0131r.<\/td><\/tr><tr><td>&nbsp;<strong>3 NT<\/strong><\/td><td>&nbsp;25-27 OP<\/td><td>Bu a\u00e7\u0131\u015f dengeli bir eli g\u00f6sterir. A\u00e7an ki\u015finin tek ba\u015f\u0131na&nbsp;<strong>3 NT<\/strong>&nbsp;oynayabilece\u011fi anlam\u0131na gelir.<br>Pek kullan\u0131lmaz tavsiye edilmiyor fakat bu ellerle 2&nbsp;<strong>\u2663<\/strong>&nbsp;a\u00e7\u0131lmas\u0131 ve gelecek cevaba g\u00f6re 3 NT denilmesi \u00f6neriliyor.<\/td><\/tr><\/tbody><\/table><\/figure>\n\n\n\n<p class=\"wp-block-paragraph\">&nbsp;&nbsp;&nbsp;&nbsp;&nbsp;&nbsp;&nbsp;&nbsp;&nbsp;&nbsp;&nbsp;<br><strong><mark style=\"background-color:rgba(0, 0, 0, 0)\" class=\"has-inline-color has-theme-palette-13-color\">4\u2019 l\u00fc seviyede oyun a\u00e7\u0131l\u0131\u015flar\u0131:<\/mark><\/strong><\/p>\n\n\n\n<ul class=\"wp-block-list\">\n<li>4\u2019l\u00fc seviye oyun a\u00e7\u0131\u015flar\u0131 Zay\u0131f t\u0131r. 6-10 OP ve a\u00e7\u0131lan renkten 2 on\u00f6rl\u00fc en az 8 kart gerekir.<\/li>\n<\/ul>\n\n\n\n<figure class=\"wp-block-table\"><table><tbody><tr><td><strong>4 A\u00e7\u0131\u015f\u0131<\/strong><\/td><td>&nbsp;<strong>Puan<\/strong><\/td><td>&nbsp;<strong>A\u00e7\u0131\u015f \u015eart\u0131<\/strong><\/td><\/tr><tr><td>&nbsp;4<strong>\u2663<\/strong>,&nbsp;<strong>4<\/strong><strong>\u2666<\/strong> &nbsp;<strong>4<\/strong><strong>\u2665<\/strong>,&nbsp;<strong>4<\/strong>\u2660<\/td><td>&nbsp;6-10 OP<\/td><td>Bu a\u00e7\u0131\u015flarda \u201cbaraj\u201d a\u00e7\u0131\u015flar\u0131d\u0131r. Ayn\u0131 Zay\u0131f-2 a\u00e7\u0131\u015flar\u0131nda oldu\u011fu gibi 6-10 puan ile yap\u0131l\u0131r. Zay\u0131f-2 a\u00e7\u0131\u015f\u0131ndan fark\u0131 a\u00e7t\u0131\u011f\u0131n\u0131z rengin en az 8\u2019li olmas\u0131d\u0131r. Genelde 5 kay\u0131pl\u0131 el ile a\u00e7\u0131l\u0131r.<\/td><\/tr><\/tbody><\/table><\/figure>\n\n\n\n<p class=\"wp-block-paragraph\"><\/p>\n","protected":false},"excerpt":{"rendered":"<p>OYUN A\u00c7ILI\u015eLARI &nbsp;&nbsp; &nbsp;&nbsp;&nbsp;&nbsp;&nbsp;1\u2019li seviyede oyun a\u00e7\u0131l\u0131\u015flar\u0131: &nbsp;1 A\u00e7\u0131\u015f\u0131 &nbsp;Puan &nbsp;A\u00e7\u0131\u015f Ko\u015fulu &nbsp;1\u2663 veya 1\u2666 &nbsp;13-21 puan En az 5 li maj\u00f6r\u00fcn\u00fcz yoksa, oyunu min\u00f6r bir renkle a\u00e7mal\u0131s\u0131n\u0131z.Min\u00f6r uzunlu\u011fu fazla olan renk a\u00e7\u0131l\u0131r. (\u00d6rn: 5 tref &#8211; 4 karo varso 1\u2663)Min\u00f6r uzunluklar\u0131 e\u015fitse oyunu 1\u2666&nbsp;a\u00e7\u0131n. (4-4 veya 5-5)Ama, her iki min\u00f6rden 3-3 e\u015fitlik varsa, 1\u2663&#8230;<\/p>\n","protected":false},"author":1,"featured_media":0,"parent":0,"menu_order":0,"comment_status":"closed","ping_status":"closed","template":"","meta":{"_crdt_document":"","_themeisle_gutenberg_block_has_review":false,"_kad_post_transparent":"","_kad_post_title":"","_kad_post_layout":"","_kad_post_sidebar_id":"","_kad_post_content_style":"","_kad_post_vertical_padding":"","_kad_post_feature":"","_kad_post_feature_position":"","_kad_post_header":false,"_kad_post_footer":false,"_kad_post_classname":"","footnotes":""},"class_list":["post-6437","page","type-page","status-publish","hentry"],"yoast_head":"<!-- This site is optimized with the Yoast SEO plugin v27.0 - https:\/\/yoast.com\/product\/yoast-seo-wordpress\/ -->\n<title>2. Ders - HAP BR\u0130\u00c7<\/title>\n<meta name=\"robots\" content=\"index, follow, max-snippet:-1, max-image-preview:large, max-video-preview:-1\" \/>\n<link rel=\"canonical\" href=\"https:\/\/bridgehap.com\/?page_id=6437\" \/>\n<meta property=\"og:locale\" content=\"tr_TR\" \/>\n<meta property=\"og:type\" content=\"article\" \/>\n<meta property=\"og:title\" content=\"2. Ders - HAP BR\u0130\u00c7\" \/>\n<meta property=\"og:description\" content=\"OYUN A\u00c7ILI\u015eLARI &nbsp;&nbsp; &nbsp;&nbsp;&nbsp;&nbsp;&nbsp;1\u2019li seviyede oyun a\u00e7\u0131l\u0131\u015flar\u0131: &nbsp;1 A\u00e7\u0131\u015f\u0131 &nbsp;Puan &nbsp;A\u00e7\u0131\u015f Ko\u015fulu &nbsp;1\u2663 veya 1\u2666 &nbsp;13-21 puan En az 5 li maj\u00f6r\u00fcn\u00fcz yoksa, oyunu min\u00f6r bir renkle a\u00e7mal\u0131s\u0131n\u0131z.Min\u00f6r uzunlu\u011fu fazla olan renk a\u00e7\u0131l\u0131r. (\u00d6rn: 5 tref &#8211; 4 karo varso 1\u2663)Min\u00f6r uzunluklar\u0131 e\u015fitse oyunu 1\u2666&nbsp;a\u00e7\u0131n. (4-4 veya 5-5)Ama, her iki min\u00f6rden 3-3 e\u015fitlik varsa, 1\u2663...\" \/>\n<meta property=\"og:url\" content=\"https:\/\/bridgehap.com\/?page_id=6437\" \/>\n<meta property=\"og:site_name\" content=\"HAP BR\u0130\u00c7\" \/>\n<meta property=\"article:modified_time\" content=\"2026-03-13T14:17:47+00:00\" \/>\n<meta property=\"og:image\" content=\"http:\/\/localhost\/wordpress\/wp-content\/uploads\/2026\/03\/1liseviyede-oyun-acilislari-diyagrami.jpg\" \/>\n<meta name=\"twitter:card\" content=\"summary_large_image\" \/>\n<meta name=\"twitter:label1\" content=\"Tahmini okuma s\u00fcresi\" \/>\n\t<meta name=\"twitter:data1\" content=\"4 dakika\" \/>\n<script type=\"application\/ld+json\" class=\"yoast-schema-graph\">{\"@context\":\"https:\/\/schema.org\",\"@graph\":[{\"@type\":\"WebPage\",\"@id\":\"https:\/\/bridgehap.com\/?page_id=6437\",\"url\":\"https:\/\/bridgehap.com\/?page_id=6437\",\"name\":\"2. Ders - HAP BR\u0130\u00c7\",\"isPartOf\":{\"@id\":\"https:\/\/bridgehap.com\/#website\"},\"primaryImageOfPage\":{\"@id\":\"https:\/\/bridgehap.com\/?page_id=6437#primaryimage\"},\"image\":{\"@id\":\"https:\/\/bridgehap.com\/?page_id=6437#primaryimage\"},\"thumbnailUrl\":\"http:\/\/localhost\/wordpress\/wp-content\/uploads\/2026\/03\/1liseviyede-oyun-acilislari-diyagrami.jpg\",\"datePublished\":\"2026-02-21T18:17:32+00:00\",\"dateModified\":\"2026-03-13T14:17:47+00:00\",\"breadcrumb\":{\"@id\":\"https:\/\/bridgehap.com\/?page_id=6437#breadcrumb\"},\"inLanguage\":\"tr\",\"potentialAction\":[{\"@type\":\"ReadAction\",\"target\":[\"https:\/\/bridgehap.com\/?page_id=6437\"]}]},{\"@type\":\"ImageObject\",\"inLanguage\":\"tr\",\"@id\":\"https:\/\/bridgehap.com\/?page_id=6437#primaryimage\",\"url\":\"http:\/\/localhost\/wordpress\/wp-content\/uploads\/2026\/03\/1liseviyede-oyun-acilislari-diyagrami.jpg\",\"contentUrl\":\"http:\/\/localhost\/wordpress\/wp-content\/uploads\/2026\/03\/1liseviyede-oyun-acilislari-diyagrami.jpg\"},{\"@type\":\"BreadcrumbList\",\"@id\":\"https:\/\/bridgehap.com\/?page_id=6437#breadcrumb\",\"itemListElement\":[{\"@type\":\"ListItem\",\"position\":1,\"name\":\"Anasayfa\",\"item\":\"https:\/\/bridgehap.com\/\"},{\"@type\":\"ListItem\",\"position\":2,\"name\":\"2. Ders\"}]},{\"@type\":\"WebSite\",\"@id\":\"https:\/\/bridgehap.com\/#website\",\"url\":\"https:\/\/bridgehap.com\/\",\"name\":\"HAP BR\u0130\u00c7\",\"description\":\"\",\"publisher\":{\"@id\":\"https:\/\/bridgehap.com\/#organization\"},\"potentialAction\":[{\"@type\":\"SearchAction\",\"target\":{\"@type\":\"EntryPoint\",\"urlTemplate\":\"https:\/\/bridgehap.com\/?s={search_term_string}\"},\"query-input\":{\"@type\":\"PropertyValueSpecification\",\"valueRequired\":true,\"valueName\":\"search_term_string\"}}],\"inLanguage\":\"tr\"},{\"@type\":\"Organization\",\"@id\":\"https:\/\/bridgehap.com\/#organization\",\"name\":\"HAP BR\u0130\u00c7\",\"url\":\"https:\/\/bridgehap.com\/\",\"logo\":{\"@type\":\"ImageObject\",\"inLanguage\":\"tr\",\"@id\":\"https:\/\/bridgehap.com\/#\/schema\/logo\/image\/\",\"url\":\"https:\/\/bridgehap.com\/wp-content\/uploads\/2026\/02\/cropped-6-1-1.jpg\",\"contentUrl\":\"https:\/\/bridgehap.com\/wp-content\/uploads\/2026\/02\/cropped-6-1-1.jpg\",\"width\":67,\"height\":58,\"caption\":\"HAP BR\u0130\u00c7\"},\"image\":{\"@id\":\"https:\/\/bridgehap.com\/#\/schema\/logo\/image\/\"}}]}<\/script>\n<!-- \/ Yoast SEO plugin. -->","yoast_head_json":{"title":"2. Ders - HAP BR\u0130\u00c7","robots":{"index":"index","follow":"follow","max-snippet":"max-snippet:-1","max-image-preview":"max-image-preview:large","max-video-preview":"max-video-preview:-1"},"canonical":"https:\/\/bridgehap.com\/?page_id=6437","og_locale":"tr_TR","og_type":"article","og_title":"2. Ders - HAP BR\u0130\u00c7","og_description":"OYUN A\u00c7ILI\u015eLARI &nbsp;&nbsp; &nbsp;&nbsp;&nbsp;&nbsp;&nbsp;1\u2019li seviyede oyun a\u00e7\u0131l\u0131\u015flar\u0131: &nbsp;1 A\u00e7\u0131\u015f\u0131 &nbsp;Puan &nbsp;A\u00e7\u0131\u015f Ko\u015fulu &nbsp;1\u2663 veya 1\u2666 &nbsp;13-21 puan En az 5 li maj\u00f6r\u00fcn\u00fcz yoksa, oyunu min\u00f6r bir renkle a\u00e7mal\u0131s\u0131n\u0131z.Min\u00f6r uzunlu\u011fu fazla olan renk a\u00e7\u0131l\u0131r. (\u00d6rn: 5 tref &#8211; 4 karo varso 1\u2663)Min\u00f6r uzunluklar\u0131 e\u015fitse oyunu 1\u2666&nbsp;a\u00e7\u0131n. (4-4 veya 5-5)Ama, her iki min\u00f6rden 3-3 e\u015fitlik varsa, 1\u2663...","og_url":"https:\/\/bridgehap.com\/?page_id=6437","og_site_name":"HAP BR\u0130\u00c7","article_modified_time":"2026-03-13T14:17:47+00:00","og_image":[{"url":"http:\/\/localhost\/wordpress\/wp-content\/uploads\/2026\/03\/1liseviyede-oyun-acilislari-diyagrami.jpg","type":"","width":"","height":""}],"twitter_card":"summary_large_image","twitter_misc":{"Tahmini okuma s\u00fcresi":"4 dakika"},"schema":{"@context":"https:\/\/schema.org","@graph":[{"@type":"WebPage","@id":"https:\/\/bridgehap.com\/?page_id=6437","url":"https:\/\/bridgehap.com\/?page_id=6437","name":"2. Ders - HAP BR\u0130\u00c7","isPartOf":{"@id":"https:\/\/bridgehap.com\/#website"},"primaryImageOfPage":{"@id":"https:\/\/bridgehap.com\/?page_id=6437#primaryimage"},"image":{"@id":"https:\/\/bridgehap.com\/?page_id=6437#primaryimage"},"thumbnailUrl":"http:\/\/localhost\/wordpress\/wp-content\/uploads\/2026\/03\/1liseviyede-oyun-acilislari-diyagrami.jpg","datePublished":"2026-02-21T18:17:32+00:00","dateModified":"2026-03-13T14:17:47+00:00","breadcrumb":{"@id":"https:\/\/bridgehap.com\/?page_id=6437#breadcrumb"},"inLanguage":"tr","potentialAction":[{"@type":"ReadAction","target":["https:\/\/bridgehap.com\/?page_id=6437"]}]},{"@type":"ImageObject","inLanguage":"tr","@id":"https:\/\/bridgehap.com\/?page_id=6437#primaryimage","url":"http:\/\/localhost\/wordpress\/wp-content\/uploads\/2026\/03\/1liseviyede-oyun-acilislari-diyagrami.jpg","contentUrl":"http:\/\/localhost\/wordpress\/wp-content\/uploads\/2026\/03\/1liseviyede-oyun-acilislari-diyagrami.jpg"},{"@type":"BreadcrumbList","@id":"https:\/\/bridgehap.com\/?page_id=6437#breadcrumb","itemListElement":[{"@type":"ListItem","position":1,"name":"Anasayfa","item":"https:\/\/bridgehap.com\/"},{"@type":"ListItem","position":2,"name":"2. Ders"}]},{"@type":"WebSite","@id":"https:\/\/bridgehap.com\/#website","url":"https:\/\/bridgehap.com\/","name":"HAP BR\u0130\u00c7","description":"","publisher":{"@id":"https:\/\/bridgehap.com\/#organization"},"potentialAction":[{"@type":"SearchAction","target":{"@type":"EntryPoint","urlTemplate":"https:\/\/bridgehap.com\/?s={search_term_string}"},"query-input":{"@type":"PropertyValueSpecification","valueRequired":true,"valueName":"search_term_string"}}],"inLanguage":"tr"},{"@type":"Organization","@id":"https:\/\/bridgehap.com\/#organization","name":"HAP BR\u0130\u00c7","url":"https:\/\/bridgehap.com\/","logo":{"@type":"ImageObject","inLanguage":"tr","@id":"https:\/\/bridgehap.com\/#\/schema\/logo\/image\/","url":"https:\/\/bridgehap.com\/wp-content\/uploads\/2026\/02\/cropped-6-1-1.jpg","contentUrl":"https:\/\/bridgehap.com\/wp-content\/uploads\/2026\/02\/cropped-6-1-1.jpg","width":67,"height":58,"caption":"HAP BR\u0130\u00c7"},"image":{"@id":"https:\/\/bridgehap.com\/#\/schema\/logo\/image\/"}}]}},"_links":{"self":[{"href":"https:\/\/bridgehap.com\/index.php?rest_route=\/wp\/v2\/pages\/6437","targetHints":{"allow":["GET"]}}],"collection":[{"href":"https:\/\/bridgehap.com\/index.php?rest_route=\/wp\/v2\/pages"}],"about":[{"href":"https:\/\/bridgehap.com\/index.php?rest_route=\/wp\/v2\/types\/page"}],"author":[{"embeddable":true,"href":"https:\/\/bridgehap.com\/index.php?rest_route=\/wp\/v2\/users\/1"}],"replies":[{"embeddable":true,"href":"https:\/\/bridgehap.com\/index.php?rest_route=%2Fwp%2Fv2%2Fcomments&post=6437"}],"version-history":[{"count":4,"href":"https:\/\/bridgehap.com\/index.php?rest_route=\/wp\/v2\/pages\/6437\/revisions"}],"predecessor-version":[{"id":6707,"href":"https:\/\/bridgehap.com\/index.php?rest_route=\/wp\/v2\/pages\/6437\/revisions\/6707"}],"wp:attachment":[{"href":"https:\/\/bridgehap.com\/index.php?rest_route=%2Fwp%2Fv2%2Fmedia&parent=6437"}],"curies":[{"name":"wp","href":"https:\/\/api.w.org\/{rel}","templated":true}]}}