{"id":6445,"date":"2026-02-21T21:19:32","date_gmt":"2026-02-21T18:19:32","guid":{"rendered":"http:\/\/localhost\/wordpress\/?page_id=6445"},"modified":"2026-03-27T11:08:37","modified_gmt":"2026-03-27T08:08:37","slug":"6-ders","status":"publish","type":"page","link":"https:\/\/bridgehap.com\/?page_id=6445","title":{"rendered":"6. Ders"},"content":{"rendered":"\n<h2 id=\"wp-block-themeisle-blocks-advanced-heading-e0753ca4\" class=\"wp-block-themeisle-blocks-advanced-heading wp-block-themeisle-blocks-advanced-heading-e0753ca4\">                      ATAK &#8211; APEL &#8211; DEFOS<\/h2>\n\n\n\n<h2 id=\"wp-block-themeisle-blocks-advanced-heading-73675e7e\" class=\"wp-block-themeisle-blocks-advanced-heading wp-block-themeisle-blocks-advanced-heading-73675e7e\">                      ATAKLAR<\/h2>\n\n\n\n<h3 class=\"wp-block-heading\">A-) KOZ ATAKLARI<\/h3>\n\n\n\n<h3 class=\"wp-block-heading\"><strong>ORTAK OC (OverCall \u2013 Araya Giri\u015f) YAPMADI\u011eINDA<\/strong><\/h3>\n\n\n\n<ul class=\"wp-block-list\">\n<li>Singleton<\/li>\n\n\n\n<li>S\u0131ral\u0131 \u00fc\u00e7l\u00fcn\u00fcn b\u00fcy\u00fc\u011f\u00fc<\/li>\n\n\n\n<li>Sekans\u0131n b\u00fcy\u00fc\u011f\u00fc ( Biti\u015fik on\u00f6r kartlar\u0131n b\u00fcy\u00fc\u011f\u00fc )<\/li>\n\n\n\n<li>2 Par\u00e7an\u0131n b\u00fcy\u00fc\u011f\u00fc (Ax, Rx, Qx )<\/li>\n\n\n\n<li>3. veya 5. B\u00fcy\u00fck kart ile atak edilir. (m\u00fcmk\u00fcn oldu\u011funca on\u00f6r alt\u0131ndan \u00e7\u0131k\u0131lmaz)<\/li>\n\n\n\n<li>Her yerde on\u00f6r\u00fcm varsa ve \u00e7\u0131kmak istemiyorsam koz atak ederim.<\/li>\n\n\n\n<li>Genelde part-skor\u2019a koz atak etmek (rakipte tutu\u015f varsa) kazand\u0131r\u0131r.<\/li>\n<\/ul>\n\n\n\n<h3 class=\"wp-block-heading\"><strong>ORTAK OC YAPTI\u011eINDA<\/strong><\/h3>\n\n\n\n<ul class=\"wp-block-list\">\n<li>Singleton<\/li>\n\n\n\n<li>S\u0131ral\u0131 \u00fc\u00e7l\u00fcn\u00fcn b\u00fcy\u00fc\u011f\u00fc<\/li>\n\n\n\n<li>S\u0131ral\u0131 \u00fc\u00e7l\u00fcn\u00fcn benzeri sekans (ARV, RDT, ARxx)<\/li>\n\n\n\n<li>Orta\u011f\u0131n rengi; 2 par\u00e7a ise b\u00fcy\u00fc\u011f\u00fc \u00e7\u0131k\u0131l\u0131r. 3 veya daha fazla ise 3-5 atak edilir<\/li>\n\n\n\n<li>2 par\u00e7a renk ise b\u00fcy\u00fc\u011f\u00fc \u00e7\u0131k\u0131l\u0131r. (Ax, Rx hari\u00e7 )<\/li>\n\n\n\n<li>3-5 atak: \u00c7\u0131kaca\u011f\u0131m rengi yukar\u0131dan a\u015fa\u011f\u0131ya say\u0131nca 5.\u2019yi yeti\u015fmiyor ise 3. \u00e7\u0131k\u0131l\u0131r.<\/li>\n<\/ul>\n\n\n\n<h3 class=\"wp-block-heading\">B-) SANZATU ATAKLARI<\/h3>\n\n\n\n<ul class=\"wp-block-list\">\n<li>En uzun rengi atak ederiz.<\/li>\n\n\n\n<li>3\u2019l\u00fc s\u0131ral\u0131dan tepedeki kart \u00e7\u0131kar\u0131z.<\/li>\n\n\n\n<li>Elinizdeki biti\u015fik 3 on\u00f6rl\u00fc kartlardan en b\u00fcy\u00fc\u011f\u00fcn\u00fc \u00e7\u0131kar\u0131z.<\/li>\n\n\n\n<li>\u00a0K\u0131r\u0131k sekans\u0131n sekans ba\u015f\u0131n\u0131 \u00e7\u0131kar\u0131z.<\/li>\n\n\n\n<li>\u00a02. veya 4. b\u00fcy\u00fck kart\u0131 atak ederiz.<\/li>\n\n\n\n<li>Rua ata\u011f\u0131, En kuvvetli atakt\u0131r. Orta\u011fa As\u2019\u0131n varsa ez, gel, Dam\u2019\u0131n varsa at, bunlar yoksa da say\u0131s\u0131n\u0131 ver demi\u015f oluruz.<\/li>\n\n\n\n<li>Dam ata\u011f\u0131,Bu da en kuvvetli ataklardan biridir. Orta\u011fa As\u2019\u0131 veya Rua\u2019s\u0131 varsa ezmesini, kazan\u0131rsa d\u00f6nmesini s\u00f6yler. Orta\u011fa Vale varsa atmas\u0131n\u0131 s\u00f6yler.<\/li>\n\n\n\n<li>Vale ata\u011f\u0131, Ya k\u0131r\u0131k sekans ba\u015f\u0131d\u0131r ya da \u00fc\u00e7l\u00fc s\u0131ral\u0131n\u0131n tepesidir.<\/li>\n\n\n\n<li>10\u2019lu ata\u011f\u0131, Ya k\u0131r\u0131k sekans ba\u015f\u0131d\u0131r ya da sekans ba\u015f\u0131d\u0131r.<\/li>\n\n\n\n<li>As ata\u011f\u0131,\u00a0 Zay\u0131f atakt\u0131r. Genelde ARx\u2019ten \u00e7ok nadiren de ARxx\u2019ten \u00e7\u0131k\u0131l\u0131r. As ata\u011f\u0131 orta\u011fa gel \u2013 gelme sorar.<\/li>\n\n\n\n<li>Orta\u011f\u0131n rengini \u00e7\u0131kar\u0131z.<\/li>\n<\/ul>\n\n\n\n<h3 class=\"wp-block-heading\">C-) ATAK ST\u0130LLER\u0130<\/h3>\n\n\n\n<ul class=\"wp-block-list\">\n<li>BOB : Biti\u015fik on\u00f6rlerin b\u00fcy\u00fc\u011f\u00fc\u00a0 (KQ108)<\/li>\n\n\n\n<li>OUZ\u0130: On\u00f6rs\u00fcz uzunda ikinci\u00a0\u00a0\u00a0\u00a0 (9652 , 753,\u00a0 109832)<\/li>\n\n\n\n<li>\u0130B : \u0130kili karttan b\u00fcy\u00fck olan\u00a0\u00a0\u00a0\u00a0\u00a0\u00a0\u00a0 (K5, 107, 74)<\/li>\n\n\n\n<li>OYAK : On\u00f6r yan\u0131ndan k\u00fc\u00e7\u00fck\u00a0\u00a0\u00a0 (KJ8, 10875)<\/li>\n<\/ul>\n\n\n\n<h3 class=\"wp-block-heading\">D-) F\u0130T BULUNAN RENK<\/h3>\n\n\n\n<ul class=\"wp-block-list\">\n<li>Orta\u011f\u0131n\u0131z ile FIT bulunan renk varsa, FIT renginden\u00a0 atak ederiz.<\/li>\n<\/ul>\n\n\n\n<h2 id=\"wp-block-themeisle-blocks-advanced-heading-63dab75c\" class=\"wp-block-themeisle-blocks-advanced-heading wp-block-themeisle-blocks-advanced-heading-63dab75c\">                       APELLER<\/h2>\n\n\n\n<p class=\"wp-block-paragraph\">Bri\u00e7 oyununda ilk kart\u0131n atak edilmesiyle birlikte, ortaklar aras\u0131nda sinyalizasyon (Apel-Legal i\u015faretle\u015fme) ba\u015flar ve oyun s\u00fcresince devam eder. \u00c7ok \u00e7e\u015fitli apel sistemleri vard\u0131r. Her ortakl\u0131k kendi apel sistemini olu\u015fturabilir. Bri\u00e7 d\u00fcnyas\u0131nda yayg\u0131n olarak kullan\u0131lan y\u00f6ntem Romen apel sistemidir. Hem ataklarda hem de defoslarda ayn\u0131 \u015fekilde kullan\u0131labilir. <\/p>\n\n\n\n<p class=\"wp-block-paragraph\">Ortak koza veya sanzatuye atak etti\u011finde, be\u011fenip be\u011fenmedi\u011finizi bildirim \u015feklidir.<\/p>\n\n\n\n<ul class=\"wp-block-list\">\n<li>6\u2019l\u0131 say\u0131dan\u00a0 B\u00dcY\u00dcK &#8211;> be\u011fenmedim.\u00a0 (&#8221;Bu renkten talebim yok.&#8221;  At\u0131lan kart say\u0131sal de\u011feri\u00a0\u00a0 > 6 )<\/li>\n\n\n\n<li>6\u2019l\u0131 say\u0131dan\u00a0 K\u00dc\u00c7\u00dcK &#8211;> be\u011fendim, devam\u00a0 ( Atak edilen kart\u0131n say\u0131sal de\u011feri\u00a0\u00a0 &lt;\u00a0 6 )<\/li>\n<\/ul>\n\n\n\n<p class=\"wp-block-paragraph\">Koz kontrat\u0131nda genelde orta\u011f\u0131n As \u00e7\u0131k\u0131\u015f\u0131na at\u0131l\u0131r.<\/p>\n\n\n\n<p class=\"wp-block-paragraph\">Sanzatu\u2019 da ortak As \u00e7ekti\u011finde bende bu renk uzun ve al\u0131c\u0131s\u0131 varsa k\u00fc\u00e7\u00fck atarak orta\u011fa Rua \u00e7ektirip bu rengi d\u00f6nd\u00fcr\u00fcr\u00fcm.<\/p>\n\n\n\n<p class=\"wp-block-paragraph\">OYUN \u0130\u00c7\u0130NDEK\u0130 APELLER<\/p>\n\n\n\n<p class=\"wp-block-paragraph\">a-\u00a0Oyun i\u00e7inde, atak rengi d\u0131\u015f\u0131nda ba\u015fka bir renk d\u00f6n\u00fcyorsak; k\u00fc\u00e7\u00fck markal\u0131 (2,3,4,5) bir kart d\u00f6nmek, bu renkten on\u00f6r\u00fcm var anlam\u0131ndad\u0131r. \u00a0B\u00fcy\u00fck markal\u0131 bir kart (7,8,9) d\u00f6nmek, bu renkten on\u00f6rs\u00fcz\u00fcm mesaj\u0131n\u0131 iletir. Orta\u011f\u0131n eline giderken de ayn\u0131 y\u00f6ntem uygulanabilir. <\/p>\n\n\n\n<p class=\"wp-block-paragraph\">b-\u00a0Orta\u011f\u0131n \u00e7akas\u0131na giderken d\u00f6n\u00fc\u015f rengi de g\u00f6sterilebilir; B\u00fcy\u00fck markal\u0131 bir kart gitmek, \u2018Ortak, \u00e7akadan sonra kalan renklerden b\u00fcy\u00fc\u011f\u00fcn\u00fc d\u00f6n\u2019.\u00a0 K\u00fc\u00e7\u00fck markal\u0131 kart gitmek, \u2018kalan renklerden k\u00fc\u00e7\u00fc\u011f\u00fcn\u00fc d\u00f6n\u2019 mesajlar\u0131n\u0131 verir.<\/p>\n\n\n\n<p class=\"wp-block-paragraph\">c-&nbsp;Orta\u011f\u0131n rengi d\u00f6n\u00fcl\u00fcrken say\u0131 bildirilebilir. Tekli kartlar tek say\u0131da oldu\u011funu, \u00e7iftli kartlar ise \u00e7ift say\u0131da oldu\u011funu g\u00f6sterir. \u0130stenirse B\u00fcy\u00fck kart-k\u00fc\u00e7\u00fck kart uygulamas\u0131da yap\u0131labilir.<\/p>\n\n\n\n<p class=\"wp-block-paragraph\">d-\u00a0Orta\u011f\u0131n (A) veya (R) ataklar\u0131na on\u00f6r vermek, verilen on\u00f6r\u00fcn bir alt\u0131ndaki on\u00f6r\u00fcn bizde oldu\u011funu g\u00f6sterir. Ancak bu hareket partnerimize <\/p>\n\n\n\n<p class=\"wp-block-paragraph\">&#8216;\u2018bu rengi devam et\u2019&#8217; mesaj\u0131n\u0131 iletmez. Sadece bilgi verir. Karar partnere aittir.<\/p>\n\n\n\n<p class=\"wp-block-paragraph\">e-&nbsp;Oyun sonunda ortak apel vermez, rakip apel verir. Deklaran defoslarda kart atmakta zorlan\u0131yorsa direkt apel vermi\u015f olur. Dekleran\u0131n bo\u015faltt\u0131\u011f\u0131 renk d\u00f6n\u00fcl\u00fcr.<\/p>\n\n\n\n<p class=\"wp-block-paragraph\">TUTUM B\u0130LD\u0130R\u0130EN APELLER :<\/p>\n\n\n\n<p class=\"wp-block-paragraph\">Orta\u011f\u0131n ata\u011f\u0131na ili\u015fkin d\u00fc\u015f\u00fcncemizi ifade eder. Gelinen renk hakk\u0131ndaki tutumumuzu g\u00f6sterir.<\/p>\n\n\n\n<p class=\"wp-block-paragraph\">a.&nbsp;B\u00fcy\u00fck kart vermek devam et be\u011fendim anlam\u0131n\u0131 ta\u015f\u0131r.<\/p>\n\n\n\n<p class=\"wp-block-paragraph\">b.\u00a0K\u00fc\u00e7\u00fck kart vermek gelinen rengin be\u011fenilmedi\u011fini g\u00f6sterir. Uygulamada B\u00dcY\u00dcK APEL ismiyle an\u0131l\u0131r. K\u00dc\u00c7\u00dcK APEL, b\u00fcy\u00fck apelin ters uygulamas\u0131d\u0131r.<\/p>\n\n\n\n<p class=\"wp-block-paragraph\">SAYI B\u0130LD\u0130REN APELLER :\u00a0<\/p>\n\n\n\n<p class=\"wp-block-paragraph\">Gelinen renkteki kart say\u0131m\u0131z\u0131 g\u00f6sterir.<\/p>\n\n\n\n<p class=\"wp-block-paragraph\">a.&nbsp;Oynanan renge k\u00fc\u00e7\u00fck kart vermek tek say\u0131da kart oldu\u011funu bildirir.<\/p>\n\n\n\n<p class=\"wp-block-paragraph\">b.&nbsp;Oynanan renge b\u00fcy\u00fck kart vermek \u00e7ift say\u0131da kart oldu\u011funu bildirir.<\/p>\n\n\n\n<p class=\"wp-block-paragraph\">Uygulamada D\u00dcZ SAYI ismiyle an\u0131l\u0131r. TERS SAYI, d\u00fcz say\u0131n\u0131n ters uygulamas\u0131d\u0131r.<\/p>\n\n\n\n<p class=\"wp-block-paragraph\">RENK TERC\u0130H\u0130 B\u0130LD\u0130REN APELLER :<\/p>\n\n\n\n<p class=\"wp-block-paragraph\">Gelinen renk ve koz d\u0131\u015f\u0131ndaki kalan 2 renkten hangisini tercih etti\u011fimizi g\u00f6sterir.<\/p>\n\n\n\n<p class=\"wp-block-paragraph\">a.&nbsp;Oynanan renge B\u00dcY\u00dcK kart vermek kalan renklerden b\u00fcy\u00fc\u011f\u00fcn\u00fcn gelinmesini ister.<\/p>\n\n\n\n<p class=\"wp-block-paragraph\">b.&nbsp;Oynanan renge K\u00dc\u00c7\u00dcK kart vermek kalan renklerden k\u00fc\u00e7\u00fc\u011f\u00fcn\u00fcn gelinmesini ister.<\/p>\n\n\n\n<h2 id=\"wp-block-themeisle-blocks-advanced-heading-2c7aefb5\" class=\"wp-block-themeisle-blocks-advanced-heading wp-block-themeisle-blocks-advanced-heading-2c7aefb5\">                      DEFOSLAR<\/h2>\n\n\n\n<p class=\"wp-block-paragraph\">Diskart (Defos), Elimizde oynanan renkte kart bulunmamas\u0131 halinde ba\u015fka bir renkte kart verilmesi (koz haricinde) durumudur. <\/p>\n\n\n\n<p class=\"wp-block-paragraph\">Roman Defos \u015fu temellere dayan\u0131r;<\/p>\n\n\n\n<p class=\"wp-block-paragraph\">a-\u00a0Tek say\u0131l\u0131 (3,5,7,9) kart defos edilmesi bu renkte cesaret verir. Orta\u011fa iletilen mesaj,\u00a0\u2018\u2019Be\u011fendim, bu renge devam et\u2019\u2019 anlam\u0131n\u0131 ta\u015f\u0131r.<\/p>\n\n\n\n<p class=\"wp-block-paragraph\">b-\u00a0K\u00fc\u00e7\u00fck \u00e7ift say\u0131l\u0131 (2,4) kart defos edilmesi, kalan renklerden yerin k\u00fc\u00e7\u00fc\u011f\u00fcn\u00fc ister. Orta\u011fa iletilen mesaj\u00a0 \u2018\u2019Be\u011fenmedim, bu rengi gelme, koz haricindeki kalan renklerden yerin k\u00fc\u00e7\u00fc\u011f\u00fcn\u00fc gel\u2019\u2019\u00a0 anlam\u0131ndad\u0131r.<\/p>\n\n\n\n<p class=\"wp-block-paragraph\">c- B\u00fcy\u00fck \u00e7ift say\u0131l\u0131 (8,10) kart defos edilmesi, kalan renklerden yerin b\u00fcy\u00fc\u011f\u00fcn\u00fc ister. Orta\u011fa iletilen mesaj \u2018\u2019Be\u011fenmedim, bu rengi gelme, koz haricindeki kalan renklerden yerin b\u00fcy\u00fc\u011f\u00fcn\u00fc gel\u2019\u2019 manas\u0131ndad\u0131r.<\/p>\n\n\n\n<p class=\"wp-block-paragraph\">Hem ataklarda, hem de defoslarda &nbsp;6\u2019l\u0131 tarafs\u0131z kartt\u0131r. Bu kart herhangi bir tercihi olmad\u0131\u011f\u0131n\u0131 bildirir.<\/p>\n\n\n\n<p class=\"wp-block-paragraph\">B\u00fcy\u00fck, sonra k\u00fc\u00e7\u00fck  \u00a0&#8211;> \u00a0 \u00c7ift say\u0131<\/p>\n\n\n\n<p class=\"wp-block-paragraph\">K\u00fc\u00e7\u00fck, sonra b\u00fcy\u00fck  &#8211;>   Tek say\u0131<\/p>\n\n\n\n<p class=\"wp-block-paragraph\">Bu say\u0131 sinyali orta\u011f\u0131n sanzat\u00fcde RDV ata\u011f\u0131na ya da koz kontrat\u0131na Rua ata\u011f\u0131na kullan\u0131l\u0131r. Tek say\u0131da bir kart oynad\u0131\u011f\u0131m\u0131zda o rengi direkt istiyoruz. \u00c7ift say\u0131lar ise preferansiyel oluyor: B\u00fcy\u00fck \u00e7ift kalan renklerin b\u00fcy\u00fc\u011f\u00fcn\u00fc, k\u00fc\u00e7\u00fck \u00e7ift ise kalan renklerin k\u00fc\u00e7\u00fc\u011f\u00fcn\u00fc istiyor.<\/p>\n\n\n\n<p class=\"wp-block-paragraph\"><\/p>\n","protected":false},"excerpt":{"rendered":"<p>A-) KOZ ATAKLARI ORTAK OC (OverCall \u2013 Araya Giri\u015f) YAPMADI\u011eINDA ORTAK OC YAPTI\u011eINDA B-) SANZATU ATAKLARI C-) ATAK ST\u0130LLER\u0130 D-) F\u0130T BULUNAN RENK Bri\u00e7 oyununda ilk kart\u0131n atak edilmesiyle birlikte, ortaklar aras\u0131nda sinyalizasyon (Apel-Legal i\u015faretle\u015fme) ba\u015flar ve oyun s\u00fcresince devam eder. \u00c7ok \u00e7e\u015fitli apel sistemleri vard\u0131r. Her ortakl\u0131k kendi apel sistemini olu\u015fturabilir. Bri\u00e7 d\u00fcnyas\u0131nda yayg\u0131n&#8230;<\/p>\n","protected":false},"author":1,"featured_media":0,"parent":0,"menu_order":0,"comment_status":"closed","ping_status":"closed","template":"","meta":{"_crdt_document":"","_themeisle_gutenberg_block_has_review":false,"_kad_post_transparent":"","_kad_post_title":"","_kad_post_layout":"","_kad_post_sidebar_id":"","_kad_post_content_style":"","_kad_post_vertical_padding":"","_kad_post_feature":"","_kad_post_feature_position":"","_kad_post_header":false,"_kad_post_footer":false,"_kad_post_classname":"","footnotes":""},"class_list":["post-6445","page","type-page","status-publish","hentry"],"yoast_head":"<!-- This site is optimized with the Yoast SEO plugin v27.0 - https:\/\/yoast.com\/product\/yoast-seo-wordpress\/ -->\n<title>6. Ders - HAP BR\u0130\u00c7<\/title>\n<meta name=\"robots\" content=\"index, follow, max-snippet:-1, max-image-preview:large, max-video-preview:-1\" \/>\n<link rel=\"canonical\" href=\"https:\/\/bridgehap.com\/?page_id=6445\" \/>\n<meta property=\"og:locale\" content=\"tr_TR\" \/>\n<meta property=\"og:type\" content=\"article\" \/>\n<meta property=\"og:title\" content=\"6. Ders - HAP BR\u0130\u00c7\" \/>\n<meta property=\"og:description\" content=\"A-) KOZ ATAKLARI ORTAK OC (OverCall \u2013 Araya Giri\u015f) YAPMADI\u011eINDA ORTAK OC YAPTI\u011eINDA B-) SANZATU ATAKLARI C-) ATAK ST\u0130LLER\u0130 D-) F\u0130T BULUNAN RENK Bri\u00e7 oyununda ilk kart\u0131n atak edilmesiyle birlikte, ortaklar aras\u0131nda sinyalizasyon (Apel-Legal i\u015faretle\u015fme) ba\u015flar ve oyun s\u00fcresince devam eder. \u00c7ok \u00e7e\u015fitli apel sistemleri vard\u0131r. Her ortakl\u0131k kendi apel sistemini olu\u015fturabilir. Bri\u00e7 d\u00fcnyas\u0131nda yayg\u0131n...\" \/>\n<meta property=\"og:url\" content=\"https:\/\/bridgehap.com\/?page_id=6445\" \/>\n<meta property=\"og:site_name\" content=\"HAP BR\u0130\u00c7\" \/>\n<meta property=\"article:modified_time\" content=\"2026-03-27T08:08:37+00:00\" \/>\n<meta name=\"twitter:card\" content=\"summary_large_image\" \/>\n<meta name=\"twitter:label1\" content=\"Tahmini okuma s\u00fcresi\" \/>\n\t<meta name=\"twitter:data1\" content=\"5 dakika\" \/>\n<script type=\"application\/ld+json\" class=\"yoast-schema-graph\">{\"@context\":\"https:\/\/schema.org\",\"@graph\":[{\"@type\":\"WebPage\",\"@id\":\"https:\/\/bridgehap.com\/?page_id=6445\",\"url\":\"https:\/\/bridgehap.com\/?page_id=6445\",\"name\":\"6. Ders - HAP BR\u0130\u00c7\",\"isPartOf\":{\"@id\":\"https:\/\/bridgehap.com\/#website\"},\"datePublished\":\"2026-02-21T18:19:32+00:00\",\"dateModified\":\"2026-03-27T08:08:37+00:00\",\"breadcrumb\":{\"@id\":\"https:\/\/bridgehap.com\/?page_id=6445#breadcrumb\"},\"inLanguage\":\"tr\",\"potentialAction\":[{\"@type\":\"ReadAction\",\"target\":[\"https:\/\/bridgehap.com\/?page_id=6445\"]}]},{\"@type\":\"BreadcrumbList\",\"@id\":\"https:\/\/bridgehap.com\/?page_id=6445#breadcrumb\",\"itemListElement\":[{\"@type\":\"ListItem\",\"position\":1,\"name\":\"Anasayfa\",\"item\":\"https:\/\/bridgehap.com\/\"},{\"@type\":\"ListItem\",\"position\":2,\"name\":\"6. Ders\"}]},{\"@type\":\"WebSite\",\"@id\":\"https:\/\/bridgehap.com\/#website\",\"url\":\"https:\/\/bridgehap.com\/\",\"name\":\"HAP BR\u0130\u00c7\",\"description\":\"\",\"publisher\":{\"@id\":\"https:\/\/bridgehap.com\/#organization\"},\"potentialAction\":[{\"@type\":\"SearchAction\",\"target\":{\"@type\":\"EntryPoint\",\"urlTemplate\":\"https:\/\/bridgehap.com\/?s={search_term_string}\"},\"query-input\":{\"@type\":\"PropertyValueSpecification\",\"valueRequired\":true,\"valueName\":\"search_term_string\"}}],\"inLanguage\":\"tr\"},{\"@type\":\"Organization\",\"@id\":\"https:\/\/bridgehap.com\/#organization\",\"name\":\"HAP BR\u0130\u00c7\",\"url\":\"https:\/\/bridgehap.com\/\",\"logo\":{\"@type\":\"ImageObject\",\"inLanguage\":\"tr\",\"@id\":\"https:\/\/bridgehap.com\/#\/schema\/logo\/image\/\",\"url\":\"https:\/\/bridgehap.com\/wp-content\/uploads\/2026\/02\/cropped-6-1-1.jpg\",\"contentUrl\":\"https:\/\/bridgehap.com\/wp-content\/uploads\/2026\/02\/cropped-6-1-1.jpg\",\"width\":67,\"height\":58,\"caption\":\"HAP BR\u0130\u00c7\"},\"image\":{\"@id\":\"https:\/\/bridgehap.com\/#\/schema\/logo\/image\/\"}}]}<\/script>\n<!-- \/ Yoast SEO plugin. -->","yoast_head_json":{"title":"6. Ders - HAP BR\u0130\u00c7","robots":{"index":"index","follow":"follow","max-snippet":"max-snippet:-1","max-image-preview":"max-image-preview:large","max-video-preview":"max-video-preview:-1"},"canonical":"https:\/\/bridgehap.com\/?page_id=6445","og_locale":"tr_TR","og_type":"article","og_title":"6. Ders - HAP BR\u0130\u00c7","og_description":"A-) KOZ ATAKLARI ORTAK OC (OverCall \u2013 Araya Giri\u015f) YAPMADI\u011eINDA ORTAK OC YAPTI\u011eINDA B-) SANZATU ATAKLARI C-) ATAK ST\u0130LLER\u0130 D-) F\u0130T BULUNAN RENK Bri\u00e7 oyununda ilk kart\u0131n atak edilmesiyle birlikte, ortaklar aras\u0131nda sinyalizasyon (Apel-Legal i\u015faretle\u015fme) ba\u015flar ve oyun s\u00fcresince devam eder. \u00c7ok \u00e7e\u015fitli apel sistemleri vard\u0131r. Her ortakl\u0131k kendi apel sistemini olu\u015fturabilir. Bri\u00e7 d\u00fcnyas\u0131nda yayg\u0131n...","og_url":"https:\/\/bridgehap.com\/?page_id=6445","og_site_name":"HAP BR\u0130\u00c7","article_modified_time":"2026-03-27T08:08:37+00:00","twitter_card":"summary_large_image","twitter_misc":{"Tahmini okuma s\u00fcresi":"5 dakika"},"schema":{"@context":"https:\/\/schema.org","@graph":[{"@type":"WebPage","@id":"https:\/\/bridgehap.com\/?page_id=6445","url":"https:\/\/bridgehap.com\/?page_id=6445","name":"6. Ders - HAP BR\u0130\u00c7","isPartOf":{"@id":"https:\/\/bridgehap.com\/#website"},"datePublished":"2026-02-21T18:19:32+00:00","dateModified":"2026-03-27T08:08:37+00:00","breadcrumb":{"@id":"https:\/\/bridgehap.com\/?page_id=6445#breadcrumb"},"inLanguage":"tr","potentialAction":[{"@type":"ReadAction","target":["https:\/\/bridgehap.com\/?page_id=6445"]}]},{"@type":"BreadcrumbList","@id":"https:\/\/bridgehap.com\/?page_id=6445#breadcrumb","itemListElement":[{"@type":"ListItem","position":1,"name":"Anasayfa","item":"https:\/\/bridgehap.com\/"},{"@type":"ListItem","position":2,"name":"6. Ders"}]},{"@type":"WebSite","@id":"https:\/\/bridgehap.com\/#website","url":"https:\/\/bridgehap.com\/","name":"HAP BR\u0130\u00c7","description":"","publisher":{"@id":"https:\/\/bridgehap.com\/#organization"},"potentialAction":[{"@type":"SearchAction","target":{"@type":"EntryPoint","urlTemplate":"https:\/\/bridgehap.com\/?s={search_term_string}"},"query-input":{"@type":"PropertyValueSpecification","valueRequired":true,"valueName":"search_term_string"}}],"inLanguage":"tr"},{"@type":"Organization","@id":"https:\/\/bridgehap.com\/#organization","name":"HAP BR\u0130\u00c7","url":"https:\/\/bridgehap.com\/","logo":{"@type":"ImageObject","inLanguage":"tr","@id":"https:\/\/bridgehap.com\/#\/schema\/logo\/image\/","url":"https:\/\/bridgehap.com\/wp-content\/uploads\/2026\/02\/cropped-6-1-1.jpg","contentUrl":"https:\/\/bridgehap.com\/wp-content\/uploads\/2026\/02\/cropped-6-1-1.jpg","width":67,"height":58,"caption":"HAP BR\u0130\u00c7"},"image":{"@id":"https:\/\/bridgehap.com\/#\/schema\/logo\/image\/"}}]}},"_links":{"self":[{"href":"https:\/\/bridgehap.com\/index.php?rest_route=\/wp\/v2\/pages\/6445","targetHints":{"allow":["GET"]}}],"collection":[{"href":"https:\/\/bridgehap.com\/index.php?rest_route=\/wp\/v2\/pages"}],"about":[{"href":"https:\/\/bridgehap.com\/index.php?rest_route=\/wp\/v2\/types\/page"}],"author":[{"embeddable":true,"href":"https:\/\/bridgehap.com\/index.php?rest_route=\/wp\/v2\/users\/1"}],"replies":[{"embeddable":true,"href":"https:\/\/bridgehap.com\/index.php?rest_route=%2Fwp%2Fv2%2Fcomments&post=6445"}],"version-history":[{"count":5,"href":"https:\/\/bridgehap.com\/index.php?rest_route=\/wp\/v2\/pages\/6445\/revisions"}],"predecessor-version":[{"id":6950,"href":"https:\/\/bridgehap.com\/index.php?rest_route=\/wp\/v2\/pages\/6445\/revisions\/6950"}],"wp:attachment":[{"href":"https:\/\/bridgehap.com\/index.php?rest_route=%2Fwp%2Fv2%2Fmedia&parent=6445"}],"curies":[{"name":"wp","href":"https:\/\/api.w.org\/{rel}","templated":true}]}}