{"id":6447,"date":"2026-02-21T21:20:08","date_gmt":"2026-02-21T18:20:08","guid":{"rendered":"http:\/\/localhost\/wordpress\/?page_id=6447"},"modified":"2026-03-27T11:38:07","modified_gmt":"2026-03-27T08:38:07","slug":"7-ders","status":"publish","type":"page","link":"https:\/\/bridgehap.com\/?page_id=6447","title":{"rendered":"7. Ders"},"content":{"rendered":"\n<h2 id=\"wp-block-themeisle-blocks-advanced-heading-6f33e80f\" class=\"wp-block-themeisle-blocks-advanced-heading wp-block-themeisle-blocks-advanced-heading-6f33e80f\">                      KONTUR KONU\u015eMALARI<\/h2>\n\n\n\n<p class=\"wp-block-paragraph\"><a><\/a><a><\/a><a><\/a><strong>BR\u0130\u00c7TE KONTURLAR<\/strong><\/p>\n\n\n\n<p class=\"wp-block-paragraph\">Bri\u00e7te pas ve kontur \u00e7ok \u00f6nemlidir. \u0130yi bri\u00e7 oynayabilmek i\u00e7in konturlar\u0131 do\u011fru kullanmak gerekir.\u00a0\u00a0Pek \u00e7ok kontur t\u00fcr\u00fc vard\u0131r, bunlar orta\u011fa elinizi anlatma \u015feklidir. <strong><br><br><\/strong>1 \u2013 T\/O (TAKE OUT DBL) &#8211; konu\u015f ortak:<\/p>\n\n\n\n<p class=\"wp-block-paragraph\">Rakip oyun a\u00e7t\u0131\u011f\u0131 zaman kontur, di\u011fer renklere a\u00e7\u0131\u011f\u0131m biz oynayabilir miyiz demektir.\u00a0 Basit renk overcallar\u0131na uymayan ve 13+ puanla konu\u015fan eldir. Di\u011fer renklere en az 3 kart tutu\u015f olmal\u0131d\u0131r. Bu tutu\u015f, min\u00f6r renklere 3-5 kart, maj\u00f6r renklere 3-4 kart \u015feklinde olur.<\/p>\n\n\n\n<p class=\"wp-block-paragraph\">17+ puanl\u0131 ellerle Dbl ile ba\u015flan\u0131r ve her renge 3 kart tutu\u015f garanti etmez.<\/p>\n\n\n\n<p class=\"wp-block-paragraph\">\u00d6rnek: 1x &#8211; Kontr&nbsp;&nbsp;&nbsp;&nbsp;&nbsp;&nbsp;&nbsp;&nbsp;&nbsp;&nbsp; 2x \u2013 Kontr<\/p>\n\n\n\n<p class=\"wp-block-paragraph\"><br>2 \u2013 PENLTY DBL  \u2013 ceza:<\/p>\n\n\n\n<p class=\"wp-block-paragraph\">Onlar en az 2 batacak ortak demektir, bir batara ceza konturu atmak do\u011fru de\u011fildir!<\/p>\n\n\n\n<p class=\"wp-block-paragraph\">\u00d6rnek: 1NT &#8211; Kontr\u00a0\u00a0\u00a0\u00a0\u00a0\u00a0\u00a0  \u00a03x \u2013 Kontr \u2013 Pas &#8211; Pas\u00a0\u00a0\u00a0 \u00a0\u00a0\u00a0  \u00a01x \u2013 Pas &#8211; 1NT- Pas<br>\u00a0\u00a0\u00a0\u00a0\u00a0\u00a0\u00a0\u00a0\u00a0\u00a0\u00a0\u00a0\u00a0\u00a0\u00a0\u00a0\u00a0\u00a0\u00a0\u00a0\u00a0\u00a0\u00a0\u00a0\u00a0\u00a0\u00a0\u00a0\u00a0\u00a0\u00a0\u00a0\u00a0\u00a0\u00a0\u00a0\u00a0\u00a0\u00a0\u00a0\u00a0\u00a0\u00a0\u00a0\u00a0\u00a0\u00a0\u00a0\u00a0\u00a0\u00a0\u00a0\u00a0\u00a0\u00a0\u00a0\u00a0\u00a0\u00a0\u00a0\u00a0\u00a0\u00a0\u00a0\u00a0\u00a0\u00a0\u00a0\u00a0\u00a0\u00a0\u00a0\u00a0\u00a0\u00a0\u00a0\u00a0\u00a0\u00a0\u00a0\u00a0\u00a0\u00a0 \u00a02x &#8211; Kontr\u00a0<br>3 \u2013 NEGATIVE DBL \u2013<\/p>\n\n\n\n<p class=\"wp-block-paragraph\">Bende bu renk k\u0131sa, bize bir renk olabilir, konu\u015fabilir misin, ne seviyede oynamak istersin, demektir.<\/p>\n\n\n\n<p class=\"wp-block-paragraph\">\u00d6rnek:  1x-1y-Kontr\u00a0\u00a0\u00a0    \u00a01x-2y-Kontr<\/p>\n\n\n\n<p class=\"wp-block-paragraph\"><br>4 \u2013 COMPETITIVE DBL-<\/p>\n\n\n\n<p class=\"wp-block-paragraph\">Bir \u00fcst seviyeye kadar el bize ait, bende \u00fcst seviyede iki renk var, birini se\u00e7 demektir.<\/p>\n\n\n\n<p class=\"wp-block-paragraph\">Orta\u011f\u0131 zona davet etme, partscore&#8217; da kalma veya ceza pas\u0131na b\u0131rakmas\u0131 i\u00e7in kullan\u0131l\u0131r. En iyi kontrat\u0131 bulmay\u0131 sa\u011flar.<\/p>\n\n\n\n<p class=\"wp-block-paragraph\">\u00d6rnek: 1x&nbsp;&nbsp; &#8211; 2y&nbsp;&nbsp; &#8211; 2x&nbsp;&nbsp;&nbsp;&nbsp;&nbsp; &#8211;&nbsp; 3y<br>&nbsp;&nbsp;&nbsp;&nbsp;&nbsp;&nbsp;&nbsp;&nbsp;&nbsp;&nbsp;&nbsp;&nbsp;Pas \u2013 Pas &#8211; Kontr<\/p>\n\n\n\n<p class=\"wp-block-paragraph\">5 \u2013 RESPONSIVE DBL \u2013<\/p>\n\n\n\n<p class=\"wp-block-paragraph\">Bende de konu\u015facak el var ancak hangi rengi se\u00e7ece\u011fimi bilemiyorum, sen s\u00f6yler misin, demektir.<\/p>\n\n\n\n<p class=\"wp-block-paragraph\">Rakiplerin oyun a\u00e7t\u0131\u011f\u0131 ve birbirlerini destekledi\u011fi durumlarda (Opponents&nbsp;Bid&nbsp;And&nbsp;Rise-OBAR) orta\u011f\u0131n konu\u015ftu\u011fu veya vaadetti\u011fi renk d\u0131\u015f\u0131ndaki di\u011fer 2 renkte de\u011ferler ve uzunluk g\u00f6stermek i\u00e7in kullan\u0131l\u0131r.&nbsp;Dr F Fielding-Reid&nbsp;taraf\u0131ndan geli\u015ftirilmi\u015ftir. Da\u011f\u0131l\u0131m puanlar\u0131yla birlikte 2 seviyesi i\u00e7in en az 8 puan, 3 seviyesi i\u00e7in 11 puan gerekir. Ortak araya girmi\u015fse bu kontr ile di\u011fer 2 renk, ortak kontr atm\u0131\u015fsa bu kontr ile maj\u00f6rler veya min\u00f6rler oldu\u011fu belirtilir.<\/p>\n\n\n\n<p class=\"wp-block-paragraph\">\u00d6rnek:  1x &#8211; 1y &#8211; 2x &#8211; Kontr\u00a0\u00a0\u00a0\u00a0\u00a0\u00a0\u00a0\u00a0\u00a0\u00a0 \u00a01x \u2013 Kontr &#8211; 2x \u2013 Kontr<\/p>\n\n\n\n<p class=\"wp-block-paragraph\"><br>6 \u2013 OPTIONAL DBL \u2013<\/p>\n\n\n\n<p class=\"wp-block-paragraph\">\u0130stersen bir renk s\u00f6yle, istersen cezaya \u00e7evir, sen karar ver, demektir .<\/p>\n\n\n\n<p class=\"wp-block-paragraph\">Bir \u00e7e\u015fit cooperative konturdur. Rakiplerin geldikleri kontrat\u0131 bat\u0131rmaya yetecek puan, dengeli-yar\u0131 dengeli el ve okunmam\u0131\u015f renklere destek g\u00f6sterir. Orta\u011f\u0131n cezaya \u00e7evirme veya deklereye devam etme tercih ve karar\u0131n\u0131 vermesi i\u00e7in kullan\u0131l\u0131r. Genellikle 3 ve 4 seviyelerindeki preemptive konu\u015fmalarda uygulan\u0131r. Daha d\u00fc\u015f\u00fck ve daha y\u00fcksek seviyelerdeki preemptive konu\u015fmalarda uygulanmas\u0131 \u00f6nerilmez. \u0130yi 16<sup>+<\/sup>\u00a0puan ve maj\u00f6rlere 4-3 fit veya di\u011fer maj\u00f6r olan 4-4-3 fit uygun olur.<\/p>\n\n\n\n<p class=\"wp-block-paragraph\">\u00d6rnek:  3x-Kontr\u00a0\u00a0 \u00a0 4x-Kontr\u00a0\u00a0\u00a0   4x-Pas-Pas-Kontr\u00a0\u00a0\u00a0  1x-Pas-4y-Kontr<\/p>\n\n\n\n<p class=\"wp-block-paragraph\"><br>7 \u2013 REOPENING DBL \u2013<\/p>\n\n\n\n<p class=\"wp-block-paragraph\">Bu seviyede durduklar\u0131na g\u00f6re, bu bord bize ait olabilir, konu\u015fal\u0131m, demektir. Yeniden Uyand\u0131rma Konturu da denir. Oyun a\u00e7t\u0131ktan sonra rakip araya girdi\u011finde 2 pastan sonra yap\u0131l\u0131r. Rakibin d\u00fc\u015f\u00fck seviyede kontrat oynamamas\u0131 i\u00e7in veya rakibin rengini cezaland\u0131rmak i\u00e7in kullan\u0131l\u0131r.<\/p>\n\n\n\n<p class=\"wp-block-paragraph\">\u00d6rnek:     1x  &#8211;  1y  \u2013  Pas  &#8211;  Pas<br>\u00a0\u00a0\u00a0\u00a0\u00a0\u00a0\u00a0\u00a0\u00a0\u00a0\u00a0\u00a0\u00a0\u00a0\u00a0 Kontr<\/p>\n\n\n\n<p class=\"wp-block-paragraph\"><br>8 \u2013 COOPERATIVE DBL \u2013<\/p>\n\n\n\n<p class=\"wp-block-paragraph\">Ortak bende yeterli puan ve di\u011fer renkler var, senin konu\u015ftu\u011fun renge de on\u00f6r ikili deste\u011fim var, ne diyelim, demektir.<\/p>\n\n\n\n<p class=\"wp-block-paragraph\">Orta\u011f\u0131n cezaya \u00e7evirme veya deklereye devam etme tercih, karar ve f\u0131rsat\u0131n\u0131 vermesi i\u00e7in kullan\u0131l\u0131r. \u00c7o\u011funlukla d\u00fc\u015f\u00fck seviyelerindeki konu\u015fmalarda uygulan\u0131r. Genellikle 2 seviyesine ula\u015fmaz veya 3 seviyesini ge\u00e7mez.<\/p>\n\n\n\n<p class=\"wp-block-paragraph\">\u00d6rnek:    1x &#8211; 1y &#8211; 2x &#8211; 2y\u00a0\u00a0\u00a0\u00a0\u00a0\u00a0\u00a0\u00a0\u00a0     1x &#8211; 2y &#8211; Pas &#8211; Pas\u00a0\u00a0\u00a0\u00a0\u00a0\u00a0\u00a0\u00a0\u00a0\u00a0 1x &#8211; Pas &#8211; Pas &#8211; Kontr<br>\u00a0\u00a0\u00a0\u00a0\u00a0\u00a0\u00a0\u00a0\u00a0\u00a0\u00a0\u00a0\u00a0\u00a0\u00a0 Pas-Pas-Kontr\u00a0\u00a0\u00a0\u00a0 \u00a0           2z &#8211; Pas -Pas &#8211; Kontr\u00a0\u00a0\u00a0    1y &#8211; 2z &#8211;  Pas  &#8211; Pas<br>\u00a0\u00a0\u00a0\u00a0\u00a0\u00a0\u00a0\u00a0\u00a0\u00a0\u00a0\u00a0\u00a0\u00a0\u00a0\u00a0\u00a0\u00a0\u00a0\u00a0\u00a0\u00a0\u00a0\u00a0\u00a0\u00a0\u00a0\u00a0\u00a0\u00a0\u00a0\u00a0\u00a0\u00a0\u00a0\u00a0\u00a0\u00a0\u00a0\u00a0\u00a0\u00a0\u00a0\u00a0\u00a0\u00a0\u00a0\u00a0\u00a0\u00a0\u00a0\u00a0\u00a0\u00a0\u00a0\u00a0\u00a0\u00a0\u00a0\u00a0\u00a0\u00a0\u00a0\u00a0\u00a0\u00a0\u00a0\u00a0\u00a0\u00a0\u00a0\u00a0\u00a0\u00a0\u00a0\u00a0\u00a0\u00a0\u00a0                Kontr<br>9 \u2013 MAXIMAL O\/C  \u2013<\/p>\n\n\n\n<p class=\"wp-block-paragraph\">Ortak sen pas dedin ama bende iyi puan ve tek renkli el var veya \u00fcst\u00fcnde bir rengim daha var, hangisini se\u00e7elim, demektir.<\/p>\n\n\n\n<p class=\"wp-block-paragraph\">Maksimal araya girme konturu da denir. Bir \u00e7e\u015fit competitive kontrdur.<\/p>\n\n\n\n<p class=\"wp-block-paragraph\">\u00d6rnek:      1\u2660 &#8211; 2\u2665 &#8211; 2\u2660 &#8211; 3\u2665<br>\u00a0\u00a0\u00a0\u00a0\u00a0\u00a0\u00a0\u00a0\u00a0\u00a0\u00a0\u00a0\u00a0\u00a0\u00a0\u00a0\u00a0Kontr<\/p>\n\n\n\n<p class=\"wp-block-paragraph\"><br>10 \u2013 LEAD DIRECTING  DBL \u2013<\/p>\n\n\n\n<p class=\"wp-block-paragraph\">Ortak onlar sanzatu veya renk oynarsa bu rengi \u00e7\u0131k, atak d\u00fc\u015f\u00fcnd\u00fc\u011f\u00fcn renk bana uymayacak demektir.<\/p>\n\n\n\n<p class=\"wp-block-paragraph\">Atak G\u00f6sterme Kontru da denir. Daha \u00f6nce kontur edilmi\u015f rengi veya yerin rengini a\u00e7\u0131lmay\u0131 ister. <\/p>\n\n\n\n<p class=\"wp-block-paragraph\">\u00d6ncelik s\u0131ras\u0131na g\u00f6re: 1) Atak edenin okudu\u011fu rengi, 2) Kontur atan\u0131n rengini, 3) Yerin ilk rengini, 4) Hi\u00e7 bir renk okunmam\u0131\u015fsa zay\u0131f ve k\u0131sa maj\u00f6r\u00fc \u00e7\u0131kmas\u0131n\u0131 ister. <\/p>\n\n\n\n<p class=\"wp-block-paragraph\">3NT kontrat\u0131na (2NT ve 4NT&#8217; ye de uygulanabilir) kar\u015f\u0131 uyguland\u0131\u011f\u0131nda \u015funlara dikkat etmek gerekir: a) Araya girmemize ra\u011fmen ortak 2 seviyesinde destek vermemi\u015fse, yerin rengini \u00e7\u0131kmas\u0131n\u0131, b) Araya girmemize ra\u011fmen ortak 2 seviyesinde destek vermeye f\u0131rsat bulamam\u0131\u015f ise, atak edenin rengini \u00e7\u0131kmas\u0131n\u0131, c) Ortak maj\u00f6r overcall&#8217; \u0131 yapm\u0131\u015f ve sonra kontrluyorsa, di\u011fer rengini istiyordur ki k\u0131sa min\u00f6r\u00fc \u00e7\u0131kmas\u0131n\u0131, d) Herkes farkl\u0131 renk konu\u015fmu\u015fsa, yerin 1 seviyesinde okudu\u011fu rengi \u00e7\u0131kmas\u0131n\u0131 veya yerin ilk rengi 2 seviyesinde okunmu\u015fsa orta\u011f\u0131n rengini \u00e7\u0131kmas\u0131n\u0131 ister.<\/p>\n\n\n\n<p class=\"wp-block-paragraph\">\u00d6rnek: 1NT &#8211; Pas &#8211; 3NT &#8211; Kontr\u00a0\u00a0\u00a0          1NT &#8211; Pas &#8211; 2\u2663 &#8211; Kontr\u00a0\u00a0\u00a0     1x &#8211; Pas &#8211; 2NT &#8211; Pas<br>\u00a0\u00a0\u00a0\u00a0\u00a0\u00a0\u00a0\u00a0\u00a0\u00a0\u00a0\u00a0\u00a0\u00a0\u00a0\u00a0\u00a0\u00a0\u00a0\u00a0\u00a0\u00a0\u00a0\u00a0\u00a0\u00a0\u00a0\u00a0\u00a0\u00a0\u00a0\u00a0\u00a0\u00a0\u00a0\u00a0\u00a0\u00a0\u00a0\u00a0\u00a0\u00a0\u00a0\u00a0\u00a0\u00a0\u00a0\u00a0\u00a0\u00a0\u00a0\u00a0\u00a0\u00a0\u00a0\u00a0\u00a0\u00a0\u00a0\u00a0\u00a0\u00a0\u00a0\u00a0\u00a0\u00a0\u00a0\u00a0\u00a0\u00a0\u00a0\u00a0\u00a0\u00a0\u00a0\u00a0\u00a0\u00a0\u00a0\u00a0\u00a0\u00a0\u00a0\u00a0\u00a0\u00a0\u00a0\u00a0\u00a0                 Pas-Kontr<br>11 \u2013 SUPPORT DBL \u2013<\/p>\n\n\n\n<p class=\"wp-block-paragraph\">Ortak s\u00f6yledi\u011fin renk bende \u00fc\u00e7 adet, sende be\u015fli ise oynamak uygun, s\u00f6yledi\u011fin renk d\u00f6rtl\u00fc ise a\u00e7t\u0131\u011f\u0131m renk veya sanzatu olabilir, demektir.<\/p>\n\n\n\n<p class=\"wp-block-paragraph\">A\u00e7an\u0131n orta\u011f\u0131 1 seviyesinde yeni bir renk s\u00f6yledi\u011finde ve rakip d\u00fc\u015f\u00fck seviyede araya girdi\u011finde 3 kart deste\u011fi oldu\u011funu g\u00f6stermek i\u00e7in kullan\u0131l\u0131r. <\/p>\n\n\n\n<p class=\"wp-block-paragraph\">\u00d6rnek:   1x &#8211; Pas &#8211; 1M &#8211; 1y\u00a0\u00a0\u00a0       1x &#8211; Pas &#8211; 1M &#8211; 2y\u00a0\u00a0      \u00a0 1x &#8211; 1y &#8211; 1M &#8211; 2y<br>\u00a0\u00a0\u00a0\u00a0\u00a0\u00a0\u00a0\u00a0\u00a0\u00a0\u00a0\u00a0\u00a0\u00a0Kontr\u00a0\u00a0\u00a0\u00a0\u00a0\u00a0\u00a0\u00a0\u00a0\u00a0\u00a0\u00a0\u00a0\u00a0             \u00a0\u00a0\u00a0Kontr\u00a0\u00a0\u00a0\u00a0\u00a0\u00a0\u00a0\u00a0\u00a0\u00a0\u00a0\u00a0\u00a0\u00a0\u00a0\u00a0\u00a0\u00a0            Kontr<\/p>\n\n\n\n<p class=\"wp-block-paragraph\"><br>12 \u2013 DOPI DBL \u2013<\/p>\n\n\n\n<p class=\"wp-block-paragraph\">Ortak as sordun, bende as yok, demektir .<\/p>\n\n\n\n<p class=\"wp-block-paragraph\">13- BALANCING &#8211; <\/p>\n\n\n\n<p class=\"wp-block-paragraph\">Uyand\u0131rma Konturu da denir. 4\u00fcnc\u00fc pozisyonda olup 2 pastan sonra orta\u011f\u0131n puanlar\u0131 oldu\u011funu hesaba katarak yap\u0131l\u0131r. Genellikle yar\u0131\u015fma ama\u00e7l\u0131, bazen de cezaland\u0131rmak ama\u00e7l\u0131 kullan\u0131l\u0131r.<\/p>\n\n\n\n<p class=\"wp-block-paragraph\">\u00d6rnek: 1x &#8211; Pas &#8211; Pas &#8211; Kontr\u00a0\u00a0\u00a0         1x &#8211; Pas &#8211; 2x &#8211; Pas\u00a0\u00a0      \u00a0 1x &#8211; Pas &#8211; 1y &#8211; Pas<br>\u00a0\u00a0\u00a0\u00a0\u00a0\u00a0\u00a0\u00a0\u00a0\u00a0\u00a0\u00a0\u00a0\u00a0\u00a0\u00a0\u00a0\u00a0\u00a0\u00a0\u00a0\u00a0\u00a0\u00a0\u00a0\u00a0\u00a0\u00a0\u00a0\u00a0\u00a0\u00a0\u00a0\u00a0\u00a0\u00a0\u00a0\u00a0\u00a0\u00a0\u00a0\u00a0\u00a0\u00a0\u00a0\u00a0\u00a0\u00a0          Pas-Kontr\u00a0\u00a0\u00a0\u00a0\u00a0\u00a0\u00a0\u00a0\u00a0\u00a0            1NT-Pas-Pas-Kontr<br><br><\/p>\n\n\n\n<p class=\"wp-block-paragraph\"><\/p>\n","protected":false},"excerpt":{"rendered":"<p>BR\u0130\u00c7TE KONTURLAR Bri\u00e7te pas ve kontur \u00e7ok \u00f6nemlidir. \u0130yi bri\u00e7 oynayabilmek i\u00e7in konturlar\u0131 do\u011fru kullanmak gerekir.\u00a0\u00a0Pek \u00e7ok kontur t\u00fcr\u00fc vard\u0131r, bunlar orta\u011fa elinizi anlatma \u015feklidir. 1 \u2013 T\/O (TAKE OUT DBL) &#8211; konu\u015f ortak: Rakip oyun a\u00e7t\u0131\u011f\u0131 zaman kontur, di\u011fer renklere a\u00e7\u0131\u011f\u0131m biz oynayabilir miyiz demektir.\u00a0 Basit renk overcallar\u0131na uymayan ve 13+ puanla konu\u015fan eldir&#8230;.<\/p>\n","protected":false},"author":1,"featured_media":0,"parent":0,"menu_order":0,"comment_status":"closed","ping_status":"closed","template":"","meta":{"_crdt_document":"","_themeisle_gutenberg_block_has_review":false,"_kad_post_transparent":"","_kad_post_title":"","_kad_post_layout":"","_kad_post_sidebar_id":"","_kad_post_content_style":"","_kad_post_vertical_padding":"","_kad_post_feature":"","_kad_post_feature_position":"","_kad_post_header":false,"_kad_post_footer":false,"_kad_post_classname":"","footnotes":""},"class_list":["post-6447","page","type-page","status-publish","hentry"],"yoast_head":"<!-- This site is optimized with the Yoast SEO plugin v27.0 - https:\/\/yoast.com\/product\/yoast-seo-wordpress\/ -->\n<title>7. Ders - HAP BR\u0130\u00c7<\/title>\n<meta name=\"robots\" content=\"index, follow, max-snippet:-1, max-image-preview:large, max-video-preview:-1\" \/>\n<link rel=\"canonical\" href=\"https:\/\/bridgehap.com\/?page_id=6447\" \/>\n<meta property=\"og:locale\" content=\"tr_TR\" \/>\n<meta property=\"og:type\" content=\"article\" \/>\n<meta property=\"og:title\" content=\"7. Ders - HAP BR\u0130\u00c7\" \/>\n<meta property=\"og:description\" content=\"BR\u0130\u00c7TE KONTURLAR Bri\u00e7te pas ve kontur \u00e7ok \u00f6nemlidir. \u0130yi bri\u00e7 oynayabilmek i\u00e7in konturlar\u0131 do\u011fru kullanmak gerekir.\u00a0\u00a0Pek \u00e7ok kontur t\u00fcr\u00fc vard\u0131r, bunlar orta\u011fa elinizi anlatma \u015feklidir. 1 \u2013 T\/O (TAKE OUT DBL) &#8211; konu\u015f ortak: Rakip oyun a\u00e7t\u0131\u011f\u0131 zaman kontur, di\u011fer renklere a\u00e7\u0131\u011f\u0131m biz oynayabilir miyiz demektir.\u00a0 Basit renk overcallar\u0131na uymayan ve 13+ puanla konu\u015fan eldir....\" \/>\n<meta property=\"og:url\" content=\"https:\/\/bridgehap.com\/?page_id=6447\" \/>\n<meta property=\"og:site_name\" content=\"HAP BR\u0130\u00c7\" \/>\n<meta property=\"article:modified_time\" content=\"2026-03-27T08:38:07+00:00\" \/>\n<meta name=\"twitter:card\" content=\"summary_large_image\" \/>\n<meta name=\"twitter:label1\" content=\"Tahmini okuma s\u00fcresi\" \/>\n\t<meta name=\"twitter:data1\" content=\"5 dakika\" \/>\n<script type=\"application\/ld+json\" class=\"yoast-schema-graph\">{\"@context\":\"https:\/\/schema.org\",\"@graph\":[{\"@type\":\"WebPage\",\"@id\":\"https:\/\/bridgehap.com\/?page_id=6447\",\"url\":\"https:\/\/bridgehap.com\/?page_id=6447\",\"name\":\"7. Ders - HAP BR\u0130\u00c7\",\"isPartOf\":{\"@id\":\"https:\/\/bridgehap.com\/#website\"},\"datePublished\":\"2026-02-21T18:20:08+00:00\",\"dateModified\":\"2026-03-27T08:38:07+00:00\",\"breadcrumb\":{\"@id\":\"https:\/\/bridgehap.com\/?page_id=6447#breadcrumb\"},\"inLanguage\":\"tr\",\"potentialAction\":[{\"@type\":\"ReadAction\",\"target\":[\"https:\/\/bridgehap.com\/?page_id=6447\"]}]},{\"@type\":\"BreadcrumbList\",\"@id\":\"https:\/\/bridgehap.com\/?page_id=6447#breadcrumb\",\"itemListElement\":[{\"@type\":\"ListItem\",\"position\":1,\"name\":\"Anasayfa\",\"item\":\"https:\/\/bridgehap.com\/\"},{\"@type\":\"ListItem\",\"position\":2,\"name\":\"7. Ders\"}]},{\"@type\":\"WebSite\",\"@id\":\"https:\/\/bridgehap.com\/#website\",\"url\":\"https:\/\/bridgehap.com\/\",\"name\":\"HAP BR\u0130\u00c7\",\"description\":\"\",\"publisher\":{\"@id\":\"https:\/\/bridgehap.com\/#organization\"},\"potentialAction\":[{\"@type\":\"SearchAction\",\"target\":{\"@type\":\"EntryPoint\",\"urlTemplate\":\"https:\/\/bridgehap.com\/?s={search_term_string}\"},\"query-input\":{\"@type\":\"PropertyValueSpecification\",\"valueRequired\":true,\"valueName\":\"search_term_string\"}}],\"inLanguage\":\"tr\"},{\"@type\":\"Organization\",\"@id\":\"https:\/\/bridgehap.com\/#organization\",\"name\":\"HAP BR\u0130\u00c7\",\"url\":\"https:\/\/bridgehap.com\/\",\"logo\":{\"@type\":\"ImageObject\",\"inLanguage\":\"tr\",\"@id\":\"https:\/\/bridgehap.com\/#\/schema\/logo\/image\/\",\"url\":\"https:\/\/bridgehap.com\/wp-content\/uploads\/2026\/02\/cropped-6-1-1.jpg\",\"contentUrl\":\"https:\/\/bridgehap.com\/wp-content\/uploads\/2026\/02\/cropped-6-1-1.jpg\",\"width\":67,\"height\":58,\"caption\":\"HAP BR\u0130\u00c7\"},\"image\":{\"@id\":\"https:\/\/bridgehap.com\/#\/schema\/logo\/image\/\"}}]}<\/script>\n<!-- \/ Yoast SEO plugin. -->","yoast_head_json":{"title":"7. Ders - HAP BR\u0130\u00c7","robots":{"index":"index","follow":"follow","max-snippet":"max-snippet:-1","max-image-preview":"max-image-preview:large","max-video-preview":"max-video-preview:-1"},"canonical":"https:\/\/bridgehap.com\/?page_id=6447","og_locale":"tr_TR","og_type":"article","og_title":"7. Ders - HAP BR\u0130\u00c7","og_description":"BR\u0130\u00c7TE KONTURLAR Bri\u00e7te pas ve kontur \u00e7ok \u00f6nemlidir. \u0130yi bri\u00e7 oynayabilmek i\u00e7in konturlar\u0131 do\u011fru kullanmak gerekir.\u00a0\u00a0Pek \u00e7ok kontur t\u00fcr\u00fc vard\u0131r, bunlar orta\u011fa elinizi anlatma \u015feklidir. 1 \u2013 T\/O (TAKE OUT DBL) &#8211; konu\u015f ortak: Rakip oyun a\u00e7t\u0131\u011f\u0131 zaman kontur, di\u011fer renklere a\u00e7\u0131\u011f\u0131m biz oynayabilir miyiz demektir.\u00a0 Basit renk overcallar\u0131na uymayan ve 13+ puanla konu\u015fan eldir....","og_url":"https:\/\/bridgehap.com\/?page_id=6447","og_site_name":"HAP BR\u0130\u00c7","article_modified_time":"2026-03-27T08:38:07+00:00","twitter_card":"summary_large_image","twitter_misc":{"Tahmini okuma s\u00fcresi":"5 dakika"},"schema":{"@context":"https:\/\/schema.org","@graph":[{"@type":"WebPage","@id":"https:\/\/bridgehap.com\/?page_id=6447","url":"https:\/\/bridgehap.com\/?page_id=6447","name":"7. Ders - HAP BR\u0130\u00c7","isPartOf":{"@id":"https:\/\/bridgehap.com\/#website"},"datePublished":"2026-02-21T18:20:08+00:00","dateModified":"2026-03-27T08:38:07+00:00","breadcrumb":{"@id":"https:\/\/bridgehap.com\/?page_id=6447#breadcrumb"},"inLanguage":"tr","potentialAction":[{"@type":"ReadAction","target":["https:\/\/bridgehap.com\/?page_id=6447"]}]},{"@type":"BreadcrumbList","@id":"https:\/\/bridgehap.com\/?page_id=6447#breadcrumb","itemListElement":[{"@type":"ListItem","position":1,"name":"Anasayfa","item":"https:\/\/bridgehap.com\/"},{"@type":"ListItem","position":2,"name":"7. Ders"}]},{"@type":"WebSite","@id":"https:\/\/bridgehap.com\/#website","url":"https:\/\/bridgehap.com\/","name":"HAP BR\u0130\u00c7","description":"","publisher":{"@id":"https:\/\/bridgehap.com\/#organization"},"potentialAction":[{"@type":"SearchAction","target":{"@type":"EntryPoint","urlTemplate":"https:\/\/bridgehap.com\/?s={search_term_string}"},"query-input":{"@type":"PropertyValueSpecification","valueRequired":true,"valueName":"search_term_string"}}],"inLanguage":"tr"},{"@type":"Organization","@id":"https:\/\/bridgehap.com\/#organization","name":"HAP BR\u0130\u00c7","url":"https:\/\/bridgehap.com\/","logo":{"@type":"ImageObject","inLanguage":"tr","@id":"https:\/\/bridgehap.com\/#\/schema\/logo\/image\/","url":"https:\/\/bridgehap.com\/wp-content\/uploads\/2026\/02\/cropped-6-1-1.jpg","contentUrl":"https:\/\/bridgehap.com\/wp-content\/uploads\/2026\/02\/cropped-6-1-1.jpg","width":67,"height":58,"caption":"HAP BR\u0130\u00c7"},"image":{"@id":"https:\/\/bridgehap.com\/#\/schema\/logo\/image\/"}}]}},"_links":{"self":[{"href":"https:\/\/bridgehap.com\/index.php?rest_route=\/wp\/v2\/pages\/6447","targetHints":{"allow":["GET"]}}],"collection":[{"href":"https:\/\/bridgehap.com\/index.php?rest_route=\/wp\/v2\/pages"}],"about":[{"href":"https:\/\/bridgehap.com\/index.php?rest_route=\/wp\/v2\/types\/page"}],"author":[{"embeddable":true,"href":"https:\/\/bridgehap.com\/index.php?rest_route=\/wp\/v2\/users\/1"}],"replies":[{"embeddable":true,"href":"https:\/\/bridgehap.com\/index.php?rest_route=%2Fwp%2Fv2%2Fcomments&post=6447"}],"version-history":[{"count":9,"href":"https:\/\/bridgehap.com\/index.php?rest_route=\/wp\/v2\/pages\/6447\/revisions"}],"predecessor-version":[{"id":6963,"href":"https:\/\/bridgehap.com\/index.php?rest_route=\/wp\/v2\/pages\/6447\/revisions\/6963"}],"wp:attachment":[{"href":"https:\/\/bridgehap.com\/index.php?rest_route=%2Fwp%2Fv2%2Fmedia&parent=6447"}],"curies":[{"name":"wp","href":"https:\/\/api.w.org\/{rel}","templated":true}]}}