{"id":6449,"date":"2026-02-21T21:20:34","date_gmt":"2026-02-21T18:20:34","guid":{"rendered":"http:\/\/localhost\/wordpress\/?page_id=6449"},"modified":"2026-03-27T11:45:56","modified_gmt":"2026-03-27T08:45:56","slug":"8-ders","status":"publish","type":"page","link":"https:\/\/bridgehap.com\/?page_id=6449","title":{"rendered":"8. Ders"},"content":{"rendered":"\n<h2 id=\"wp-block-themeisle-blocks-advanced-heading-399b835a\" class=\"wp-block-themeisle-blocks-advanced-heading wp-block-themeisle-blocks-advanced-heading-399b835a\">                      OYUN PLANI\u00a0 \u2013 \u00a0DEFANS\u00a0 PLANI<\/h2>\n\n\n\n<h4 class=\"wp-block-heading\"><strong>SANZAT\u00dc OYUN PLANI<\/strong><\/h4>\n\n\n\n<ul class=\"wp-block-list\">\n<li>Atak kart\u0131ndan sonra deklarasyonu hat\u0131rlay\u0131n\u0131z. <\/li>\n\n\n\n<li>Atak rengini ve markas\u0131n\u0131 inceleyiniz. (\u00dc\u00e7 renk konu\u015fuldu\u011funda genelde konu\u015fulmayan renk atak edilir. Benim uzun rengim atak ediliyorsa atak edende en az 5 par\u00e7a ve yandan en az 1.5 &#8211; 2 keser vard\u0131r veya \u00e7ok kalitelidir.)<\/li>\n\n\n\n<li>Direkt As ve Rua cinsinden, yani d\u0131\u015far\u0131ya el vermeden alacaklar\u0131n\u0131z\u0131 say\u0131n\u0131z.<\/li>\n\n\n\n<li>Ka\u00e7 l\u00f6veye gereksinim oldu\u011fu ve bu l\u00f6velerin hangi renklerden sa\u011flanaca\u011f\u0131n\u0131 belirleyiniz.<\/li>\n\n\n\n<li>En uzun ve kaliteli renk art\u0131r\u0131lmaya \u00e7al\u0131\u015f\u0131l\u0131r.<\/li>\n\n\n\n<li>\u00d6nce As\u2019lar, sonra d\u00fc\u015f\u00fck de\u011ferli on\u00f6rleri ( Dam veya Vale) kullanmak, rakibin As ve Rua\u2019s\u0131n\u0131 \u00e7\u0131karmak i\u00e7in, en son empas\u2019lar\u0131 denemek gerekir.<\/li>\n\n\n\n<li>Sanzat\u00fc oynarken rakibin renginde keserimiz s\u0131n\u0131rl\u0131 say\u0131dad\u0131r, atak rengini bazen ba\u011f\u0131\u015flamak zorunda kal\u0131r\u0131z.<\/li>\n\n\n\n<li>Rakip renginin keserleri s\u0131n\u0131rl\u0131 say\u0131da oldu\u011funda, 2 kart\u0131 \u00e7\u0131kartmaya (farkl\u0131 yerlerden de olabilir) ihtiyac\u0131n varsa ilk \u00f6nce m\u00fcmk\u00fcnse tehlikeli taraf\u0131n keserini yok etmeye \u00e7al\u0131\u015f\u0131n.<\/li>\n<\/ul>\n\n\n\n<ol class=\"wp-block-list\"><\/ol>\n\n\n\n<h4 class=\"wp-block-heading\"><strong>KOZ OYUN PLANI<\/strong><\/h4>\n\n\n\n<p class=\"wp-block-paragraph\">\u00d6nce Uzun koz belirlenmeli, ard\u0131ndan el ve yerdeki toplam kay\u0131p eller belirlenmelidir. Kay\u0131p elleri EMPAS, \u00c7AKMA, KA\u011eIT SAYMA y\u00f6ntemiyle azaltmay\u0131 hedeflemek gerekir. Yerdeki kozlar kontrol alt\u0131na al\u0131n\u0131p rakibin eline ge\u00e7mesi engellenecek \u015fekilde oyun s\u0131ras\u0131 olu\u015fturunuz.<\/p>\n\n\n\n<ul class=\"wp-block-list\">\n<li>Deklarasyonu hat\u0131rlay\u0131n\u0131z.<\/li>\n\n\n\n<li>Atak rengini ve markas\u0131n\u0131 inceleyerek oyuna ba\u015flay\u0131n\u0131z.<\/li>\n\n\n\n<li>Temel eli tespit ediniz. Her zaman Kozun uzun oldu\u011fu taraft\u0131r.<\/li>\n\n\n\n<li>En az kayb\u0131n olaca\u011f\u0131 yan renge bak\u0131l\u0131r. Yan renkler g\u00fczel ise kozla ilgilenilir.<\/li>\n\n\n\n<li>Kay\u0131plar\u0131 \u00f6nlemenin yollar\u0131; \u00c7akmak &#8211; Empas denemek \u2013 Ka\u011f\u0131t sa\u011flamakt\u0131r. ( Kay\u0131plar\u0131 ka\u00e7mak)<\/li>\n\n\n\n<li>Temel elin antreleri m\u00fcmk\u00fcn oldu\u011funca korunur. Temel elin kozlar\u0131 m\u00fcmk\u00fcn ise \u00e7akarak k\u0131salt\u0131lmaz.<\/li>\n\n\n\n<li>Baz\u0131 bordlarda temel el yoktur. Genelde 4 &#8211; 4 koza oynad\u0131\u011f\u0131m\u0131z ve her iki tarafta da k\u0131sal\u0131k olan ellerdir. Bu durumda elden ve yerden \u00e7aka oyunu tercih edilebilir. Elden ve yerden \u00e7aka oyunu yaparken \u00e7akmaya ba\u015flamadan bir taraftaki al\u0131c\u0131lar\u0131 bo\u015faltmak gerekir.<\/li>\n<\/ul>\n\n\n\n<ol class=\"wp-block-list\"><\/ol>\n\n\n\n<h4 class=\"wp-block-heading\"><strong>KOZ DEFANS PLANI<\/strong><\/h4>\n\n\n\n<p class=\"wp-block-paragraph\">\u00a0Koz defans\u0131, deklarenin elindeki kozlar\u0131 t\u00fcketerek \u00e7akmas\u0131n\u0131 engelleme ve on\u00f6rlerini kontrol alt\u0131na alma stratejisidir. Koz kontrat\u0131nda defans yaparken ama\u00e7 deklarenin elindeki kozlar\u0131 t\u00fcketip onu savunmas\u0131z b\u0131rakmakt\u0131r.<\/p>\n\n\n\n<ul class=\"wp-block-list\">\n<li>Ataktan sonra ilk eli \u00a0tutan defans\u0131 kurar Defans el-yer oyununun tam tersidir.<\/li>\n\n\n\n<li>Rakibin yan rengi g\u00fczelse di\u011fer renklerden alacaklar\u0131m\u0131z\u0131 tahsil etmeye \u00e7al\u0131\u015f\u0131r\u0131z.<\/li>\n\n\n\n<li>\u00c7akt\u0131r\u0131larak rakibe el verilmez.<\/li>\n\n\n\n<li>Rakibin yan rengi g\u00fczel de\u011fil ve k\u0131sa koz taraf\u0131ndan bir \u00e7aka ihtimali varsa m\u00fcmk\u00fcn oldu\u011funca KOZ oynan\u0131r.<\/li>\n\n\n\n<li>Rakibin yan rengi g\u00fczel de\u011fil ve k\u0131sa koz taraf\u0131ndan \u00e7aka ihtimali yoksa temel elin antrelerini bozmak veya temel elden \u00e7akt\u0131r\u0131larak kozu k\u0131saltmak gerekir (=PAS\u0130F DEFANS).<\/li>\n\n\n\n<li>Yer a\u00e7\u0131ld\u0131ktan sonra yerdeki k\u0131sa renkler veya koz durumu, koz oynay\u0131p oynamayaca\u011f\u0131n\u0131z\u0131 belirler.<\/li>\n\n\n\n<li>Deklaran\u0131n yerdeki el ile \u00e7akma yapma ihtimali y\u00fcksekse veya deklaran\u0131n koz rengi zay\u0131fsa, koz oynamak (aktif defans) kontra kazand\u0131r\u0131r.<\/li>\n\n\n\n<li>Deklaran\u0131n uzun veya yan rengini kontrol etmek, kozlar\u0131 h\u0131zl\u0131ca azaltmak i\u00e7in koz ata\u011f\u0131 veya koz devam\u0131 yap\u0131l\u0131r.<\/li>\n<\/ul>\n\n\n\n<ol class=\"wp-block-list\"><\/ol>\n\n\n\n<p class=\"wp-block-paragraph\"><\/p>\n","protected":false},"excerpt":{"rendered":"<p>SANZAT\u00dc OYUN PLANI KOZ OYUN PLANI \u00d6nce Uzun koz belirlenmeli, ard\u0131ndan el ve yerdeki toplam kay\u0131p eller belirlenmelidir. Kay\u0131p elleri EMPAS, \u00c7AKMA, KA\u011eIT SAYMA y\u00f6ntemiyle azaltmay\u0131 hedeflemek gerekir. Yerdeki kozlar kontrol alt\u0131na al\u0131n\u0131p rakibin eline ge\u00e7mesi engellenecek \u015fekilde oyun s\u0131ras\u0131 olu\u015fturunuz. KOZ DEFANS PLANI \u00a0Koz defans\u0131, deklarenin elindeki kozlar\u0131 t\u00fcketerek \u00e7akmas\u0131n\u0131 engelleme ve on\u00f6rlerini kontrol&#8230;<\/p>\n","protected":false},"author":1,"featured_media":0,"parent":0,"menu_order":0,"comment_status":"closed","ping_status":"closed","template":"","meta":{"_crdt_document":"","_themeisle_gutenberg_block_has_review":false,"_kad_post_transparent":"","_kad_post_title":"","_kad_post_layout":"","_kad_post_sidebar_id":"","_kad_post_content_style":"","_kad_post_vertical_padding":"","_kad_post_feature":"","_kad_post_feature_position":"","_kad_post_header":false,"_kad_post_footer":false,"_kad_post_classname":"","footnotes":""},"class_list":["post-6449","page","type-page","status-publish","hentry"],"yoast_head":"<!-- This site is optimized with the Yoast SEO plugin v27.0 - https:\/\/yoast.com\/product\/yoast-seo-wordpress\/ -->\n<title>8. Ders - HAP BR\u0130\u00c7<\/title>\n<meta name=\"robots\" content=\"index, follow, max-snippet:-1, max-image-preview:large, max-video-preview:-1\" \/>\n<link rel=\"canonical\" href=\"https:\/\/bridgehap.com\/?page_id=6449\" \/>\n<meta property=\"og:locale\" content=\"tr_TR\" \/>\n<meta property=\"og:type\" content=\"article\" \/>\n<meta property=\"og:title\" content=\"8. Ders - HAP BR\u0130\u00c7\" \/>\n<meta property=\"og:description\" content=\"SANZAT\u00dc OYUN PLANI KOZ OYUN PLANI \u00d6nce Uzun koz belirlenmeli, ard\u0131ndan el ve yerdeki toplam kay\u0131p eller belirlenmelidir. Kay\u0131p elleri EMPAS, \u00c7AKMA, KA\u011eIT SAYMA y\u00f6ntemiyle azaltmay\u0131 hedeflemek gerekir. Yerdeki kozlar kontrol alt\u0131na al\u0131n\u0131p rakibin eline ge\u00e7mesi engellenecek \u015fekilde oyun s\u0131ras\u0131 olu\u015fturunuz. KOZ DEFANS PLANI \u00a0Koz defans\u0131, deklarenin elindeki kozlar\u0131 t\u00fcketerek \u00e7akmas\u0131n\u0131 engelleme ve on\u00f6rlerini kontrol...\" \/>\n<meta property=\"og:url\" content=\"https:\/\/bridgehap.com\/?page_id=6449\" \/>\n<meta property=\"og:site_name\" content=\"HAP BR\u0130\u00c7\" \/>\n<meta property=\"article:modified_time\" content=\"2026-03-27T08:45:56+00:00\" \/>\n<meta name=\"twitter:card\" content=\"summary_large_image\" \/>\n<meta name=\"twitter:label1\" content=\"Tahmini okuma s\u00fcresi\" \/>\n\t<meta name=\"twitter:data1\" content=\"3 dakika\" \/>\n<script type=\"application\/ld+json\" class=\"yoast-schema-graph\">{\"@context\":\"https:\/\/schema.org\",\"@graph\":[{\"@type\":\"WebPage\",\"@id\":\"https:\/\/bridgehap.com\/?page_id=6449\",\"url\":\"https:\/\/bridgehap.com\/?page_id=6449\",\"name\":\"8. Ders - HAP BR\u0130\u00c7\",\"isPartOf\":{\"@id\":\"https:\/\/bridgehap.com\/#website\"},\"datePublished\":\"2026-02-21T18:20:34+00:00\",\"dateModified\":\"2026-03-27T08:45:56+00:00\",\"breadcrumb\":{\"@id\":\"https:\/\/bridgehap.com\/?page_id=6449#breadcrumb\"},\"inLanguage\":\"tr\",\"potentialAction\":[{\"@type\":\"ReadAction\",\"target\":[\"https:\/\/bridgehap.com\/?page_id=6449\"]}]},{\"@type\":\"BreadcrumbList\",\"@id\":\"https:\/\/bridgehap.com\/?page_id=6449#breadcrumb\",\"itemListElement\":[{\"@type\":\"ListItem\",\"position\":1,\"name\":\"Anasayfa\",\"item\":\"https:\/\/bridgehap.com\/\"},{\"@type\":\"ListItem\",\"position\":2,\"name\":\"8. Ders\"}]},{\"@type\":\"WebSite\",\"@id\":\"https:\/\/bridgehap.com\/#website\",\"url\":\"https:\/\/bridgehap.com\/\",\"name\":\"HAP BR\u0130\u00c7\",\"description\":\"\",\"publisher\":{\"@id\":\"https:\/\/bridgehap.com\/#organization\"},\"potentialAction\":[{\"@type\":\"SearchAction\",\"target\":{\"@type\":\"EntryPoint\",\"urlTemplate\":\"https:\/\/bridgehap.com\/?s={search_term_string}\"},\"query-input\":{\"@type\":\"PropertyValueSpecification\",\"valueRequired\":true,\"valueName\":\"search_term_string\"}}],\"inLanguage\":\"tr\"},{\"@type\":\"Organization\",\"@id\":\"https:\/\/bridgehap.com\/#organization\",\"name\":\"HAP BR\u0130\u00c7\",\"url\":\"https:\/\/bridgehap.com\/\",\"logo\":{\"@type\":\"ImageObject\",\"inLanguage\":\"tr\",\"@id\":\"https:\/\/bridgehap.com\/#\/schema\/logo\/image\/\",\"url\":\"https:\/\/bridgehap.com\/wp-content\/uploads\/2026\/02\/cropped-6-1-1.jpg\",\"contentUrl\":\"https:\/\/bridgehap.com\/wp-content\/uploads\/2026\/02\/cropped-6-1-1.jpg\",\"width\":67,\"height\":58,\"caption\":\"HAP BR\u0130\u00c7\"},\"image\":{\"@id\":\"https:\/\/bridgehap.com\/#\/schema\/logo\/image\/\"}}]}<\/script>\n<!-- \/ Yoast SEO plugin. -->","yoast_head_json":{"title":"8. Ders - HAP BR\u0130\u00c7","robots":{"index":"index","follow":"follow","max-snippet":"max-snippet:-1","max-image-preview":"max-image-preview:large","max-video-preview":"max-video-preview:-1"},"canonical":"https:\/\/bridgehap.com\/?page_id=6449","og_locale":"tr_TR","og_type":"article","og_title":"8. Ders - HAP BR\u0130\u00c7","og_description":"SANZAT\u00dc OYUN PLANI KOZ OYUN PLANI \u00d6nce Uzun koz belirlenmeli, ard\u0131ndan el ve yerdeki toplam kay\u0131p eller belirlenmelidir. Kay\u0131p elleri EMPAS, \u00c7AKMA, KA\u011eIT SAYMA y\u00f6ntemiyle azaltmay\u0131 hedeflemek gerekir. Yerdeki kozlar kontrol alt\u0131na al\u0131n\u0131p rakibin eline ge\u00e7mesi engellenecek \u015fekilde oyun s\u0131ras\u0131 olu\u015fturunuz. KOZ DEFANS PLANI \u00a0Koz defans\u0131, deklarenin elindeki kozlar\u0131 t\u00fcketerek \u00e7akmas\u0131n\u0131 engelleme ve on\u00f6rlerini kontrol...","og_url":"https:\/\/bridgehap.com\/?page_id=6449","og_site_name":"HAP BR\u0130\u00c7","article_modified_time":"2026-03-27T08:45:56+00:00","twitter_card":"summary_large_image","twitter_misc":{"Tahmini okuma s\u00fcresi":"3 dakika"},"schema":{"@context":"https:\/\/schema.org","@graph":[{"@type":"WebPage","@id":"https:\/\/bridgehap.com\/?page_id=6449","url":"https:\/\/bridgehap.com\/?page_id=6449","name":"8. Ders - HAP BR\u0130\u00c7","isPartOf":{"@id":"https:\/\/bridgehap.com\/#website"},"datePublished":"2026-02-21T18:20:34+00:00","dateModified":"2026-03-27T08:45:56+00:00","breadcrumb":{"@id":"https:\/\/bridgehap.com\/?page_id=6449#breadcrumb"},"inLanguage":"tr","potentialAction":[{"@type":"ReadAction","target":["https:\/\/bridgehap.com\/?page_id=6449"]}]},{"@type":"BreadcrumbList","@id":"https:\/\/bridgehap.com\/?page_id=6449#breadcrumb","itemListElement":[{"@type":"ListItem","position":1,"name":"Anasayfa","item":"https:\/\/bridgehap.com\/"},{"@type":"ListItem","position":2,"name":"8. Ders"}]},{"@type":"WebSite","@id":"https:\/\/bridgehap.com\/#website","url":"https:\/\/bridgehap.com\/","name":"HAP BR\u0130\u00c7","description":"","publisher":{"@id":"https:\/\/bridgehap.com\/#organization"},"potentialAction":[{"@type":"SearchAction","target":{"@type":"EntryPoint","urlTemplate":"https:\/\/bridgehap.com\/?s={search_term_string}"},"query-input":{"@type":"PropertyValueSpecification","valueRequired":true,"valueName":"search_term_string"}}],"inLanguage":"tr"},{"@type":"Organization","@id":"https:\/\/bridgehap.com\/#organization","name":"HAP BR\u0130\u00c7","url":"https:\/\/bridgehap.com\/","logo":{"@type":"ImageObject","inLanguage":"tr","@id":"https:\/\/bridgehap.com\/#\/schema\/logo\/image\/","url":"https:\/\/bridgehap.com\/wp-content\/uploads\/2026\/02\/cropped-6-1-1.jpg","contentUrl":"https:\/\/bridgehap.com\/wp-content\/uploads\/2026\/02\/cropped-6-1-1.jpg","width":67,"height":58,"caption":"HAP BR\u0130\u00c7"},"image":{"@id":"https:\/\/bridgehap.com\/#\/schema\/logo\/image\/"}}]}},"_links":{"self":[{"href":"https:\/\/bridgehap.com\/index.php?rest_route=\/wp\/v2\/pages\/6449","targetHints":{"allow":["GET"]}}],"collection":[{"href":"https:\/\/bridgehap.com\/index.php?rest_route=\/wp\/v2\/pages"}],"about":[{"href":"https:\/\/bridgehap.com\/index.php?rest_route=\/wp\/v2\/types\/page"}],"author":[{"embeddable":true,"href":"https:\/\/bridgehap.com\/index.php?rest_route=\/wp\/v2\/users\/1"}],"replies":[{"embeddable":true,"href":"https:\/\/bridgehap.com\/index.php?rest_route=%2Fwp%2Fv2%2Fcomments&post=6449"}],"version-history":[{"count":6,"href":"https:\/\/bridgehap.com\/index.php?rest_route=\/wp\/v2\/pages\/6449\/revisions"}],"predecessor-version":[{"id":6969,"href":"https:\/\/bridgehap.com\/index.php?rest_route=\/wp\/v2\/pages\/6449\/revisions\/6969"}],"wp:attachment":[{"href":"https:\/\/bridgehap.com\/index.php?rest_route=%2Fwp%2Fv2%2Fmedia&parent=6449"}],"curies":[{"name":"wp","href":"https:\/\/api.w.org\/{rel}","templated":true}]}}