{"id":6459,"date":"2026-02-21T21:29:07","date_gmt":"2026-02-21T18:29:07","guid":{"rendered":"http:\/\/localhost\/wordpress\/?page_id=6459"},"modified":"2026-03-30T14:29:30","modified_gmt":"2026-03-30T11:29:30","slug":"oneriler","status":"publish","type":"page","link":"https:\/\/bridgehap.com\/?page_id=6459","title":{"rendered":"\u00d6neriler"},"content":{"rendered":"\n<ul class=\"wp-block-list\">\n<li>Temel deklare sistemini hat\u0131rlay\u0131n.<\/li>\n\n\n\n<li>Koz ve kozsuz oyunda planlama yap\u0131n.<\/li>\n\n\n\n<li>Kart takibi yap\u0131n.<\/li>\n\n\n\n<li>Defans ( savunma)  ileti\u015fiminde e\u015finizle uyumlu olun. Do\u011fru kart\u0131 atmak e\u015finizin elini anlamas\u0131na yard\u0131mc\u0131 olur.<\/li>\n\n\n\n<li>Bir ortakla oynad\u0131\u011f\u0131n\u0131z\u0131 unutmay\u0131n. Elindeki puan ve kart da\u011f\u0131l\u0131m\u0131n\u0131 orta\u011f\u0131na en iyi \u015fekilde nas\u0131l anlataca\u011f\u0131n\u0131 d\u00fc\u015f\u00fcn\u00fcn.<\/li>\n\n\n\n<li>Mimiklerinle orta\u011f\u0131na mesaj verme.<\/li>\n\n\n\n<li>Yer kartlar\u0131 a\u00e7\u0131ld\u0131\u011f\u0131nda tepki g\u00f6stermeyiniz.<\/li>\n\n\n\n<li>Oyuna konsantre ol.<\/li>\n\n\n\n<li>Rakip deklere verirken zorlan\u0131yorsa iyi bir eli yok demektir. Oynarken bunu unutma.<\/li>\n\n\n\n<li>Oyunu bat\u0131rmak i\u00e7in al\u0131nmas\u0131 gereken el say\u0131s\u0131na konsantre ol.<\/li>\n\n\n\n<li>Oyunu \u00e7\u0131karmak i\u00e7in al\u0131nmas\u0131 gereken el say\u0131s\u0131na konsantre ol.<\/li>\n\n\n\n<li>A\u00e7\u0131lan ka\u011f\u0131t bir \u015fey ifade etmelidir. Oyunun kaderi bir ka\u011f\u0131da ba\u011fl\u0131 olabilir.&nbsp;<\/li>\n\n\n\n<li>A\u00e7\u0131l\u0131\u015f ve Apellerde orta\u011f\u0131nla ayn\u0131 dili konu\u015f.<\/li>\n\n\n\n<li>Oyun i\u00e7inde olan hatalar\u0131 unut, so\u011fukkanl\u0131 ol, bir\u00e7ok oyun bir hatadan sonra dahi bat\u0131r\u0131labilir, iki hatadaysa \u00e7ok zor.<\/li>\n\n\n\n<li>Orta\u011f\u0131n\u0131n iyi oyununu takdir et.<\/li>\n\n\n\n<li>Oyunun h\u0131z\u0131, oyunda problem olup olmad\u0131\u011f\u0131n\u0131n i\u015faretidir. Rakibin nerede zorland\u0131\u011f\u0131na dikkat et.<\/li>\n\n\n\n<li>Oyunu bat\u0131rman\u0131n iki yolu varsa en basit olan\u0131n\u0131 tercih et. Kendin batar\u0131 g\u00f6r\u00fcyorsan inisiyatif kullan ve m\u00fcdahale et.<\/li>\n\n\n\n<li>Orta\u011f\u0131n\u0131n seviyesini unutma, gerekti\u011fi yerde kontrol\u00fc elinde tut, Orta\u011f\u0131n\u0131n verdi\u011fi kartlar\u0131 izle.<\/li>\n\n\n\n<li>Elindeki kartlar\u0131 dizerken dikkat et. Elindeki kart dizilimini ve kart da\u011f\u0131l\u0131m\u0131n\u0131 rakip anlamas\u0131n.<\/li>\n\n\n\n<li>Koz oyunlar\u0131nda elden b\u00fcy\u00fckle al (AR la kazan\u0131rken As&#8217;la al, RD la Rua&#8217;la al), NT oynarken tam tersini uygula.<\/li>\n\n\n\n<li>Orta\u011f\u0131n\u0131n a\u00e7\u0131l\u0131\u015f\u0131n\u0131 y\u00f6nlendirmek i\u00e7in, artifisyel konu\u015fmalara ( stayman, que bid, transfer, RCKB) kontur atabilecek durumu kolla, d\u00fc\u015f\u00fck seviyelerde kontur i\u00e7in o renkten hem uzunluk hem de kuvvet olmal\u0131 (5+ Kart ve 3 on\u00f6rl\u00fc ), y\u00fcksek seviyede k\u0131sa olabilir ancak gene yap\u0131\u015f\u0131k on\u00f6r olmal\u0131 RQx.<\/li>\n\n\n\n<li>RQx bir ka\u011f\u0131d\u0131 oynarken, rakibin almas\u0131n\u0131 istiyorsan R, de\u011filse Q oyna.<\/li>\n\n\n\n<li>Atak edilen veya sa\u011f taraftaki oyuncunun oynad\u0131\u011f\u0131 karttan k\u00fc\u00e7\u00fck olan kartlar\u0131 sakla, b\u00f6ylece say\u0131 ve sinyalleri kar\u0131\u015ft\u0131r\u0131rlar.<\/li>\n\n\n\n<li>\u015elem oyunlar\u0131nda en uygun ve g\u00fcvenli kontrat\u0131 oynamaya \u00e7al\u0131\u015f ( 6 Trefl, Karo, K\u00f6r, Pik garanti ise 6NT ) zorlama.<\/li>\n\n\n\n<li>Kesin batar\u0131 olmayan oyunlara kontur atma.<\/li>\n\n\n\n<li>Part score oyunlar\u0131nda &nbsp;( NT veya Min\u00f6r yerine) maj\u00f6rleri tercih et.<\/li>\n\n\n\n<li>Kartlar\u0131n\u0131z\u0131 rakip g\u00f6zlerden koruyunuz.<\/li>\n<\/ul>\n\n\n\n<p class=\"wp-block-paragraph\"><\/p>\n","protected":false},"excerpt":{"rendered":"","protected":false},"author":1,"featured_media":0,"parent":0,"menu_order":0,"comment_status":"closed","ping_status":"closed","template":"","meta":{"_crdt_document":"","_themeisle_gutenberg_block_has_review":false,"_kad_post_transparent":"","_kad_post_title":"","_kad_post_layout":"","_kad_post_sidebar_id":"","_kad_post_content_style":"","_kad_post_vertical_padding":"","_kad_post_feature":"","_kad_post_feature_position":"","_kad_post_header":false,"_kad_post_footer":false,"_kad_post_classname":"","footnotes":""},"class_list":["post-6459","page","type-page","status-publish","hentry"],"yoast_head":"<!-- This site is optimized with the Yoast SEO plugin v27.0 - https:\/\/yoast.com\/product\/yoast-seo-wordpress\/ -->\n<title>\u00d6neriler - HAP BR\u0130\u00c7<\/title>\n<meta name=\"robots\" content=\"index, follow, max-snippet:-1, max-image-preview:large, max-video-preview:-1\" \/>\n<link rel=\"canonical\" href=\"https:\/\/bridgehap.com\/?page_id=6459\" \/>\n<meta property=\"og:locale\" content=\"tr_TR\" \/>\n<meta property=\"og:type\" content=\"article\" \/>\n<meta property=\"og:title\" content=\"\u00d6neriler - HAP BR\u0130\u00c7\" \/>\n<meta property=\"og:url\" content=\"https:\/\/bridgehap.com\/?page_id=6459\" \/>\n<meta property=\"og:site_name\" content=\"HAP BR\u0130\u00c7\" \/>\n<meta property=\"article:modified_time\" content=\"2026-03-30T11:29:30+00:00\" \/>\n<meta name=\"twitter:card\" content=\"summary_large_image\" \/>\n<meta name=\"twitter:label1\" content=\"Tahmini okuma s\u00fcresi\" \/>\n\t<meta name=\"twitter:data1\" content=\"2 dakika\" \/>\n<script type=\"application\/ld+json\" class=\"yoast-schema-graph\">{\"@context\":\"https:\/\/schema.org\",\"@graph\":[{\"@type\":\"WebPage\",\"@id\":\"https:\/\/bridgehap.com\/?page_id=6459\",\"url\":\"https:\/\/bridgehap.com\/?page_id=6459\",\"name\":\"\u00d6neriler - HAP BR\u0130\u00c7\",\"isPartOf\":{\"@id\":\"https:\/\/bridgehap.com\/#website\"},\"datePublished\":\"2026-02-21T18:29:07+00:00\",\"dateModified\":\"2026-03-30T11:29:30+00:00\",\"breadcrumb\":{\"@id\":\"https:\/\/bridgehap.com\/?page_id=6459#breadcrumb\"},\"inLanguage\":\"tr\",\"potentialAction\":[{\"@type\":\"ReadAction\",\"target\":[\"https:\/\/bridgehap.com\/?page_id=6459\"]}]},{\"@type\":\"BreadcrumbList\",\"@id\":\"https:\/\/bridgehap.com\/?page_id=6459#breadcrumb\",\"itemListElement\":[{\"@type\":\"ListItem\",\"position\":1,\"name\":\"Anasayfa\",\"item\":\"https:\/\/bridgehap.com\/\"},{\"@type\":\"ListItem\",\"position\":2,\"name\":\"\u00d6neriler\"}]},{\"@type\":\"WebSite\",\"@id\":\"https:\/\/bridgehap.com\/#website\",\"url\":\"https:\/\/bridgehap.com\/\",\"name\":\"HAP BR\u0130\u00c7\",\"description\":\"\",\"publisher\":{\"@id\":\"https:\/\/bridgehap.com\/#organization\"},\"potentialAction\":[{\"@type\":\"SearchAction\",\"target\":{\"@type\":\"EntryPoint\",\"urlTemplate\":\"https:\/\/bridgehap.com\/?s={search_term_string}\"},\"query-input\":{\"@type\":\"PropertyValueSpecification\",\"valueRequired\":true,\"valueName\":\"search_term_string\"}}],\"inLanguage\":\"tr\"},{\"@type\":\"Organization\",\"@id\":\"https:\/\/bridgehap.com\/#organization\",\"name\":\"HAP BR\u0130\u00c7\",\"url\":\"https:\/\/bridgehap.com\/\",\"logo\":{\"@type\":\"ImageObject\",\"inLanguage\":\"tr\",\"@id\":\"https:\/\/bridgehap.com\/#\/schema\/logo\/image\/\",\"url\":\"https:\/\/bridgehap.com\/wp-content\/uploads\/2026\/02\/cropped-6-1-1.jpg\",\"contentUrl\":\"https:\/\/bridgehap.com\/wp-content\/uploads\/2026\/02\/cropped-6-1-1.jpg\",\"width\":67,\"height\":58,\"caption\":\"HAP BR\u0130\u00c7\"},\"image\":{\"@id\":\"https:\/\/bridgehap.com\/#\/schema\/logo\/image\/\"}}]}<\/script>\n<!-- \/ Yoast SEO plugin. -->","yoast_head_json":{"title":"\u00d6neriler - HAP BR\u0130\u00c7","robots":{"index":"index","follow":"follow","max-snippet":"max-snippet:-1","max-image-preview":"max-image-preview:large","max-video-preview":"max-video-preview:-1"},"canonical":"https:\/\/bridgehap.com\/?page_id=6459","og_locale":"tr_TR","og_type":"article","og_title":"\u00d6neriler - HAP BR\u0130\u00c7","og_url":"https:\/\/bridgehap.com\/?page_id=6459","og_site_name":"HAP BR\u0130\u00c7","article_modified_time":"2026-03-30T11:29:30+00:00","twitter_card":"summary_large_image","twitter_misc":{"Tahmini okuma s\u00fcresi":"2 dakika"},"schema":{"@context":"https:\/\/schema.org","@graph":[{"@type":"WebPage","@id":"https:\/\/bridgehap.com\/?page_id=6459","url":"https:\/\/bridgehap.com\/?page_id=6459","name":"\u00d6neriler - HAP BR\u0130\u00c7","isPartOf":{"@id":"https:\/\/bridgehap.com\/#website"},"datePublished":"2026-02-21T18:29:07+00:00","dateModified":"2026-03-30T11:29:30+00:00","breadcrumb":{"@id":"https:\/\/bridgehap.com\/?page_id=6459#breadcrumb"},"inLanguage":"tr","potentialAction":[{"@type":"ReadAction","target":["https:\/\/bridgehap.com\/?page_id=6459"]}]},{"@type":"BreadcrumbList","@id":"https:\/\/bridgehap.com\/?page_id=6459#breadcrumb","itemListElement":[{"@type":"ListItem","position":1,"name":"Anasayfa","item":"https:\/\/bridgehap.com\/"},{"@type":"ListItem","position":2,"name":"\u00d6neriler"}]},{"@type":"WebSite","@id":"https:\/\/bridgehap.com\/#website","url":"https:\/\/bridgehap.com\/","name":"HAP BR\u0130\u00c7","description":"","publisher":{"@id":"https:\/\/bridgehap.com\/#organization"},"potentialAction":[{"@type":"SearchAction","target":{"@type":"EntryPoint","urlTemplate":"https:\/\/bridgehap.com\/?s={search_term_string}"},"query-input":{"@type":"PropertyValueSpecification","valueRequired":true,"valueName":"search_term_string"}}],"inLanguage":"tr"},{"@type":"Organization","@id":"https:\/\/bridgehap.com\/#organization","name":"HAP BR\u0130\u00c7","url":"https:\/\/bridgehap.com\/","logo":{"@type":"ImageObject","inLanguage":"tr","@id":"https:\/\/bridgehap.com\/#\/schema\/logo\/image\/","url":"https:\/\/bridgehap.com\/wp-content\/uploads\/2026\/02\/cropped-6-1-1.jpg","contentUrl":"https:\/\/bridgehap.com\/wp-content\/uploads\/2026\/02\/cropped-6-1-1.jpg","width":67,"height":58,"caption":"HAP BR\u0130\u00c7"},"image":{"@id":"https:\/\/bridgehap.com\/#\/schema\/logo\/image\/"}}]}},"_links":{"self":[{"href":"https:\/\/bridgehap.com\/index.php?rest_route=\/wp\/v2\/pages\/6459","targetHints":{"allow":["GET"]}}],"collection":[{"href":"https:\/\/bridgehap.com\/index.php?rest_route=\/wp\/v2\/pages"}],"about":[{"href":"https:\/\/bridgehap.com\/index.php?rest_route=\/wp\/v2\/types\/page"}],"author":[{"embeddable":true,"href":"https:\/\/bridgehap.com\/index.php?rest_route=\/wp\/v2\/users\/1"}],"replies":[{"embeddable":true,"href":"https:\/\/bridgehap.com\/index.php?rest_route=%2Fwp%2Fv2%2Fcomments&post=6459"}],"version-history":[{"count":5,"href":"https:\/\/bridgehap.com\/index.php?rest_route=\/wp\/v2\/pages\/6459\/revisions"}],"predecessor-version":[{"id":7065,"href":"https:\/\/bridgehap.com\/index.php?rest_route=\/wp\/v2\/pages\/6459\/revisions\/7065"}],"wp:attachment":[{"href":"https:\/\/bridgehap.com\/index.php?rest_route=%2Fwp%2Fv2%2Fmedia&parent=6459"}],"curies":[{"name":"wp","href":"https:\/\/api.w.org\/{rel}","templated":true}]}}