{"id":6470,"date":"2026-02-21T21:38:33","date_gmt":"2026-02-21T18:38:33","guid":{"rendered":"http:\/\/localhost\/wordpress\/?page_id=6470"},"modified":"2026-03-30T14:41:54","modified_gmt":"2026-03-30T11:41:54","slug":"terimler-3","status":"publish","type":"page","link":"https:\/\/bridgehap.com\/?page_id=6470","title":{"rendered":"Terimler"},"content":{"rendered":"\n<p class=\"wp-block-paragraph\">\u2663<strong>&nbsp;<\/strong>Trefl <strong>:<\/strong>&nbsp;Sinek, Destedeki 4 renkten en k\u00fc\u00e7\u00fck olan\u0131, C ile g\u00f6sterilir. <\/p>\n\n\n\n<p class=\"wp-block-paragraph\"><mark style=\"background-color:rgba(0, 0, 0, 0)\" class=\"has-inline-color has-theme-palette-13-color\">\u2666<\/mark><strong>&nbsp;<\/strong>Karo<strong>:<\/strong>&nbsp;Trefl renginin bir b\u00fcy\u00fc\u011f\u00fc D ile g\u00f6sterilir.<\/p>\n\n\n\n<p class=\"wp-block-paragraph\"><strong><mark style=\"background-color:rgba(0, 0, 0, 0)\" class=\"has-inline-color has-theme-palette-13-color\">\u2665<\/mark>&nbsp;<\/strong>K\u00f6r <strong>:<\/strong>&nbsp;Kupa, Karo renginin bir b\u00fcy\u00fc\u011f\u00fc H ile g\u00f6sterilir.<\/p>\n\n\n\n<p class=\"wp-block-paragraph\">\u2660<strong>&nbsp;<\/strong>Pik<strong>:<\/strong>&nbsp;Ma\u00e7a, K\u00f6r renginin bir b\u00fcy\u00fc\u011f\u00fc S ile g\u00f6sterilir. Renklerin en g\u00fc\u00e7l\u00fcs\u00fcd\u00fcr.<\/p>\n\n\n\n<p class=\"wp-block-paragraph\"><strong>5&#8217;li maj\u00f6r : <\/strong>Bri\u00e7 oyun sistem ad\u0131d\u0131r. Oyun a\u00e7\u0131l\u0131\u015flar\u0131nda elinizde K\u00f6r veya Pik renginde en az 5 kart bulunmas\u0131.<\/p>\n\n\n\n<p class=\"wp-block-paragraph\"><strong>Two Over One (2\/1); <\/strong>Bir seviyesindeki oyun a\u00e7\u0131\u015flar\u0131na, cevap\u00e7\u0131n\u0131n ilk deklaresinde, s\u0131\u00e7ramadan iki seviyesinde yeni renk okumas\u0131d\u0131r.<\/p>\n\n\n\n<p class=\"wp-block-paragraph\"><strong>Atak :<\/strong>&nbsp;Art\u0131rma konu\u015fmalar\u0131 bittikten sonra oyun b\u00f6l\u00fcm\u00fcne ge\u00e7ilebilmesi i\u00e7in deklaran\u0131n solundaki oyuncunun herhangi bir kart\u0131n\u0131 y\u00fcz\u00fc masaya a\u00e7\u0131k gelecek \u015fekilde oynamas\u0131. <\/p>\n\n\n\n<p class=\"wp-block-paragraph\"><strong>A\u00e7\u0131l\u0131\u015f (Opening Bid):&nbsp;<\/strong>Deklarasyon a\u015famas\u0131nda oyunu ba\u015flatan ilk teklif anlam\u0131na gelir. Genellikle en g\u00fc\u00e7l\u00fc elde olan oyuncu taraf\u0131ndan yap\u0131l\u0131r ve oyunun stratejik plan\u0131n\u0131 belirler.<\/p>\n\n\n\n<p class=\"wp-block-paragraph\"><strong>Antre :<\/strong>&nbsp;Al\u0131c\u0131 ka\u011f\u0131t.<\/p>\n\n\n\n<p class=\"wp-block-paragraph\"><strong>Apel :<\/strong>&nbsp;Sinyal.<\/p>\n\n\n\n<p class=\"wp-block-paragraph\">Artificial Bid ( yapay teklif ) : Belirtilen renkle veya koz olmayan kartla ilgili olmayan bir teklifdir. \u00d6rnek; 2 trefl<\/p>\n\n\n\n<p class=\"wp-block-paragraph\"><strong>Balans (Balance):<\/strong>&nbsp;Oyunun ilerleyen a\u015famalar\u0131nda rakiplerin teklifine kar\u015f\u0131l\u0131k yap\u0131lan d\u00fc\u015f\u00fck seviyeli bir teklif. Balans, zay\u0131f ellerde bile partnerin eli g\u00fc\u00e7l\u00fc olabilir umuduyla yap\u0131lan dengeli bir oyundur.<\/p>\n\n\n\n<p class=\"wp-block-paragraph\"><strong>Bien :<\/strong>&nbsp;Tam.<\/p>\n\n\n\n<p class=\"wp-block-paragraph\"><strong>Cut (Kesme):&nbsp;<\/strong>Rakip oyuncunun uzun bir renkten avantaj sa\u011flamas\u0131n\u0131 engellemek amac\u0131yla koz kullanarak o rengi kesmek anlam\u0131na gelir.<\/p>\n\n\n\n<p class=\"wp-block-paragraph\"><strong>Defos :<\/strong>&nbsp;Ka\u011f\u0131t yemek.<\/p>\n\n\n\n<p class=\"wp-block-paragraph\"><strong>Deklaran (Declarer):<\/strong>&nbsp;Deklarasyon a\u015famas\u0131nda son teklifi veren tak\u0131m\u0131n lideri olarak oyunu oynayan oyuncudur. Bu oyuncunun partneri \u201cdummy\u201d olarak oynar ve kartlar\u0131 a\u00e7\u0131k \u015fekilde oynan\u0131r.<\/p>\n\n\n\n<p class=\"wp-block-paragraph\"><strong>Deklarasyon (Bidding\/Auction):<\/strong>&nbsp;Bri\u00e7te, oyun ba\u015flamadan \u00f6nce oyuncular\u0131n ellerindeki kartlara g\u00f6re oyunda kazanmay\u0131 hedefledikleri eli (trick) belirlemek i\u00e7in yap\u0131lan art\u0131rmaya verilen isimdir. Bu s\u00fcre\u00e7, hangi tak\u0131m\u0131n hangi renkte koz oynayaca\u011f\u0131n\u0131 veya kozsuz oynay\u0131p oynamayaca\u011f\u0131n\u0131 belirler.<\/p>\n\n\n\n<p class=\"wp-block-paragraph\"><strong>Deklaran :<\/strong>&nbsp;Artt\u0131rma konu\u015fmalar\u0131 bittikten sonra kararla\u015ft\u0131r\u0131lan kontrat\u0131 oynayan ki\u015fi.<\/p>\n\n\n\n<p class=\"wp-block-paragraph\"><strong>Dealer :<\/strong>&nbsp;Kartlar\u0131 da\u011f\u0131tan ve artt\u0131rma konu\u015fmalar\u0131n\u0131 ba\u015flatan ki\u015fi.<\/p>\n\n\n\n<p class=\"wp-block-paragraph\"><strong>Doubleton :<\/strong>&nbsp;Herhangi bir renkten elde iki kart bulunmas\u0131.<\/p>\n\n\n\n<p class=\"wp-block-paragraph\"><strong>Dummy (Yer):&nbsp;<\/strong>Deklaran\u2019\u0131n partneri olan oyuncunun kartlar\u0131n\u0131 a\u00e7\u0131k \u015fekilde masaya koymas\u0131d\u0131r. Dummy, oyuna aktif olarak kat\u0131lmaz ve sadece deklaran taraf\u0131ndan y\u00f6netilir.<\/p>\n\n\n\n<p class=\"wp-block-paragraph\"><strong>Ekspas :<\/strong>&nbsp;At\u0131lan empas\u0131n tutmamas\u0131 \u00fczerine kozla \u00e7akmak.<\/p>\n\n\n\n<p class=\"wp-block-paragraph\"><strong>El (Trick):<\/strong>&nbsp;Her bir turda d\u00f6rt oyuncunun s\u0131rayla oynad\u0131\u011f\u0131 bir kart dizisidir. Oyundaki bir \u201cel\u201d d\u00f6rt kart\u0131n oynanmas\u0131yla tamamlan\u0131r. Turda en y\u00fcksek karta sahip olan oyuncu o eli kazan\u0131r.<\/p>\n\n\n\n<p class=\"wp-block-paragraph\"><strong>Endikasyon :<\/strong>&nbsp;B\u00fct\u00fcn renklerin e\u015fit da\u011f\u0131l\u0131m\u0131.<\/p>\n\n\n\n<p class=\"wp-block-paragraph\"><strong>Fit (Tutu\u015f):<\/strong>&nbsp;Uyum. \u0130ki orta\u011f\u0131n ellerinde ayn\u0131 renkten en az 8 kart bulunmas\u0131<\/p>\n\n\n\n<p class=\"wp-block-paragraph\"><strong>Force (Zorlama):<\/strong>&nbsp;Partnerin belirli bir renkten oynamas\u0131 veya belirli bir hamle yapmas\u0131 i\u00e7in yap\u0131lan bask\u0131 hamlesidir. Oyuncular, partnerlerini belirli bir stratejiye y\u00f6nlendirmek amac\u0131yla zorlay\u0131c\u0131 teklifler yapabilirler.<\/p>\n\n\n\n<p class=\"wp-block-paragraph\"><strong>Forsing Konu\u015fma :<\/strong>&nbsp;Oyunculardan birinin orta\u011f\u0131n\u0131n pas ge\u00e7emeyece\u011fi bir konu\u015fma yapmas\u0131<\/p>\n\n\n\n<p class=\"wp-block-paragraph\"><strong>Finesse (Ara Oynama):<\/strong>&nbsp;Rakibin y\u00fcksek kart\u0131n\u0131 ge\u00e7me ihtimalini denemek amac\u0131yla yap\u0131lan bir oyundur. \u00d6rne\u011fin; bir oyuncunun elinde Kupa Vale ve Kupa Papaz varsa, rakibin elindeki As\u2019\u0131 ge\u00e7mek i\u00e7in finesse yap\u0131labilir.<\/p>\n\n\n\n<p class=\"wp-block-paragraph\"><strong>Game &nbsp;(Zon \u2013 Man\u015f \u2013 Oyun) :<\/strong>&nbsp;Bir veya birka\u00e7 kontrat oynamak suretiyle&nbsp;<strong>100<\/strong>&nbsp;yada daha fazla say\u0131 toplamak.<br>Yani Oyunun Maj\u00f6rde 4, Min\u00f6rde 5, Sanzatu da 3 seviyesinde oynanmas\u0131d\u0131r.<br>4 Maj\u00f6r = 120 Say\u0131, 5 Min\u00f6r=100 say\u0131, 3 NT = 100 say\u0131<\/p>\n\n\n\n<p class=\"wp-block-paragraph\"><strong>Grand Slam (B\u00fcy\u00fck \u015elem):<\/strong>&nbsp;Oyuncular\u0131n t\u00fcm elleri kazanmay\u0131 taahh\u00fct ettikleri ve 13 elin tamam\u0131n\u0131 almay\u0131 hedefledikleri kontratt\u0131r. Grand slam yapmak, bri\u00e7teki en b\u00fcy\u00fck ba\u015far\u0131 kabul edilir.<\/p>\n\n\n\n<p class=\"wp-block-paragraph\"><strong>K\u0131sal\u0131k Puan\u0131 :<\/strong>&nbsp;Orta\u011f\u0131n s\u00f6yledi\u011fi renkte tutu\u015f oldu\u011fu durumlarda herhangi bir renkte k\u0131sal\u0131k varsa (\u015eikan, Singleton veya Doubleton) o k\u0131sal\u0131k i\u00e7in eklenen puan.<\/p>\n\n\n\n<p class=\"wp-block-paragraph\"><strong>Kontr :<\/strong>&nbsp;Bu oyun Batar iddias\u0131.<\/p>\n\n\n\n<p class=\"wp-block-paragraph\"><strong>Kontrat (Contract):<\/strong>&nbsp;Deklarasyon s\u00fcrecinin sonunda belirlenen ve oyuncular\u0131n ger\u00e7ekle\u015ftirmek zorunda olduklar\u0131 oyun hedefidir. Kontrat, tak\u0131m\u0131n oyunda belirli bir say\u0131da el alaca\u011f\u0131n\u0131 taahh\u00fct eder. \u00d6rne\u011fin; \u201c3 Karo Kontrat\u0131\u201d gibi.<\/p>\n\n\n\n<p class=\"wp-block-paragraph\"><strong>Koz (Trump):&nbsp;<\/strong>Oyunda belirlenen \u00fcst\u00fcn renk anlam\u0131na gelir. Koz rengi belirlenmi\u015fse, bu renkten bir kart herhangi bir ba\u015fka renkteki kartlar\u0131 yenebilir. \u00d6rne\u011fin; ma\u00e7ada koz belirlenmi\u015fse ma\u00e7a kartlar\u0131 \u00fcst\u00fcnl\u00fck sa\u011flar.<\/p>\n\n\n\n<p class=\"wp-block-paragraph\"><strong>Kup L\u00f6vesi :<\/strong>&nbsp;Kozla \u00e7akarak kazan\u0131lan l\u00f6ve.<\/p>\n\n\n\n<p class=\"wp-block-paragraph\"><strong>L\u00f6ve :<\/strong>&nbsp;4 oyuncunun da birer kart oynamas\u0131 ile olu\u015fan 4 kartl\u0131k guruba verilen ad.<\/p>\n\n\n\n<p class=\"wp-block-paragraph\"><strong>Limit Konu\u015fma :<\/strong>&nbsp;Oyunculardan birinin elinin durumunu \u00f6zelliklede puan\u0131n\u0131 dar s\u0131n\u0131rlar i\u00e7inde orta\u011f\u0131na s\u00f6ylemesi<\/p>\n\n\n\n<p class=\"wp-block-paragraph\"><strong>Min\u00f6r :<\/strong>&nbsp;Karo ve Trefl renkleri. Say\u0131 de\u011feri deklare edilen l\u00f6ve&#8217;den fazla al\u0131nan her l\u00f6ve i\u00e7in&nbsp;<strong>20<\/strong>&nbsp;say\u0131d\u0131r.<\/p>\n\n\n\n<p class=\"wp-block-paragraph\"><strong>Maj\u00f6r :<\/strong>&nbsp;Pik ve K\u00f6r renkleri. Say\u0131 de\u011feri deklare edilen l\u00f6ve\u2019den fazla al\u0131nan her l\u00f6ve i\u00e7in&nbsp;<strong>30<\/strong>&nbsp;say\u0131d\u0131r.<\/p>\n\n\n\n<p class=\"wp-block-paragraph\"><strong>Non Forsing Konu\u015fma :<\/strong>&nbsp;Oyunculardan birinin orta\u011f\u0131n\u0131n pas ge\u00e7ebilece\u011fi bir konu\u015fma yapmas\u0131. (B\u00fct\u00fcn limit konu\u015fmalar NF\u2019dir.)<br><br><strong>On\u00f6r Puan\u0131 :<\/strong>&nbsp;K\u0131saca HCP ile g\u00f6sterilir. Elde bulunan As, Rua, Dam ve Valelere verilen de\u011ferler.<\/p>\n\n\n\n<p class=\"wp-block-paragraph\"><strong>Oyun Hedefi (Game):<\/strong>&nbsp;Deklarasyon a\u015famas\u0131nda belirlenen ve en az 3 el kazanmay\u0131 gerektiren kontratt\u0131r. Bir oyun hedefini tamamlamak, ek puanlar kazand\u0131r\u0131r.<\/p>\n\n\n\n<p class=\"wp-block-paragraph\"><strong>Overcall:<\/strong>&nbsp;Rakibin a\u00e7\u0131l\u0131\u015f teklifine kar\u015f\u0131l\u0131k yap\u0131lan teklif anlam\u0131na gelir. Rakibin teklifine kar\u015f\u0131l\u0131k kendi rengini veya kontrat\u0131n\u0131 ortaya koymak, oyunun ak\u0131\u015f\u0131n\u0131 de\u011fi\u015ftirebilir.<\/p>\n\n\n\n<p class=\"wp-block-paragraph\"><strong>Pas (Pass):<\/strong>&nbsp;Deklarasyon s\u0131ras\u0131nda oyuncular\u0131n teklif vermemeyi tercih etti\u011fi durumdur. Pas ge\u00e7mek, oyuncunun mevcut tekliflere g\u00f6re oynayabilece\u011fi bir kontrat bulunmad\u0131\u011f\u0131n\u0131 g\u00f6sterir.<\/p>\n\n\n\n<p class=\"wp-block-paragraph\"><strong>Partaj :<\/strong>&nbsp;Belli bir rengin, rakiplerin elindeki e\u015fit da\u011f\u0131l\u0131m\u0131. (3-3)<\/p>\n\n\n\n<p class=\"wp-block-paragraph\"><strong>Perdan :<\/strong>&nbsp;Kay\u0131p ka\u011f\u0131t.<\/p>\n\n\n\n<p class=\"wp-block-paragraph\"><strong>Renk (Suit):<\/strong>&nbsp;Kartlardaki d\u00f6rt ana grup anlam\u0131na gelir: Ma\u00e7a (\u2660), Kupa (\u2665), Karo (\u2666) ve Sinek (\u2663). Her renk, bri\u00e7te stratejik a\u00e7\u0131dan farkl\u0131 bir \u00f6neme sahip olabilir.<\/p>\n\n\n\n<p class=\"wp-block-paragraph\"><strong>Reverse (Ters Oyun):<\/strong>&nbsp;A\u00e7\u0131l\u0131\u015ftan sonra ikinci bir teklif s\u0131ras\u0131nda yap\u0131lan ve normalden daha y\u00fcksek seviyede olan renklere yap\u0131lan teklif anlam\u0131na gelir. Bu, genellikle g\u00fc\u00e7l\u00fc bir eli ifade eder. Ucuz rengin pahal\u0131 renkten \u00f6nce konusulmas\u0131.<\/p>\n\n\n\n<p class=\"wp-block-paragraph\"><strong>Sanzatu :<\/strong>&nbsp;Kozsuz oyun anlam\u0131na gelir NT ile g\u00f6sterilir. B\u00fct\u00fcn renklerden daha g\u00fc\u00e7l\u00fcd\u00fcr. 1.ci l\u00f6ve &nbsp;<strong>40<\/strong>&nbsp;di\u011ferleri&nbsp;<strong>30<\/strong>&nbsp;say\u0131d\u0131r.<\/p>\n\n\n\n<p class=\"wp-block-paragraph\"><strong>Singleton :<\/strong>&nbsp;Herhangi bir renkten elde sadece bir kart bulunmas\u0131.<\/p>\n\n\n\n<p class=\"wp-block-paragraph\"><strong>Sinyal (Signal):&nbsp;<\/strong>Savunma s\u0131ras\u0131nda, partnerin hangi renkten oynayaca\u011f\u0131n\u0131 veya hangi renkten ka\u00e7\u0131naca\u011f\u0131n\u0131 anlamas\u0131na yard\u0131mc\u0131 olmak i\u00e7in yap\u0131lan belirli bir oyun tarz\u0131d\u0131r. Genellikle d\u00fc\u015f\u00fck bir kart oynamak belirli bir renkten ka\u00e7\u0131n\u0131lmas\u0131n\u0131, y\u00fcksek bir kart oynamak oynamay\u0131 te\u015fvik edebilir.<\/p>\n\n\n\n<p class=\"wp-block-paragraph\"><strong>Sur Table :<\/strong>&nbsp;Batar\u0131 olmayan.<\/p>\n\n\n\n<p class=\"wp-block-paragraph\"><strong>Surkontr :<\/strong>&nbsp;KONTR a ra\u011fmen \u00e7\u0131kar\u0131z iddias\u0131.<\/p>\n\n\n\n<p class=\"wp-block-paragraph\"><strong>\u015eikan (CHICANE) \u2013 VOID :<\/strong>&nbsp;Herhangi bir renkten elde hi\u00e7 bulunmamas\u0131<\/p>\n\n\n\n<p class=\"wp-block-paragraph\"><strong>\u015elem (Slam):<\/strong>&nbsp;Oyuncular\u0131n ellerindeki kartlarla en y\u00fcksek kontrat\u0131 yapmay\u0131 taahh\u00fct ettikleri durumdur. K\u00fc\u00e7\u00fck \u015flem (6 el) veya b\u00fcy\u00fck \u015flem (7 el) olarak adland\u0131r\u0131l\u0131r. \u015elem, bri\u00e7 oyununda en y\u00fcksek ba\u015far\u0131d\u0131r.<\/p>\n\n\n\n<p class=\"wp-block-paragraph\"><strong>Tam Tutu\u015f :<\/strong>&nbsp;\u0130ki eldede en az 4 kart, Toplam en az 9 kart olmas\u0131 durumu (5-4, 6-4, 5-5, 6-5, 7-5 vb..)<\/p>\n\n\n\n<p class=\"wp-block-paragraph\"><strong>Tutu\u015f Puan\u0131 :<\/strong>&nbsp;Orta\u011f\u0131n s\u00f6yledi\u011fi renkte tutu\u015f oldu\u011fu durumlarda On\u00f6r Puan\u0131+K\u0131sal\u0131k Puan\u0131 = Tutu\u015f Puan\u0131<\/p>\n\n\n\n<p class=\"wp-block-paragraph\"><strong>Toplam Puan :<\/strong>&nbsp;On\u00f6r Puan\u0131+Uzunluk Puan\u0131 = Toplam Puan<\/p>\n\n\n\n<p class=\"wp-block-paragraph\"><strong>Uvert\u00fcr Puan :<\/strong>&nbsp;El a\u00e7mak i\u00e7in gereken minimum puan(12 p).<\/p>\n\n\n\n<p class=\"wp-block-paragraph\"><strong>Uzunluk Puan\u0131 :<\/strong>&nbsp;El de\u011ferlendirirken hesaplanan elimizdeki uzunluklara verilen puan. Renkte uzunluk varsa (4\u2032 ten fazla ka\u011f\u0131t) o uzunluk i\u00e7in eklenen puan.<\/p>\n\n\n\n<p class=\"wp-block-paragraph\"><strong>Yar\u0131m Tutu\u015f :<\/strong>&nbsp;Bir elde en fazla 3 kart, Toplam en az 8 kart olmas\u0131 durumu, olmal\u0131 (5-3, 6-2, 6-3, 7-1, 7-2, 7-3 vb..)<\/p>\n\n\n\n<p class=\"wp-block-paragraph\"><strong>Yank\u0131 (ECHO) :<\/strong>&nbsp;\u00c7ift say\u0131da ka\u011f\u0131tla b\u00fcy\u00fck-k\u00fc\u00e7\u00fck oynamak.<\/p>\n\n\n\n<p class=\"wp-block-paragraph\"><\/p>\n","protected":false},"excerpt":{"rendered":"<p>\u2663&nbsp;Trefl :&nbsp;Sinek, Destedeki 4 renkten en k\u00fc\u00e7\u00fck olan\u0131, C ile g\u00f6sterilir. \u2666&nbsp;Karo:&nbsp;Trefl renginin bir b\u00fcy\u00fc\u011f\u00fc D ile g\u00f6sterilir. \u2665&nbsp;K\u00f6r :&nbsp;Kupa, Karo renginin bir b\u00fcy\u00fc\u011f\u00fc H ile g\u00f6sterilir. \u2660&nbsp;Pik:&nbsp;Ma\u00e7a, K\u00f6r renginin bir b\u00fcy\u00fc\u011f\u00fc S ile g\u00f6sterilir. Renklerin en g\u00fc\u00e7l\u00fcs\u00fcd\u00fcr. 5&#8217;li maj\u00f6r : Bri\u00e7 oyun sistem ad\u0131d\u0131r. Oyun a\u00e7\u0131l\u0131\u015flar\u0131nda elinizde K\u00f6r veya Pik renginde en az 5&#8230;<\/p>\n","protected":false},"author":1,"featured_media":0,"parent":0,"menu_order":0,"comment_status":"closed","ping_status":"closed","template":"","meta":{"_crdt_document":"","_themeisle_gutenberg_block_has_review":false,"_kad_post_transparent":"","_kad_post_title":"","_kad_post_layout":"","_kad_post_sidebar_id":"","_kad_post_content_style":"","_kad_post_vertical_padding":"","_kad_post_feature":"","_kad_post_feature_position":"","_kad_post_header":false,"_kad_post_footer":false,"_kad_post_classname":"","footnotes":""},"class_list":["post-6470","page","type-page","status-publish","hentry"],"yoast_head":"<!-- This site is optimized with the Yoast SEO plugin v27.0 - https:\/\/yoast.com\/product\/yoast-seo-wordpress\/ -->\n<title>Terimler - HAP BR\u0130\u00c7<\/title>\n<meta name=\"robots\" content=\"index, follow, max-snippet:-1, max-image-preview:large, max-video-preview:-1\" \/>\n<link rel=\"canonical\" href=\"https:\/\/bridgehap.com\/?page_id=6470\" \/>\n<meta property=\"og:locale\" content=\"tr_TR\" \/>\n<meta property=\"og:type\" content=\"article\" \/>\n<meta property=\"og:title\" content=\"Terimler - HAP BR\u0130\u00c7\" \/>\n<meta property=\"og:description\" content=\"\u2663&nbsp;Trefl :&nbsp;Sinek, Destedeki 4 renkten en k\u00fc\u00e7\u00fck olan\u0131, C ile g\u00f6sterilir. \u2666&nbsp;Karo:&nbsp;Trefl renginin bir b\u00fcy\u00fc\u011f\u00fc D ile g\u00f6sterilir. \u2665&nbsp;K\u00f6r :&nbsp;Kupa, Karo renginin bir b\u00fcy\u00fc\u011f\u00fc H ile g\u00f6sterilir. \u2660&nbsp;Pik:&nbsp;Ma\u00e7a, K\u00f6r renginin bir b\u00fcy\u00fc\u011f\u00fc S ile g\u00f6sterilir. Renklerin en g\u00fc\u00e7l\u00fcs\u00fcd\u00fcr. 5&#8217;li maj\u00f6r : Bri\u00e7 oyun sistem ad\u0131d\u0131r. Oyun a\u00e7\u0131l\u0131\u015flar\u0131nda elinizde K\u00f6r veya Pik renginde en az 5...\" \/>\n<meta property=\"og:url\" content=\"https:\/\/bridgehap.com\/?page_id=6470\" \/>\n<meta property=\"og:site_name\" content=\"HAP BR\u0130\u00c7\" \/>\n<meta property=\"article:modified_time\" content=\"2026-03-30T11:41:54+00:00\" \/>\n<meta name=\"twitter:card\" content=\"summary_large_image\" \/>\n<meta name=\"twitter:label1\" content=\"Tahmini okuma s\u00fcresi\" \/>\n\t<meta name=\"twitter:data1\" content=\"7 dakika\" \/>\n<script type=\"application\/ld+json\" class=\"yoast-schema-graph\">{\"@context\":\"https:\/\/schema.org\",\"@graph\":[{\"@type\":\"WebPage\",\"@id\":\"https:\/\/bridgehap.com\/?page_id=6470\",\"url\":\"https:\/\/bridgehap.com\/?page_id=6470\",\"name\":\"Terimler - HAP BR\u0130\u00c7\",\"isPartOf\":{\"@id\":\"https:\/\/bridgehap.com\/#website\"},\"datePublished\":\"2026-02-21T18:38:33+00:00\",\"dateModified\":\"2026-03-30T11:41:54+00:00\",\"breadcrumb\":{\"@id\":\"https:\/\/bridgehap.com\/?page_id=6470#breadcrumb\"},\"inLanguage\":\"tr\",\"potentialAction\":[{\"@type\":\"ReadAction\",\"target\":[\"https:\/\/bridgehap.com\/?page_id=6470\"]}]},{\"@type\":\"BreadcrumbList\",\"@id\":\"https:\/\/bridgehap.com\/?page_id=6470#breadcrumb\",\"itemListElement\":[{\"@type\":\"ListItem\",\"position\":1,\"name\":\"Anasayfa\",\"item\":\"https:\/\/bridgehap.com\/\"},{\"@type\":\"ListItem\",\"position\":2,\"name\":\"Terimler\"}]},{\"@type\":\"WebSite\",\"@id\":\"https:\/\/bridgehap.com\/#website\",\"url\":\"https:\/\/bridgehap.com\/\",\"name\":\"HAP BR\u0130\u00c7\",\"description\":\"\",\"publisher\":{\"@id\":\"https:\/\/bridgehap.com\/#organization\"},\"potentialAction\":[{\"@type\":\"SearchAction\",\"target\":{\"@type\":\"EntryPoint\",\"urlTemplate\":\"https:\/\/bridgehap.com\/?s={search_term_string}\"},\"query-input\":{\"@type\":\"PropertyValueSpecification\",\"valueRequired\":true,\"valueName\":\"search_term_string\"}}],\"inLanguage\":\"tr\"},{\"@type\":\"Organization\",\"@id\":\"https:\/\/bridgehap.com\/#organization\",\"name\":\"HAP BR\u0130\u00c7\",\"url\":\"https:\/\/bridgehap.com\/\",\"logo\":{\"@type\":\"ImageObject\",\"inLanguage\":\"tr\",\"@id\":\"https:\/\/bridgehap.com\/#\/schema\/logo\/image\/\",\"url\":\"https:\/\/bridgehap.com\/wp-content\/uploads\/2026\/02\/cropped-6-1-1.jpg\",\"contentUrl\":\"https:\/\/bridgehap.com\/wp-content\/uploads\/2026\/02\/cropped-6-1-1.jpg\",\"width\":67,\"height\":58,\"caption\":\"HAP BR\u0130\u00c7\"},\"image\":{\"@id\":\"https:\/\/bridgehap.com\/#\/schema\/logo\/image\/\"}}]}<\/script>\n<!-- \/ Yoast SEO plugin. -->","yoast_head_json":{"title":"Terimler - HAP BR\u0130\u00c7","robots":{"index":"index","follow":"follow","max-snippet":"max-snippet:-1","max-image-preview":"max-image-preview:large","max-video-preview":"max-video-preview:-1"},"canonical":"https:\/\/bridgehap.com\/?page_id=6470","og_locale":"tr_TR","og_type":"article","og_title":"Terimler - HAP BR\u0130\u00c7","og_description":"\u2663&nbsp;Trefl :&nbsp;Sinek, Destedeki 4 renkten en k\u00fc\u00e7\u00fck olan\u0131, C ile g\u00f6sterilir. \u2666&nbsp;Karo:&nbsp;Trefl renginin bir b\u00fcy\u00fc\u011f\u00fc D ile g\u00f6sterilir. \u2665&nbsp;K\u00f6r :&nbsp;Kupa, Karo renginin bir b\u00fcy\u00fc\u011f\u00fc H ile g\u00f6sterilir. \u2660&nbsp;Pik:&nbsp;Ma\u00e7a, K\u00f6r renginin bir b\u00fcy\u00fc\u011f\u00fc S ile g\u00f6sterilir. Renklerin en g\u00fc\u00e7l\u00fcs\u00fcd\u00fcr. 5&#8217;li maj\u00f6r : Bri\u00e7 oyun sistem ad\u0131d\u0131r. Oyun a\u00e7\u0131l\u0131\u015flar\u0131nda elinizde K\u00f6r veya Pik renginde en az 5...","og_url":"https:\/\/bridgehap.com\/?page_id=6470","og_site_name":"HAP BR\u0130\u00c7","article_modified_time":"2026-03-30T11:41:54+00:00","twitter_card":"summary_large_image","twitter_misc":{"Tahmini okuma s\u00fcresi":"7 dakika"},"schema":{"@context":"https:\/\/schema.org","@graph":[{"@type":"WebPage","@id":"https:\/\/bridgehap.com\/?page_id=6470","url":"https:\/\/bridgehap.com\/?page_id=6470","name":"Terimler - HAP BR\u0130\u00c7","isPartOf":{"@id":"https:\/\/bridgehap.com\/#website"},"datePublished":"2026-02-21T18:38:33+00:00","dateModified":"2026-03-30T11:41:54+00:00","breadcrumb":{"@id":"https:\/\/bridgehap.com\/?page_id=6470#breadcrumb"},"inLanguage":"tr","potentialAction":[{"@type":"ReadAction","target":["https:\/\/bridgehap.com\/?page_id=6470"]}]},{"@type":"BreadcrumbList","@id":"https:\/\/bridgehap.com\/?page_id=6470#breadcrumb","itemListElement":[{"@type":"ListItem","position":1,"name":"Anasayfa","item":"https:\/\/bridgehap.com\/"},{"@type":"ListItem","position":2,"name":"Terimler"}]},{"@type":"WebSite","@id":"https:\/\/bridgehap.com\/#website","url":"https:\/\/bridgehap.com\/","name":"HAP BR\u0130\u00c7","description":"","publisher":{"@id":"https:\/\/bridgehap.com\/#organization"},"potentialAction":[{"@type":"SearchAction","target":{"@type":"EntryPoint","urlTemplate":"https:\/\/bridgehap.com\/?s={search_term_string}"},"query-input":{"@type":"PropertyValueSpecification","valueRequired":true,"valueName":"search_term_string"}}],"inLanguage":"tr"},{"@type":"Organization","@id":"https:\/\/bridgehap.com\/#organization","name":"HAP BR\u0130\u00c7","url":"https:\/\/bridgehap.com\/","logo":{"@type":"ImageObject","inLanguage":"tr","@id":"https:\/\/bridgehap.com\/#\/schema\/logo\/image\/","url":"https:\/\/bridgehap.com\/wp-content\/uploads\/2026\/02\/cropped-6-1-1.jpg","contentUrl":"https:\/\/bridgehap.com\/wp-content\/uploads\/2026\/02\/cropped-6-1-1.jpg","width":67,"height":58,"caption":"HAP BR\u0130\u00c7"},"image":{"@id":"https:\/\/bridgehap.com\/#\/schema\/logo\/image\/"}}]}},"_links":{"self":[{"href":"https:\/\/bridgehap.com\/index.php?rest_route=\/wp\/v2\/pages\/6470","targetHints":{"allow":["GET"]}}],"collection":[{"href":"https:\/\/bridgehap.com\/index.php?rest_route=\/wp\/v2\/pages"}],"about":[{"href":"https:\/\/bridgehap.com\/index.php?rest_route=\/wp\/v2\/types\/page"}],"author":[{"embeddable":true,"href":"https:\/\/bridgehap.com\/index.php?rest_route=\/wp\/v2\/users\/1"}],"replies":[{"embeddable":true,"href":"https:\/\/bridgehap.com\/index.php?rest_route=%2Fwp%2Fv2%2Fcomments&post=6470"}],"version-history":[{"count":5,"href":"https:\/\/bridgehap.com\/index.php?rest_route=\/wp\/v2\/pages\/6470\/revisions"}],"predecessor-version":[{"id":7067,"href":"https:\/\/bridgehap.com\/index.php?rest_route=\/wp\/v2\/pages\/6470\/revisions\/7067"}],"wp:attachment":[{"href":"https:\/\/bridgehap.com\/index.php?rest_route=%2Fwp%2Fv2%2Fmedia&parent=6470"}],"curies":[{"name":"wp","href":"https:\/\/api.w.org\/{rel}","templated":true}]}}