{"id":6728,"date":"2026-03-14T20:45:36","date_gmt":"2026-03-14T17:45:36","guid":{"rendered":"http:\/\/localhost\/wordpress\/?page_id=6728"},"modified":"2026-03-14T20:45:40","modified_gmt":"2026-03-14T17:45:40","slug":"alain-levy-konvansiyonu","status":"publish","type":"page","link":"https:\/\/bridgehap.com\/?page_id=6728","title":{"rendered":"Alain Levy Konvansiyonu"},"content":{"rendered":"\n<p class=\"wp-block-paragraph\">Bir Min\u00f6r ile oyun a\u00e7\u0131c\u0131n\u0131n orta\u011f\u0131ndan 1Maj\u00f6r cevab\u0131 ald\u0131\u011f\u0131nda 2 NT ile cevap vermesidir.                                                                                                      A\u00e7\u0131c\u0131da 18-20 OP ve dengeli el olmas\u0131 gerekir.<\/p>\n\n\n\n<figure class=\"wp-block-image size-full is-resized\"><img fetchpriority=\"high\" decoding=\"async\" width=\"787\" height=\"452\" src=\"http:\/\/localhost\/wordpress\/wp-content\/uploads\/2026\/03\/Alain-levy_ornek_1.jpg\" alt=\"\" class=\"wp-image-6729\" style=\"width:667px;height:auto\" srcset=\"https:\/\/bridgehap.com\/wp-content\/uploads\/2026\/03\/Alain-levy_ornek_1.jpg 787w, https:\/\/bridgehap.com\/wp-content\/uploads\/2026\/03\/Alain-levy_ornek_1-300x172.jpg 300w, https:\/\/bridgehap.com\/wp-content\/uploads\/2026\/03\/Alain-levy_ornek_1-768x441.jpg 768w\" sizes=\"(max-width: 787px) 100vw, 787px\" \/><\/figure>\n","protected":false},"excerpt":{"rendered":"<p>Bir Min\u00f6r ile oyun a\u00e7\u0131c\u0131n\u0131n orta\u011f\u0131ndan 1Maj\u00f6r cevab\u0131 ald\u0131\u011f\u0131nda 2 NT ile cevap vermesidir. A\u00e7\u0131c\u0131da 18-20 OP ve dengeli el olmas\u0131 gerekir.<\/p>\n","protected":false},"author":1,"featured_media":0,"parent":0,"menu_order":0,"comment_status":"closed","ping_status":"closed","template":"","meta":{"_crdt_document":"","_themeisle_gutenberg_block_has_review":false,"_kad_post_transparent":"","_kad_post_title":"","_kad_post_layout":"","_kad_post_sidebar_id":"","_kad_post_content_style":"","_kad_post_vertical_padding":"","_kad_post_feature":"","_kad_post_feature_position":"","_kad_post_header":false,"_kad_post_footer":false,"_kad_post_classname":"","footnotes":""},"class_list":["post-6728","page","type-page","status-publish","hentry"],"yoast_head":"<!-- This site is optimized with the Yoast SEO plugin v27.0 - https:\/\/yoast.com\/product\/yoast-seo-wordpress\/ -->\n<title>Alain Levy Konvansiyonu - HAP BR\u0130\u00c7<\/title>\n<meta name=\"robots\" content=\"index, follow, max-snippet:-1, max-image-preview:large, max-video-preview:-1\" \/>\n<link rel=\"canonical\" href=\"https:\/\/bridgehap.com\/?page_id=6728\" \/>\n<meta property=\"og:locale\" content=\"tr_TR\" \/>\n<meta property=\"og:type\" content=\"article\" \/>\n<meta property=\"og:title\" content=\"Alain Levy Konvansiyonu - HAP BR\u0130\u00c7\" \/>\n<meta property=\"og:description\" content=\"Bir Min\u00f6r ile oyun a\u00e7\u0131c\u0131n\u0131n orta\u011f\u0131ndan 1Maj\u00f6r cevab\u0131 ald\u0131\u011f\u0131nda 2 NT ile cevap vermesidir. A\u00e7\u0131c\u0131da 18-20 OP ve dengeli el olmas\u0131 gerekir.\" \/>\n<meta property=\"og:url\" content=\"https:\/\/bridgehap.com\/?page_id=6728\" \/>\n<meta property=\"og:site_name\" content=\"HAP BR\u0130\u00c7\" \/>\n<meta property=\"article:modified_time\" content=\"2026-03-14T17:45:40+00:00\" \/>\n<meta property=\"og:image\" content=\"http:\/\/localhost\/wordpress\/wp-content\/uploads\/2026\/03\/Alain-levy_ornek_1.jpg\" \/>\n<meta name=\"twitter:card\" content=\"summary_large_image\" \/>\n<meta name=\"twitter:label1\" content=\"Tahmini okuma s\u00fcresi\" \/>\n\t<meta name=\"twitter:data1\" content=\"1 dakika\" \/>\n<script type=\"application\/ld+json\" class=\"yoast-schema-graph\">{\"@context\":\"https:\/\/schema.org\",\"@graph\":[{\"@type\":\"WebPage\",\"@id\":\"https:\/\/bridgehap.com\/?page_id=6728\",\"url\":\"https:\/\/bridgehap.com\/?page_id=6728\",\"name\":\"Alain Levy Konvansiyonu - HAP BR\u0130\u00c7\",\"isPartOf\":{\"@id\":\"https:\/\/bridgehap.com\/#website\"},\"primaryImageOfPage\":{\"@id\":\"https:\/\/bridgehap.com\/?page_id=6728#primaryimage\"},\"image\":{\"@id\":\"https:\/\/bridgehap.com\/?page_id=6728#primaryimage\"},\"thumbnailUrl\":\"http:\/\/localhost\/wordpress\/wp-content\/uploads\/2026\/03\/Alain-levy_ornek_1.jpg\",\"datePublished\":\"2026-03-14T17:45:36+00:00\",\"dateModified\":\"2026-03-14T17:45:40+00:00\",\"breadcrumb\":{\"@id\":\"https:\/\/bridgehap.com\/?page_id=6728#breadcrumb\"},\"inLanguage\":\"tr\",\"potentialAction\":[{\"@type\":\"ReadAction\",\"target\":[\"https:\/\/bridgehap.com\/?page_id=6728\"]}]},{\"@type\":\"ImageObject\",\"inLanguage\":\"tr\",\"@id\":\"https:\/\/bridgehap.com\/?page_id=6728#primaryimage\",\"url\":\"http:\/\/localhost\/wordpress\/wp-content\/uploads\/2026\/03\/Alain-levy_ornek_1.jpg\",\"contentUrl\":\"http:\/\/localhost\/wordpress\/wp-content\/uploads\/2026\/03\/Alain-levy_ornek_1.jpg\"},{\"@type\":\"BreadcrumbList\",\"@id\":\"https:\/\/bridgehap.com\/?page_id=6728#breadcrumb\",\"itemListElement\":[{\"@type\":\"ListItem\",\"position\":1,\"name\":\"Anasayfa\",\"item\":\"https:\/\/bridgehap.com\/\"},{\"@type\":\"ListItem\",\"position\":2,\"name\":\"Alain Levy Konvansiyonu\"}]},{\"@type\":\"WebSite\",\"@id\":\"https:\/\/bridgehap.com\/#website\",\"url\":\"https:\/\/bridgehap.com\/\",\"name\":\"HAP BR\u0130\u00c7\",\"description\":\"\",\"publisher\":{\"@id\":\"https:\/\/bridgehap.com\/#organization\"},\"potentialAction\":[{\"@type\":\"SearchAction\",\"target\":{\"@type\":\"EntryPoint\",\"urlTemplate\":\"https:\/\/bridgehap.com\/?s={search_term_string}\"},\"query-input\":{\"@type\":\"PropertyValueSpecification\",\"valueRequired\":true,\"valueName\":\"search_term_string\"}}],\"inLanguage\":\"tr\"},{\"@type\":\"Organization\",\"@id\":\"https:\/\/bridgehap.com\/#organization\",\"name\":\"HAP BR\u0130\u00c7\",\"url\":\"https:\/\/bridgehap.com\/\",\"logo\":{\"@type\":\"ImageObject\",\"inLanguage\":\"tr\",\"@id\":\"https:\/\/bridgehap.com\/#\/schema\/logo\/image\/\",\"url\":\"https:\/\/bridgehap.com\/wp-content\/uploads\/2026\/02\/cropped-6-1-1.jpg\",\"contentUrl\":\"https:\/\/bridgehap.com\/wp-content\/uploads\/2026\/02\/cropped-6-1-1.jpg\",\"width\":67,\"height\":58,\"caption\":\"HAP BR\u0130\u00c7\"},\"image\":{\"@id\":\"https:\/\/bridgehap.com\/#\/schema\/logo\/image\/\"}}]}<\/script>\n<!-- \/ Yoast SEO plugin. -->","yoast_head_json":{"title":"Alain Levy Konvansiyonu - HAP BR\u0130\u00c7","robots":{"index":"index","follow":"follow","max-snippet":"max-snippet:-1","max-image-preview":"max-image-preview:large","max-video-preview":"max-video-preview:-1"},"canonical":"https:\/\/bridgehap.com\/?page_id=6728","og_locale":"tr_TR","og_type":"article","og_title":"Alain Levy Konvansiyonu - HAP BR\u0130\u00c7","og_description":"Bir Min\u00f6r ile oyun a\u00e7\u0131c\u0131n\u0131n orta\u011f\u0131ndan 1Maj\u00f6r cevab\u0131 ald\u0131\u011f\u0131nda 2 NT ile cevap vermesidir. A\u00e7\u0131c\u0131da 18-20 OP ve dengeli el olmas\u0131 gerekir.","og_url":"https:\/\/bridgehap.com\/?page_id=6728","og_site_name":"HAP BR\u0130\u00c7","article_modified_time":"2026-03-14T17:45:40+00:00","og_image":[{"url":"http:\/\/localhost\/wordpress\/wp-content\/uploads\/2026\/03\/Alain-levy_ornek_1.jpg","type":"","width":"","height":""}],"twitter_card":"summary_large_image","twitter_misc":{"Tahmini okuma s\u00fcresi":"1 dakika"},"schema":{"@context":"https:\/\/schema.org","@graph":[{"@type":"WebPage","@id":"https:\/\/bridgehap.com\/?page_id=6728","url":"https:\/\/bridgehap.com\/?page_id=6728","name":"Alain Levy Konvansiyonu - HAP BR\u0130\u00c7","isPartOf":{"@id":"https:\/\/bridgehap.com\/#website"},"primaryImageOfPage":{"@id":"https:\/\/bridgehap.com\/?page_id=6728#primaryimage"},"image":{"@id":"https:\/\/bridgehap.com\/?page_id=6728#primaryimage"},"thumbnailUrl":"http:\/\/localhost\/wordpress\/wp-content\/uploads\/2026\/03\/Alain-levy_ornek_1.jpg","datePublished":"2026-03-14T17:45:36+00:00","dateModified":"2026-03-14T17:45:40+00:00","breadcrumb":{"@id":"https:\/\/bridgehap.com\/?page_id=6728#breadcrumb"},"inLanguage":"tr","potentialAction":[{"@type":"ReadAction","target":["https:\/\/bridgehap.com\/?page_id=6728"]}]},{"@type":"ImageObject","inLanguage":"tr","@id":"https:\/\/bridgehap.com\/?page_id=6728#primaryimage","url":"http:\/\/localhost\/wordpress\/wp-content\/uploads\/2026\/03\/Alain-levy_ornek_1.jpg","contentUrl":"http:\/\/localhost\/wordpress\/wp-content\/uploads\/2026\/03\/Alain-levy_ornek_1.jpg"},{"@type":"BreadcrumbList","@id":"https:\/\/bridgehap.com\/?page_id=6728#breadcrumb","itemListElement":[{"@type":"ListItem","position":1,"name":"Anasayfa","item":"https:\/\/bridgehap.com\/"},{"@type":"ListItem","position":2,"name":"Alain Levy Konvansiyonu"}]},{"@type":"WebSite","@id":"https:\/\/bridgehap.com\/#website","url":"https:\/\/bridgehap.com\/","name":"HAP BR\u0130\u00c7","description":"","publisher":{"@id":"https:\/\/bridgehap.com\/#organization"},"potentialAction":[{"@type":"SearchAction","target":{"@type":"EntryPoint","urlTemplate":"https:\/\/bridgehap.com\/?s={search_term_string}"},"query-input":{"@type":"PropertyValueSpecification","valueRequired":true,"valueName":"search_term_string"}}],"inLanguage":"tr"},{"@type":"Organization","@id":"https:\/\/bridgehap.com\/#organization","name":"HAP BR\u0130\u00c7","url":"https:\/\/bridgehap.com\/","logo":{"@type":"ImageObject","inLanguage":"tr","@id":"https:\/\/bridgehap.com\/#\/schema\/logo\/image\/","url":"https:\/\/bridgehap.com\/wp-content\/uploads\/2026\/02\/cropped-6-1-1.jpg","contentUrl":"https:\/\/bridgehap.com\/wp-content\/uploads\/2026\/02\/cropped-6-1-1.jpg","width":67,"height":58,"caption":"HAP BR\u0130\u00c7"},"image":{"@id":"https:\/\/bridgehap.com\/#\/schema\/logo\/image\/"}}]}},"_links":{"self":[{"href":"https:\/\/bridgehap.com\/index.php?rest_route=\/wp\/v2\/pages\/6728","targetHints":{"allow":["GET"]}}],"collection":[{"href":"https:\/\/bridgehap.com\/index.php?rest_route=\/wp\/v2\/pages"}],"about":[{"href":"https:\/\/bridgehap.com\/index.php?rest_route=\/wp\/v2\/types\/page"}],"author":[{"embeddable":true,"href":"https:\/\/bridgehap.com\/index.php?rest_route=\/wp\/v2\/users\/1"}],"replies":[{"embeddable":true,"href":"https:\/\/bridgehap.com\/index.php?rest_route=%2Fwp%2Fv2%2Fcomments&post=6728"}],"version-history":[{"count":1,"href":"https:\/\/bridgehap.com\/index.php?rest_route=\/wp\/v2\/pages\/6728\/revisions"}],"predecessor-version":[{"id":6730,"href":"https:\/\/bridgehap.com\/index.php?rest_route=\/wp\/v2\/pages\/6728\/revisions\/6730"}],"wp:attachment":[{"href":"https:\/\/bridgehap.com\/index.php?rest_route=%2Fwp%2Fv2%2Fmedia&parent=6728"}],"curies":[{"name":"wp","href":"https:\/\/api.w.org\/{rel}","templated":true}]}}