{"id":6777,"date":"2026-03-14T21:49:30","date_gmt":"2026-03-14T18:49:30","guid":{"rendered":"http:\/\/localhost\/wordpress\/?page_id=6777"},"modified":"2026-03-14T21:52:58","modified_gmt":"2026-03-14T18:52:58","slug":"inverted-minor-konvansiyonu","status":"publish","type":"page","link":"https:\/\/bridgehap.com\/?page_id=6777","title":{"rendered":"\u0130nverted Min\u00f6r Konvansiyonu"},"content":{"rendered":"\n<ul class=\"wp-block-list\">\n<li>Min\u00f6r a\u00e7\u0131\u015flarda 2 ve 3 seviyesinde destek konu\u015fmalar\u0131 yap\u0131l\u0131r. Basit destek 6 -10 On\u00f6r puan\u0131 g\u00f6sterirken, s\u0131\u00e7ramal\u0131 destek ise 11-12 On\u00f6r puan\u0131 g\u00f6sterir.<\/li>\n\n\n\n<li> Min\u00f6r a\u00e7\u0131\u015flar\u0131 3+ kart g\u00f6sterdi\u011fi i\u00e7in min\u00f6r tutu\u015flar\u0131 5+ kart orta\u011f\u0131n a\u00e7t\u0131\u011f\u0131 min\u00f6r rengi garanti eder.<\/li>\n<\/ul>\n\n\n\n<p class=\"wp-block-paragraph\">     <strong>Ortak 1min\u00f6r a\u00e7t\u0131\u011f\u0131nda<\/strong>:<\/p>\n\n\n\n<ul class=\"wp-block-list\">\n<li>Orta\u011f\u0131n\u0131z\u0131n 1\u2019li seviyedeki min\u00f6r a\u00e7\u0131l\u0131\u015flar\u0131na, 2\u2019l\u00fc veya 3\u2019l\u00fc seviyede cevap vermektir.<\/li>\n\n\n\n<li>2 min\u00f6r cevab\u0131 en az davet puan g\u00f6sterir<\/li>\n\n\n\n<li>3 min\u00f6r cevab\u0131 basit destek g\u00f6sterir (\u00e7o\u011funlukla dengesiz el)<\/li>\n\n\n\n<li>Cevap\u00e7\u0131da 4l\u00fc maj\u00f6r olmaz.<\/li>\n\n\n\n<li>1\u2663 \/ 1\u2666 a\u00e7\u0131l\u0131\u015f\u0131na, ikili seviyede 2\u2663 \/ 2\u2666 \u00a0veya \u00a03\u2019l\u00fc seviyede 3\u2663 \/ 3\u2666 \u00a0cevab\u0131 ile inverted min\u00f6r yap\u0131l\u0131r.<\/li>\n<\/ul>\n\n\n\n<figure class=\"wp-block-image size-full is-resized\"><img fetchpriority=\"high\" decoding=\"async\" width=\"703\" height=\"398\" src=\"http:\/\/localhost\/wordpress\/wp-content\/uploads\/2026\/03\/invertedMinor_ornek_1.jpg\" alt=\"\" class=\"wp-image-6781\" style=\"width:743px;height:auto\" srcset=\"https:\/\/bridgehap.com\/wp-content\/uploads\/2026\/03\/invertedMinor_ornek_1.jpg 703w, https:\/\/bridgehap.com\/wp-content\/uploads\/2026\/03\/invertedMinor_ornek_1-300x170.jpg 300w\" sizes=\"(max-width: 703px) 100vw, 703px\" \/><\/figure>\n","protected":false},"excerpt":{"rendered":"<p>Ortak 1min\u00f6r a\u00e7t\u0131\u011f\u0131nda:<\/p>\n","protected":false},"author":1,"featured_media":0,"parent":0,"menu_order":0,"comment_status":"closed","ping_status":"closed","template":"","meta":{"_crdt_document":"","_themeisle_gutenberg_block_has_review":false,"_kad_post_transparent":"","_kad_post_title":"","_kad_post_layout":"","_kad_post_sidebar_id":"","_kad_post_content_style":"","_kad_post_vertical_padding":"","_kad_post_feature":"","_kad_post_feature_position":"","_kad_post_header":false,"_kad_post_footer":false,"_kad_post_classname":"","footnotes":""},"class_list":["post-6777","page","type-page","status-publish","hentry"],"yoast_head":"<!-- This site is optimized with the Yoast SEO plugin v27.0 - https:\/\/yoast.com\/product\/yoast-seo-wordpress\/ -->\n<title>\u0130nverted Min\u00f6r Konvansiyonu - HAP BR\u0130\u00c7<\/title>\n<meta name=\"robots\" content=\"index, follow, max-snippet:-1, max-image-preview:large, max-video-preview:-1\" \/>\n<link rel=\"canonical\" href=\"https:\/\/bridgehap.com\/?page_id=6777\" \/>\n<meta property=\"og:locale\" content=\"tr_TR\" \/>\n<meta property=\"og:type\" content=\"article\" \/>\n<meta property=\"og:title\" content=\"\u0130nverted Min\u00f6r Konvansiyonu - HAP BR\u0130\u00c7\" \/>\n<meta property=\"og:description\" content=\"Ortak 1min\u00f6r a\u00e7t\u0131\u011f\u0131nda:\" \/>\n<meta property=\"og:url\" content=\"https:\/\/bridgehap.com\/?page_id=6777\" \/>\n<meta property=\"og:site_name\" content=\"HAP BR\u0130\u00c7\" \/>\n<meta property=\"article:modified_time\" content=\"2026-03-14T18:52:58+00:00\" \/>\n<meta property=\"og:image\" content=\"http:\/\/localhost\/wordpress\/wp-content\/uploads\/2026\/03\/invertedMinor_ornek_1.jpg\" \/>\n<meta name=\"twitter:card\" content=\"summary_large_image\" \/>\n<meta name=\"twitter:label1\" content=\"Tahmini okuma s\u00fcresi\" \/>\n\t<meta name=\"twitter:data1\" content=\"1 dakika\" \/>\n<script type=\"application\/ld+json\" class=\"yoast-schema-graph\">{\"@context\":\"https:\/\/schema.org\",\"@graph\":[{\"@type\":\"WebPage\",\"@id\":\"https:\/\/bridgehap.com\/?page_id=6777\",\"url\":\"https:\/\/bridgehap.com\/?page_id=6777\",\"name\":\"\u0130nverted Min\u00f6r Konvansiyonu - HAP BR\u0130\u00c7\",\"isPartOf\":{\"@id\":\"https:\/\/bridgehap.com\/#website\"},\"primaryImageOfPage\":{\"@id\":\"https:\/\/bridgehap.com\/?page_id=6777#primaryimage\"},\"image\":{\"@id\":\"https:\/\/bridgehap.com\/?page_id=6777#primaryimage\"},\"thumbnailUrl\":\"http:\/\/localhost\/wordpress\/wp-content\/uploads\/2026\/03\/invertedMinor_ornek_1.jpg\",\"datePublished\":\"2026-03-14T18:49:30+00:00\",\"dateModified\":\"2026-03-14T18:52:58+00:00\",\"breadcrumb\":{\"@id\":\"https:\/\/bridgehap.com\/?page_id=6777#breadcrumb\"},\"inLanguage\":\"tr\",\"potentialAction\":[{\"@type\":\"ReadAction\",\"target\":[\"https:\/\/bridgehap.com\/?page_id=6777\"]}]},{\"@type\":\"ImageObject\",\"inLanguage\":\"tr\",\"@id\":\"https:\/\/bridgehap.com\/?page_id=6777#primaryimage\",\"url\":\"http:\/\/localhost\/wordpress\/wp-content\/uploads\/2026\/03\/invertedMinor_ornek_1.jpg\",\"contentUrl\":\"http:\/\/localhost\/wordpress\/wp-content\/uploads\/2026\/03\/invertedMinor_ornek_1.jpg\"},{\"@type\":\"BreadcrumbList\",\"@id\":\"https:\/\/bridgehap.com\/?page_id=6777#breadcrumb\",\"itemListElement\":[{\"@type\":\"ListItem\",\"position\":1,\"name\":\"Anasayfa\",\"item\":\"https:\/\/bridgehap.com\/\"},{\"@type\":\"ListItem\",\"position\":2,\"name\":\"\u0130nverted Min\u00f6r Konvansiyonu\"}]},{\"@type\":\"WebSite\",\"@id\":\"https:\/\/bridgehap.com\/#website\",\"url\":\"https:\/\/bridgehap.com\/\",\"name\":\"HAP BR\u0130\u00c7\",\"description\":\"\",\"publisher\":{\"@id\":\"https:\/\/bridgehap.com\/#organization\"},\"potentialAction\":[{\"@type\":\"SearchAction\",\"target\":{\"@type\":\"EntryPoint\",\"urlTemplate\":\"https:\/\/bridgehap.com\/?s={search_term_string}\"},\"query-input\":{\"@type\":\"PropertyValueSpecification\",\"valueRequired\":true,\"valueName\":\"search_term_string\"}}],\"inLanguage\":\"tr\"},{\"@type\":\"Organization\",\"@id\":\"https:\/\/bridgehap.com\/#organization\",\"name\":\"HAP BR\u0130\u00c7\",\"url\":\"https:\/\/bridgehap.com\/\",\"logo\":{\"@type\":\"ImageObject\",\"inLanguage\":\"tr\",\"@id\":\"https:\/\/bridgehap.com\/#\/schema\/logo\/image\/\",\"url\":\"https:\/\/bridgehap.com\/wp-content\/uploads\/2026\/02\/cropped-6-1-1.jpg\",\"contentUrl\":\"https:\/\/bridgehap.com\/wp-content\/uploads\/2026\/02\/cropped-6-1-1.jpg\",\"width\":67,\"height\":58,\"caption\":\"HAP BR\u0130\u00c7\"},\"image\":{\"@id\":\"https:\/\/bridgehap.com\/#\/schema\/logo\/image\/\"}}]}<\/script>\n<!-- \/ Yoast SEO plugin. -->","yoast_head_json":{"title":"\u0130nverted Min\u00f6r Konvansiyonu - HAP BR\u0130\u00c7","robots":{"index":"index","follow":"follow","max-snippet":"max-snippet:-1","max-image-preview":"max-image-preview:large","max-video-preview":"max-video-preview:-1"},"canonical":"https:\/\/bridgehap.com\/?page_id=6777","og_locale":"tr_TR","og_type":"article","og_title":"\u0130nverted Min\u00f6r Konvansiyonu - HAP BR\u0130\u00c7","og_description":"Ortak 1min\u00f6r a\u00e7t\u0131\u011f\u0131nda:","og_url":"https:\/\/bridgehap.com\/?page_id=6777","og_site_name":"HAP BR\u0130\u00c7","article_modified_time":"2026-03-14T18:52:58+00:00","og_image":[{"url":"http:\/\/localhost\/wordpress\/wp-content\/uploads\/2026\/03\/invertedMinor_ornek_1.jpg","type":"","width":"","height":""}],"twitter_card":"summary_large_image","twitter_misc":{"Tahmini okuma s\u00fcresi":"1 dakika"},"schema":{"@context":"https:\/\/schema.org","@graph":[{"@type":"WebPage","@id":"https:\/\/bridgehap.com\/?page_id=6777","url":"https:\/\/bridgehap.com\/?page_id=6777","name":"\u0130nverted Min\u00f6r Konvansiyonu - HAP BR\u0130\u00c7","isPartOf":{"@id":"https:\/\/bridgehap.com\/#website"},"primaryImageOfPage":{"@id":"https:\/\/bridgehap.com\/?page_id=6777#primaryimage"},"image":{"@id":"https:\/\/bridgehap.com\/?page_id=6777#primaryimage"},"thumbnailUrl":"http:\/\/localhost\/wordpress\/wp-content\/uploads\/2026\/03\/invertedMinor_ornek_1.jpg","datePublished":"2026-03-14T18:49:30+00:00","dateModified":"2026-03-14T18:52:58+00:00","breadcrumb":{"@id":"https:\/\/bridgehap.com\/?page_id=6777#breadcrumb"},"inLanguage":"tr","potentialAction":[{"@type":"ReadAction","target":["https:\/\/bridgehap.com\/?page_id=6777"]}]},{"@type":"ImageObject","inLanguage":"tr","@id":"https:\/\/bridgehap.com\/?page_id=6777#primaryimage","url":"http:\/\/localhost\/wordpress\/wp-content\/uploads\/2026\/03\/invertedMinor_ornek_1.jpg","contentUrl":"http:\/\/localhost\/wordpress\/wp-content\/uploads\/2026\/03\/invertedMinor_ornek_1.jpg"},{"@type":"BreadcrumbList","@id":"https:\/\/bridgehap.com\/?page_id=6777#breadcrumb","itemListElement":[{"@type":"ListItem","position":1,"name":"Anasayfa","item":"https:\/\/bridgehap.com\/"},{"@type":"ListItem","position":2,"name":"\u0130nverted Min\u00f6r Konvansiyonu"}]},{"@type":"WebSite","@id":"https:\/\/bridgehap.com\/#website","url":"https:\/\/bridgehap.com\/","name":"HAP BR\u0130\u00c7","description":"","publisher":{"@id":"https:\/\/bridgehap.com\/#organization"},"potentialAction":[{"@type":"SearchAction","target":{"@type":"EntryPoint","urlTemplate":"https:\/\/bridgehap.com\/?s={search_term_string}"},"query-input":{"@type":"PropertyValueSpecification","valueRequired":true,"valueName":"search_term_string"}}],"inLanguage":"tr"},{"@type":"Organization","@id":"https:\/\/bridgehap.com\/#organization","name":"HAP BR\u0130\u00c7","url":"https:\/\/bridgehap.com\/","logo":{"@type":"ImageObject","inLanguage":"tr","@id":"https:\/\/bridgehap.com\/#\/schema\/logo\/image\/","url":"https:\/\/bridgehap.com\/wp-content\/uploads\/2026\/02\/cropped-6-1-1.jpg","contentUrl":"https:\/\/bridgehap.com\/wp-content\/uploads\/2026\/02\/cropped-6-1-1.jpg","width":67,"height":58,"caption":"HAP BR\u0130\u00c7"},"image":{"@id":"https:\/\/bridgehap.com\/#\/schema\/logo\/image\/"}}]}},"_links":{"self":[{"href":"https:\/\/bridgehap.com\/index.php?rest_route=\/wp\/v2\/pages\/6777","targetHints":{"allow":["GET"]}}],"collection":[{"href":"https:\/\/bridgehap.com\/index.php?rest_route=\/wp\/v2\/pages"}],"about":[{"href":"https:\/\/bridgehap.com\/index.php?rest_route=\/wp\/v2\/types\/page"}],"author":[{"embeddable":true,"href":"https:\/\/bridgehap.com\/index.php?rest_route=\/wp\/v2\/users\/1"}],"replies":[{"embeddable":true,"href":"https:\/\/bridgehap.com\/index.php?rest_route=%2Fwp%2Fv2%2Fcomments&post=6777"}],"version-history":[{"count":3,"href":"https:\/\/bridgehap.com\/index.php?rest_route=\/wp\/v2\/pages\/6777\/revisions"}],"predecessor-version":[{"id":6783,"href":"https:\/\/bridgehap.com\/index.php?rest_route=\/wp\/v2\/pages\/6777\/revisions\/6783"}],"wp:attachment":[{"href":"https:\/\/bridgehap.com\/index.php?rest_route=%2Fwp%2Fv2%2Fmedia&parent=6777"}],"curies":[{"name":"wp","href":"https:\/\/api.w.org\/{rel}","templated":true}]}}