{"id":6807,"date":"2026-03-14T22:17:28","date_gmt":"2026-03-14T19:17:28","guid":{"rendered":"http:\/\/localhost\/wordpress\/?page_id=6807"},"modified":"2026-03-14T22:17:31","modified_gmt":"2026-03-14T19:17:31","slug":"michaels-cuebid-konvansiyonu","status":"publish","type":"page","link":"https:\/\/bridgehap.com\/?page_id=6807","title":{"rendered":"Michaels Cuebid Konvansiyonu"},"content":{"rendered":"\n<ul class=\"wp-block-list\">\n<li>Rakibin 1\u2019li seviyede renk a\u00e7\u0131l\u0131\u015f\u0131na yap\u0131l\u0131r. K\u00fcbit etmek i\u00e7in rakibin s\u00f6yledi\u011fi rengi bir \u00fcst seviyeden s\u00f6ylemektir. 5-5 elleri tarif eder ve 8-11 + OP veya 15+ OP gerekir.<\/li>\n\n\n\n<li>Ortak PAS ge\u00e7emez ve K\u00fcbit yapanda tekrar konu\u015fmay\u0131 vadeder.<\/li>\n\n\n\n<li>K\u00fcbit yapan kaptanl\u0131\u011f\u0131 eline alarak, Orta\u011f\u0131n\u0131n renginin kalitesini puan\u0131n\u0131 ve da\u011f\u0131l\u0131m\u0131n\u0131 \u00f6\u011frenmek ister.<\/li>\n<\/ul>\n\n\n\n<p class=\"wp-block-paragraph\">       <strong>Rakip 1 Renk \u00a0oyun a\u00e7t\u0131\u011f\u0131nda<\/strong>: <\/p>\n\n\n\n<ul class=\"wp-block-list\">\n<li>Zonsuz oyunda ( Ye\u015fil renk) 8-11 + OP olmal\u0131d\u0131r. Zonda (K\u0131rm\u0131z\u0131 renk) 15+OP<\/li>\n\n\n\n<li>5 &#8211; 5 Maj\u00f6r, 5-5 Min\u00f6r , 5Maj\u00f6r+5Min\u00f6r \u00a0gibi toplam 10 kart olmal\u0131d\u0131r. <\/li>\n\n\n\n<li>Direk K\u00fcbit Yap\u0131labildi\u011fi pozisyonlara g\u00f6re de\u011fi\u015fik puanlarla yap\u0131labilse de her pozisyonda koz tutu\u015fu garanti eder.<\/li>\n<\/ul>\n\n\n\n<figure class=\"wp-block-image size-full is-resized\"><img fetchpriority=\"high\" decoding=\"async\" width=\"517\" height=\"591\" src=\"http:\/\/localhost\/wordpress\/wp-content\/uploads\/2026\/03\/Cuebid_ornek_1.jpg\" alt=\"\" class=\"wp-image-6808\" style=\"width:648px;height:auto\" srcset=\"https:\/\/bridgehap.com\/wp-content\/uploads\/2026\/03\/Cuebid_ornek_1.jpg 517w, https:\/\/bridgehap.com\/wp-content\/uploads\/2026\/03\/Cuebid_ornek_1-262x300.jpg 262w\" sizes=\"(max-width: 517px) 100vw, 517px\" \/><\/figure>\n\n\n\n<figure class=\"wp-block-image size-full is-resized\"><img decoding=\"async\" width=\"519\" height=\"612\" src=\"http:\/\/localhost\/wordpress\/wp-content\/uploads\/2026\/03\/Cuebid_ornek_2.jpg\" alt=\"\" class=\"wp-image-6809\" style=\"width:651px;height:auto\" srcset=\"https:\/\/bridgehap.com\/wp-content\/uploads\/2026\/03\/Cuebid_ornek_2.jpg 519w, https:\/\/bridgehap.com\/wp-content\/uploads\/2026\/03\/Cuebid_ornek_2-254x300.jpg 254w\" sizes=\"(max-width: 519px) 100vw, 519px\" \/><\/figure>\n","protected":false},"excerpt":{"rendered":"<p>Rakip 1 Renk \u00a0oyun a\u00e7t\u0131\u011f\u0131nda:<\/p>\n","protected":false},"author":1,"featured_media":0,"parent":0,"menu_order":0,"comment_status":"closed","ping_status":"closed","template":"","meta":{"_crdt_document":"","_themeisle_gutenberg_block_has_review":false,"_kad_post_transparent":"","_kad_post_title":"","_kad_post_layout":"","_kad_post_sidebar_id":"","_kad_post_content_style":"","_kad_post_vertical_padding":"","_kad_post_feature":"","_kad_post_feature_position":"","_kad_post_header":false,"_kad_post_footer":false,"_kad_post_classname":"","footnotes":""},"class_list":["post-6807","page","type-page","status-publish","hentry"],"yoast_head":"<!-- This site is optimized with the Yoast SEO plugin v27.0 - https:\/\/yoast.com\/product\/yoast-seo-wordpress\/ -->\n<title>Michaels Cuebid Konvansiyonu - HAP BR\u0130\u00c7<\/title>\n<meta name=\"robots\" content=\"index, follow, max-snippet:-1, max-image-preview:large, max-video-preview:-1\" \/>\n<link rel=\"canonical\" href=\"https:\/\/bridgehap.com\/?page_id=6807\" \/>\n<meta property=\"og:locale\" content=\"tr_TR\" \/>\n<meta property=\"og:type\" content=\"article\" \/>\n<meta property=\"og:title\" content=\"Michaels Cuebid Konvansiyonu - HAP BR\u0130\u00c7\" \/>\n<meta property=\"og:description\" content=\"Rakip 1 Renk \u00a0oyun a\u00e7t\u0131\u011f\u0131nda:\" \/>\n<meta property=\"og:url\" content=\"https:\/\/bridgehap.com\/?page_id=6807\" \/>\n<meta property=\"og:site_name\" content=\"HAP BR\u0130\u00c7\" \/>\n<meta property=\"article:modified_time\" content=\"2026-03-14T19:17:31+00:00\" \/>\n<meta property=\"og:image\" content=\"http:\/\/localhost\/wordpress\/wp-content\/uploads\/2026\/03\/Cuebid_ornek_1.jpg\" \/>\n<meta name=\"twitter:card\" content=\"summary_large_image\" \/>\n<meta name=\"twitter:label1\" content=\"Tahmini okuma s\u00fcresi\" \/>\n\t<meta name=\"twitter:data1\" content=\"1 dakika\" \/>\n<script type=\"application\/ld+json\" class=\"yoast-schema-graph\">{\"@context\":\"https:\/\/schema.org\",\"@graph\":[{\"@type\":\"WebPage\",\"@id\":\"https:\/\/bridgehap.com\/?page_id=6807\",\"url\":\"https:\/\/bridgehap.com\/?page_id=6807\",\"name\":\"Michaels Cuebid Konvansiyonu - HAP BR\u0130\u00c7\",\"isPartOf\":{\"@id\":\"https:\/\/bridgehap.com\/#website\"},\"primaryImageOfPage\":{\"@id\":\"https:\/\/bridgehap.com\/?page_id=6807#primaryimage\"},\"image\":{\"@id\":\"https:\/\/bridgehap.com\/?page_id=6807#primaryimage\"},\"thumbnailUrl\":\"http:\/\/localhost\/wordpress\/wp-content\/uploads\/2026\/03\/Cuebid_ornek_1.jpg\",\"datePublished\":\"2026-03-14T19:17:28+00:00\",\"dateModified\":\"2026-03-14T19:17:31+00:00\",\"breadcrumb\":{\"@id\":\"https:\/\/bridgehap.com\/?page_id=6807#breadcrumb\"},\"inLanguage\":\"tr\",\"potentialAction\":[{\"@type\":\"ReadAction\",\"target\":[\"https:\/\/bridgehap.com\/?page_id=6807\"]}]},{\"@type\":\"ImageObject\",\"inLanguage\":\"tr\",\"@id\":\"https:\/\/bridgehap.com\/?page_id=6807#primaryimage\",\"url\":\"http:\/\/localhost\/wordpress\/wp-content\/uploads\/2026\/03\/Cuebid_ornek_1.jpg\",\"contentUrl\":\"http:\/\/localhost\/wordpress\/wp-content\/uploads\/2026\/03\/Cuebid_ornek_1.jpg\"},{\"@type\":\"BreadcrumbList\",\"@id\":\"https:\/\/bridgehap.com\/?page_id=6807#breadcrumb\",\"itemListElement\":[{\"@type\":\"ListItem\",\"position\":1,\"name\":\"Anasayfa\",\"item\":\"https:\/\/bridgehap.com\/\"},{\"@type\":\"ListItem\",\"position\":2,\"name\":\"Michaels Cuebid Konvansiyonu\"}]},{\"@type\":\"WebSite\",\"@id\":\"https:\/\/bridgehap.com\/#website\",\"url\":\"https:\/\/bridgehap.com\/\",\"name\":\"HAP BR\u0130\u00c7\",\"description\":\"\",\"publisher\":{\"@id\":\"https:\/\/bridgehap.com\/#organization\"},\"potentialAction\":[{\"@type\":\"SearchAction\",\"target\":{\"@type\":\"EntryPoint\",\"urlTemplate\":\"https:\/\/bridgehap.com\/?s={search_term_string}\"},\"query-input\":{\"@type\":\"PropertyValueSpecification\",\"valueRequired\":true,\"valueName\":\"search_term_string\"}}],\"inLanguage\":\"tr\"},{\"@type\":\"Organization\",\"@id\":\"https:\/\/bridgehap.com\/#organization\",\"name\":\"HAP BR\u0130\u00c7\",\"url\":\"https:\/\/bridgehap.com\/\",\"logo\":{\"@type\":\"ImageObject\",\"inLanguage\":\"tr\",\"@id\":\"https:\/\/bridgehap.com\/#\/schema\/logo\/image\/\",\"url\":\"https:\/\/bridgehap.com\/wp-content\/uploads\/2026\/02\/cropped-6-1-1.jpg\",\"contentUrl\":\"https:\/\/bridgehap.com\/wp-content\/uploads\/2026\/02\/cropped-6-1-1.jpg\",\"width\":67,\"height\":58,\"caption\":\"HAP BR\u0130\u00c7\"},\"image\":{\"@id\":\"https:\/\/bridgehap.com\/#\/schema\/logo\/image\/\"}}]}<\/script>\n<!-- \/ Yoast SEO plugin. -->","yoast_head_json":{"title":"Michaels Cuebid Konvansiyonu - HAP BR\u0130\u00c7","robots":{"index":"index","follow":"follow","max-snippet":"max-snippet:-1","max-image-preview":"max-image-preview:large","max-video-preview":"max-video-preview:-1"},"canonical":"https:\/\/bridgehap.com\/?page_id=6807","og_locale":"tr_TR","og_type":"article","og_title":"Michaels Cuebid Konvansiyonu - HAP BR\u0130\u00c7","og_description":"Rakip 1 Renk \u00a0oyun a\u00e7t\u0131\u011f\u0131nda:","og_url":"https:\/\/bridgehap.com\/?page_id=6807","og_site_name":"HAP BR\u0130\u00c7","article_modified_time":"2026-03-14T19:17:31+00:00","og_image":[{"url":"http:\/\/localhost\/wordpress\/wp-content\/uploads\/2026\/03\/Cuebid_ornek_1.jpg","type":"","width":"","height":""}],"twitter_card":"summary_large_image","twitter_misc":{"Tahmini okuma s\u00fcresi":"1 dakika"},"schema":{"@context":"https:\/\/schema.org","@graph":[{"@type":"WebPage","@id":"https:\/\/bridgehap.com\/?page_id=6807","url":"https:\/\/bridgehap.com\/?page_id=6807","name":"Michaels Cuebid Konvansiyonu - HAP BR\u0130\u00c7","isPartOf":{"@id":"https:\/\/bridgehap.com\/#website"},"primaryImageOfPage":{"@id":"https:\/\/bridgehap.com\/?page_id=6807#primaryimage"},"image":{"@id":"https:\/\/bridgehap.com\/?page_id=6807#primaryimage"},"thumbnailUrl":"http:\/\/localhost\/wordpress\/wp-content\/uploads\/2026\/03\/Cuebid_ornek_1.jpg","datePublished":"2026-03-14T19:17:28+00:00","dateModified":"2026-03-14T19:17:31+00:00","breadcrumb":{"@id":"https:\/\/bridgehap.com\/?page_id=6807#breadcrumb"},"inLanguage":"tr","potentialAction":[{"@type":"ReadAction","target":["https:\/\/bridgehap.com\/?page_id=6807"]}]},{"@type":"ImageObject","inLanguage":"tr","@id":"https:\/\/bridgehap.com\/?page_id=6807#primaryimage","url":"http:\/\/localhost\/wordpress\/wp-content\/uploads\/2026\/03\/Cuebid_ornek_1.jpg","contentUrl":"http:\/\/localhost\/wordpress\/wp-content\/uploads\/2026\/03\/Cuebid_ornek_1.jpg"},{"@type":"BreadcrumbList","@id":"https:\/\/bridgehap.com\/?page_id=6807#breadcrumb","itemListElement":[{"@type":"ListItem","position":1,"name":"Anasayfa","item":"https:\/\/bridgehap.com\/"},{"@type":"ListItem","position":2,"name":"Michaels Cuebid Konvansiyonu"}]},{"@type":"WebSite","@id":"https:\/\/bridgehap.com\/#website","url":"https:\/\/bridgehap.com\/","name":"HAP BR\u0130\u00c7","description":"","publisher":{"@id":"https:\/\/bridgehap.com\/#organization"},"potentialAction":[{"@type":"SearchAction","target":{"@type":"EntryPoint","urlTemplate":"https:\/\/bridgehap.com\/?s={search_term_string}"},"query-input":{"@type":"PropertyValueSpecification","valueRequired":true,"valueName":"search_term_string"}}],"inLanguage":"tr"},{"@type":"Organization","@id":"https:\/\/bridgehap.com\/#organization","name":"HAP BR\u0130\u00c7","url":"https:\/\/bridgehap.com\/","logo":{"@type":"ImageObject","inLanguage":"tr","@id":"https:\/\/bridgehap.com\/#\/schema\/logo\/image\/","url":"https:\/\/bridgehap.com\/wp-content\/uploads\/2026\/02\/cropped-6-1-1.jpg","contentUrl":"https:\/\/bridgehap.com\/wp-content\/uploads\/2026\/02\/cropped-6-1-1.jpg","width":67,"height":58,"caption":"HAP BR\u0130\u00c7"},"image":{"@id":"https:\/\/bridgehap.com\/#\/schema\/logo\/image\/"}}]}},"_links":{"self":[{"href":"https:\/\/bridgehap.com\/index.php?rest_route=\/wp\/v2\/pages\/6807","targetHints":{"allow":["GET"]}}],"collection":[{"href":"https:\/\/bridgehap.com\/index.php?rest_route=\/wp\/v2\/pages"}],"about":[{"href":"https:\/\/bridgehap.com\/index.php?rest_route=\/wp\/v2\/types\/page"}],"author":[{"embeddable":true,"href":"https:\/\/bridgehap.com\/index.php?rest_route=\/wp\/v2\/users\/1"}],"replies":[{"embeddable":true,"href":"https:\/\/bridgehap.com\/index.php?rest_route=%2Fwp%2Fv2%2Fcomments&post=6807"}],"version-history":[{"count":1,"href":"https:\/\/bridgehap.com\/index.php?rest_route=\/wp\/v2\/pages\/6807\/revisions"}],"predecessor-version":[{"id":6810,"href":"https:\/\/bridgehap.com\/index.php?rest_route=\/wp\/v2\/pages\/6807\/revisions\/6810"}],"wp:attachment":[{"href":"https:\/\/bridgehap.com\/index.php?rest_route=%2Fwp%2Fv2%2Fmedia&parent=6807"}],"curies":[{"name":"wp","href":"https:\/\/api.w.org\/{rel}","templated":true}]}}