{"id":6825,"date":"2026-03-14T22:30:38","date_gmt":"2026-03-14T19:30:38","guid":{"rendered":"http:\/\/localhost\/wordpress\/?page_id=6825"},"modified":"2026-03-28T11:27:56","modified_gmt":"2026-03-28T08:27:56","slug":"reverse-konvansiyonu","status":"publish","type":"page","link":"https:\/\/bridgehap.com\/?page_id=6825","title":{"rendered":"Reverse Konvansiyonu"},"content":{"rendered":"\n<p class=\"wp-block-paragraph\"><strong>A\u00e7\u0131c\u0131n\u0131n rebidinde ilk okudu\u011fu renkten daha pahal\u0131s\u0131n\u0131 s\u0131\u00e7rayarak okumas\u0131 REVERSE olarak adland\u0131r\u0131l\u0131r.<\/strong><\/p>\n\n\n\n<p class=\"wp-block-paragraph\"><strong>Reverse konu\u015fma elin g\u00fcc\u00fc ve da\u011f\u0131l\u0131m\u0131n\u0131 belirten bir konu\u015fmad\u0131r.<br>Reverse s\u00f6ylenen ilk rengin 5 kartl\u0131 ikinci renginde en az 4 kartl\u0131 oldu\u011funu g\u00f6sterir.<br>Reverse te ikinci s\u00f6ylenen renk ilk renkten daha g\u00fc\u00e7l\u00fcd\u00fcr.<br>Reverse forsingtir PAS ge\u00e7ilemez. Genelde 15-19 aras\u0131 puanla yap\u0131l\u0131r.<br>Reverse yapabilmek i\u00e7in elde \u015fikan veya singleton bir renk olmamal\u0131d\u0131r. \u00a0<\/strong><\/p>\n\n\n\n<figure class=\"wp-block-image size-full is-resized\"><img fetchpriority=\"high\" decoding=\"async\" width=\"645\" height=\"758\" src=\"http:\/\/localhost\/wordpress\/wp-content\/uploads\/2026\/03\/Reverse_ornek_1.jpg\" alt=\"\" class=\"wp-image-6826\" style=\"width:692px;height:auto\" srcset=\"https:\/\/bridgehap.com\/wp-content\/uploads\/2026\/03\/Reverse_ornek_1.jpg 645w, https:\/\/bridgehap.com\/wp-content\/uploads\/2026\/03\/Reverse_ornek_1-255x300.jpg 255w\" sizes=\"(max-width: 645px) 100vw, 645px\" \/><\/figure>\n","protected":false},"excerpt":{"rendered":"<p>A\u00e7\u0131c\u0131n\u0131n rebidinde ilk okudu\u011fu renkten daha pahal\u0131s\u0131n\u0131 s\u0131\u00e7rayarak okumas\u0131 REVERSE olarak adland\u0131r\u0131l\u0131r. Reverse konu\u015fma elin g\u00fcc\u00fc ve da\u011f\u0131l\u0131m\u0131n\u0131 belirten bir konu\u015fmad\u0131r.Reverse s\u00f6ylenen ilk rengin 5 kartl\u0131 ikinci renginde en az 4 kartl\u0131 oldu\u011funu g\u00f6sterir.Reverse te ikinci s\u00f6ylenen renk ilk renkten daha g\u00fc\u00e7l\u00fcd\u00fcr.Reverse forsingtir PAS ge\u00e7ilemez. Genelde 15-19 aras\u0131 puanla yap\u0131l\u0131r.Reverse yapabilmek i\u00e7in elde \u015fikan veya&#8230;<\/p>\n","protected":false},"author":1,"featured_media":0,"parent":0,"menu_order":0,"comment_status":"closed","ping_status":"closed","template":"","meta":{"_crdt_document":"","_themeisle_gutenberg_block_has_review":false,"_kad_post_transparent":"","_kad_post_title":"","_kad_post_layout":"","_kad_post_sidebar_id":"","_kad_post_content_style":"","_kad_post_vertical_padding":"","_kad_post_feature":"","_kad_post_feature_position":"","_kad_post_header":false,"_kad_post_footer":false,"_kad_post_classname":"","footnotes":""},"class_list":["post-6825","page","type-page","status-publish","hentry"],"yoast_head":"<!-- This site is optimized with the Yoast SEO plugin v27.0 - https:\/\/yoast.com\/product\/yoast-seo-wordpress\/ -->\n<title>Reverse Konvansiyonu - HAP BR\u0130\u00c7<\/title>\n<meta name=\"robots\" content=\"index, follow, max-snippet:-1, max-image-preview:large, max-video-preview:-1\" \/>\n<link rel=\"canonical\" href=\"https:\/\/bridgehap.com\/?page_id=6825\" \/>\n<meta property=\"og:locale\" content=\"tr_TR\" \/>\n<meta property=\"og:type\" content=\"article\" \/>\n<meta property=\"og:title\" content=\"Reverse Konvansiyonu - HAP BR\u0130\u00c7\" \/>\n<meta property=\"og:description\" content=\"A\u00e7\u0131c\u0131n\u0131n rebidinde ilk okudu\u011fu renkten daha pahal\u0131s\u0131n\u0131 s\u0131\u00e7rayarak okumas\u0131 REVERSE olarak adland\u0131r\u0131l\u0131r. Reverse konu\u015fma elin g\u00fcc\u00fc ve da\u011f\u0131l\u0131m\u0131n\u0131 belirten bir konu\u015fmad\u0131r.Reverse s\u00f6ylenen ilk rengin 5 kartl\u0131 ikinci renginde en az 4 kartl\u0131 oldu\u011funu g\u00f6sterir.Reverse te ikinci s\u00f6ylenen renk ilk renkten daha g\u00fc\u00e7l\u00fcd\u00fcr.Reverse forsingtir PAS ge\u00e7ilemez. Genelde 15-19 aras\u0131 puanla yap\u0131l\u0131r.Reverse yapabilmek i\u00e7in elde \u015fikan veya...\" \/>\n<meta property=\"og:url\" content=\"https:\/\/bridgehap.com\/?page_id=6825\" \/>\n<meta property=\"og:site_name\" content=\"HAP BR\u0130\u00c7\" \/>\n<meta property=\"article:modified_time\" content=\"2026-03-28T08:27:56+00:00\" \/>\n<meta property=\"og:image\" content=\"http:\/\/localhost\/wordpress\/wp-content\/uploads\/2026\/03\/Reverse_ornek_1.jpg\" \/>\n<meta name=\"twitter:card\" content=\"summary_large_image\" \/>\n<meta name=\"twitter:label1\" content=\"Tahmini okuma s\u00fcresi\" \/>\n\t<meta name=\"twitter:data1\" content=\"1 dakika\" \/>\n<script type=\"application\/ld+json\" class=\"yoast-schema-graph\">{\"@context\":\"https:\/\/schema.org\",\"@graph\":[{\"@type\":\"WebPage\",\"@id\":\"https:\/\/bridgehap.com\/?page_id=6825\",\"url\":\"https:\/\/bridgehap.com\/?page_id=6825\",\"name\":\"Reverse Konvansiyonu - HAP BR\u0130\u00c7\",\"isPartOf\":{\"@id\":\"https:\/\/bridgehap.com\/#website\"},\"primaryImageOfPage\":{\"@id\":\"https:\/\/bridgehap.com\/?page_id=6825#primaryimage\"},\"image\":{\"@id\":\"https:\/\/bridgehap.com\/?page_id=6825#primaryimage\"},\"thumbnailUrl\":\"http:\/\/localhost\/wordpress\/wp-content\/uploads\/2026\/03\/Reverse_ornek_1.jpg\",\"datePublished\":\"2026-03-14T19:30:38+00:00\",\"dateModified\":\"2026-03-28T08:27:56+00:00\",\"breadcrumb\":{\"@id\":\"https:\/\/bridgehap.com\/?page_id=6825#breadcrumb\"},\"inLanguage\":\"tr\",\"potentialAction\":[{\"@type\":\"ReadAction\",\"target\":[\"https:\/\/bridgehap.com\/?page_id=6825\"]}]},{\"@type\":\"ImageObject\",\"inLanguage\":\"tr\",\"@id\":\"https:\/\/bridgehap.com\/?page_id=6825#primaryimage\",\"url\":\"http:\/\/localhost\/wordpress\/wp-content\/uploads\/2026\/03\/Reverse_ornek_1.jpg\",\"contentUrl\":\"http:\/\/localhost\/wordpress\/wp-content\/uploads\/2026\/03\/Reverse_ornek_1.jpg\"},{\"@type\":\"BreadcrumbList\",\"@id\":\"https:\/\/bridgehap.com\/?page_id=6825#breadcrumb\",\"itemListElement\":[{\"@type\":\"ListItem\",\"position\":1,\"name\":\"Anasayfa\",\"item\":\"https:\/\/bridgehap.com\/\"},{\"@type\":\"ListItem\",\"position\":2,\"name\":\"Reverse Konvansiyonu\"}]},{\"@type\":\"WebSite\",\"@id\":\"https:\/\/bridgehap.com\/#website\",\"url\":\"https:\/\/bridgehap.com\/\",\"name\":\"HAP BR\u0130\u00c7\",\"description\":\"\",\"publisher\":{\"@id\":\"https:\/\/bridgehap.com\/#organization\"},\"potentialAction\":[{\"@type\":\"SearchAction\",\"target\":{\"@type\":\"EntryPoint\",\"urlTemplate\":\"https:\/\/bridgehap.com\/?s={search_term_string}\"},\"query-input\":{\"@type\":\"PropertyValueSpecification\",\"valueRequired\":true,\"valueName\":\"search_term_string\"}}],\"inLanguage\":\"tr\"},{\"@type\":\"Organization\",\"@id\":\"https:\/\/bridgehap.com\/#organization\",\"name\":\"HAP BR\u0130\u00c7\",\"url\":\"https:\/\/bridgehap.com\/\",\"logo\":{\"@type\":\"ImageObject\",\"inLanguage\":\"tr\",\"@id\":\"https:\/\/bridgehap.com\/#\/schema\/logo\/image\/\",\"url\":\"https:\/\/bridgehap.com\/wp-content\/uploads\/2026\/02\/cropped-6-1-1.jpg\",\"contentUrl\":\"https:\/\/bridgehap.com\/wp-content\/uploads\/2026\/02\/cropped-6-1-1.jpg\",\"width\":67,\"height\":58,\"caption\":\"HAP BR\u0130\u00c7\"},\"image\":{\"@id\":\"https:\/\/bridgehap.com\/#\/schema\/logo\/image\/\"}}]}<\/script>\n<!-- \/ Yoast SEO plugin. -->","yoast_head_json":{"title":"Reverse Konvansiyonu - HAP BR\u0130\u00c7","robots":{"index":"index","follow":"follow","max-snippet":"max-snippet:-1","max-image-preview":"max-image-preview:large","max-video-preview":"max-video-preview:-1"},"canonical":"https:\/\/bridgehap.com\/?page_id=6825","og_locale":"tr_TR","og_type":"article","og_title":"Reverse Konvansiyonu - HAP BR\u0130\u00c7","og_description":"A\u00e7\u0131c\u0131n\u0131n rebidinde ilk okudu\u011fu renkten daha pahal\u0131s\u0131n\u0131 s\u0131\u00e7rayarak okumas\u0131 REVERSE olarak adland\u0131r\u0131l\u0131r. Reverse konu\u015fma elin g\u00fcc\u00fc ve da\u011f\u0131l\u0131m\u0131n\u0131 belirten bir konu\u015fmad\u0131r.Reverse s\u00f6ylenen ilk rengin 5 kartl\u0131 ikinci renginde en az 4 kartl\u0131 oldu\u011funu g\u00f6sterir.Reverse te ikinci s\u00f6ylenen renk ilk renkten daha g\u00fc\u00e7l\u00fcd\u00fcr.Reverse forsingtir PAS ge\u00e7ilemez. Genelde 15-19 aras\u0131 puanla yap\u0131l\u0131r.Reverse yapabilmek i\u00e7in elde \u015fikan veya...","og_url":"https:\/\/bridgehap.com\/?page_id=6825","og_site_name":"HAP BR\u0130\u00c7","article_modified_time":"2026-03-28T08:27:56+00:00","og_image":[{"url":"http:\/\/localhost\/wordpress\/wp-content\/uploads\/2026\/03\/Reverse_ornek_1.jpg","type":"","width":"","height":""}],"twitter_card":"summary_large_image","twitter_misc":{"Tahmini okuma s\u00fcresi":"1 dakika"},"schema":{"@context":"https:\/\/schema.org","@graph":[{"@type":"WebPage","@id":"https:\/\/bridgehap.com\/?page_id=6825","url":"https:\/\/bridgehap.com\/?page_id=6825","name":"Reverse Konvansiyonu - HAP BR\u0130\u00c7","isPartOf":{"@id":"https:\/\/bridgehap.com\/#website"},"primaryImageOfPage":{"@id":"https:\/\/bridgehap.com\/?page_id=6825#primaryimage"},"image":{"@id":"https:\/\/bridgehap.com\/?page_id=6825#primaryimage"},"thumbnailUrl":"http:\/\/localhost\/wordpress\/wp-content\/uploads\/2026\/03\/Reverse_ornek_1.jpg","datePublished":"2026-03-14T19:30:38+00:00","dateModified":"2026-03-28T08:27:56+00:00","breadcrumb":{"@id":"https:\/\/bridgehap.com\/?page_id=6825#breadcrumb"},"inLanguage":"tr","potentialAction":[{"@type":"ReadAction","target":["https:\/\/bridgehap.com\/?page_id=6825"]}]},{"@type":"ImageObject","inLanguage":"tr","@id":"https:\/\/bridgehap.com\/?page_id=6825#primaryimage","url":"http:\/\/localhost\/wordpress\/wp-content\/uploads\/2026\/03\/Reverse_ornek_1.jpg","contentUrl":"http:\/\/localhost\/wordpress\/wp-content\/uploads\/2026\/03\/Reverse_ornek_1.jpg"},{"@type":"BreadcrumbList","@id":"https:\/\/bridgehap.com\/?page_id=6825#breadcrumb","itemListElement":[{"@type":"ListItem","position":1,"name":"Anasayfa","item":"https:\/\/bridgehap.com\/"},{"@type":"ListItem","position":2,"name":"Reverse Konvansiyonu"}]},{"@type":"WebSite","@id":"https:\/\/bridgehap.com\/#website","url":"https:\/\/bridgehap.com\/","name":"HAP BR\u0130\u00c7","description":"","publisher":{"@id":"https:\/\/bridgehap.com\/#organization"},"potentialAction":[{"@type":"SearchAction","target":{"@type":"EntryPoint","urlTemplate":"https:\/\/bridgehap.com\/?s={search_term_string}"},"query-input":{"@type":"PropertyValueSpecification","valueRequired":true,"valueName":"search_term_string"}}],"inLanguage":"tr"},{"@type":"Organization","@id":"https:\/\/bridgehap.com\/#organization","name":"HAP BR\u0130\u00c7","url":"https:\/\/bridgehap.com\/","logo":{"@type":"ImageObject","inLanguage":"tr","@id":"https:\/\/bridgehap.com\/#\/schema\/logo\/image\/","url":"https:\/\/bridgehap.com\/wp-content\/uploads\/2026\/02\/cropped-6-1-1.jpg","contentUrl":"https:\/\/bridgehap.com\/wp-content\/uploads\/2026\/02\/cropped-6-1-1.jpg","width":67,"height":58,"caption":"HAP BR\u0130\u00c7"},"image":{"@id":"https:\/\/bridgehap.com\/#\/schema\/logo\/image\/"}}]}},"_links":{"self":[{"href":"https:\/\/bridgehap.com\/index.php?rest_route=\/wp\/v2\/pages\/6825","targetHints":{"allow":["GET"]}}],"collection":[{"href":"https:\/\/bridgehap.com\/index.php?rest_route=\/wp\/v2\/pages"}],"about":[{"href":"https:\/\/bridgehap.com\/index.php?rest_route=\/wp\/v2\/types\/page"}],"author":[{"embeddable":true,"href":"https:\/\/bridgehap.com\/index.php?rest_route=\/wp\/v2\/users\/1"}],"replies":[{"embeddable":true,"href":"https:\/\/bridgehap.com\/index.php?rest_route=%2Fwp%2Fv2%2Fcomments&post=6825"}],"version-history":[{"count":2,"href":"https:\/\/bridgehap.com\/index.php?rest_route=\/wp\/v2\/pages\/6825\/revisions"}],"predecessor-version":[{"id":7045,"href":"https:\/\/bridgehap.com\/index.php?rest_route=\/wp\/v2\/pages\/6825\/revisions\/7045"}],"wp:attachment":[{"href":"https:\/\/bridgehap.com\/index.php?rest_route=%2Fwp%2Fv2%2Fmedia&parent=6825"}],"curies":[{"name":"wp","href":"https:\/\/api.w.org\/{rel}","templated":true}]}}