{"id":6828,"date":"2026-03-14T22:32:48","date_gmt":"2026-03-14T19:32:48","guid":{"rendered":"http:\/\/localhost\/wordpress\/?page_id=6828"},"modified":"2026-03-14T22:36:23","modified_gmt":"2026-03-14T19:36:23","slug":"rkcb-keycard-konvansiyonu","status":"publish","type":"page","link":"https:\/\/bridgehap.com\/?page_id=6828","title":{"rendered":"RKCB Keycard Konvansiyonu"},"content":{"rendered":"\n<ul class=\"wp-block-list\">\n<li><strong>Keykard:<\/strong>\u00a0 Elimizdeki AS lar ve\u00a0 <strong>kozumuzun RUA\u2019s\u0131<\/strong>\u00a0Keykardlar\u0131m\u0131zd\u0131r. <\/li>\n\n\n\n<li>Toplam 5 adet Keycard vard\u0131r. (4 AS+ Koz Rua\u2019s\u0131) KC soran tarafta en az 1 tane KC olmal\u0131d\u0131r. <\/li>\n\n\n\n<li>Bir renkte tutu\u015f ve yeterli puan varsa 1 renk a\u00e7\u0131\u015f\u0131na 4NT sorusu, bri\u00e7te en \u00e7ok kullan\u0131lan Keycard sorusudur.\u00a0Keycard sorabilmek i\u00e7in elde 2 keycard olmal\u0131d\u0131r.<\/li>\n\n\n\n<li>Ortakl\u0131k olarak bir \u2018<strong>Koz<\/strong>\u2019 da fit bulduktan sonra, puan olarak \u015filem g\u00f6rebiliyorsak ve kontrollerimiz varsa, taraflardan biri 4NT ile Key Card (KC) sorar.<\/li>\n<\/ul>\n\n\n\n<p class=\"wp-block-paragraph\"><strong>Koz oyunlar\u0131nda KC 4NT sorunun cevaplar\u0131; (14-03)<\/strong><\/p>\n\n\n\n<ul class=\"wp-block-list\">\n<li>5 Trefl \u00a0 \u00a01 ya da 4 KC <\/li>\n\n\n\n<li>5 Karo \u00a0\u00a00 ya da 3 KC <\/li>\n\n\n\n<li>5 K\u00f6r \u00a0\u00a0\u00a0\u00a02 KC ve koz DAM YOK <\/li>\n\n\n\n<li>5 Pik\u00a0\u00a0\u00a0\u00a0 \u00a02 KC ve Koz DAM VAR <\/li>\n\n\n\n<li>5 NT \u00a0\u00a0\u00a0\u00a0\u00a02 KC ve bir renk \u015fikan var.<\/li>\n<\/ul>\n\n\n\n<p class=\"wp-block-paragraph\"><strong>SONU\u00c7;<\/strong><\/p>\n\n\n\n<ul class=\"wp-block-list\">\n<li>5 KC ve Koz DAM varsa Grand \u015eilem<\/li>\n\n\n\n<li><ul><li>5 KC varsa \u015eilem<\/li><\/ul><\/li>\n\n\n\n<li><ul><li>4 KC ve Koz DAM varsa \u015eilem<\/li><\/ul><\/li>\n\n\n\n<li>3 KC varsa 5 seviyesinde DUR.<\/li>\n<\/ul>\n","protected":false},"excerpt":{"rendered":"<p>Koz oyunlar\u0131nda KC 4NT sorunun cevaplar\u0131; (14-03) SONU\u00c7;<\/p>\n","protected":false},"author":1,"featured_media":0,"parent":0,"menu_order":0,"comment_status":"closed","ping_status":"closed","template":"","meta":{"_crdt_document":"","_themeisle_gutenberg_block_has_review":false,"_kad_post_transparent":"","_kad_post_title":"","_kad_post_layout":"","_kad_post_sidebar_id":"","_kad_post_content_style":"","_kad_post_vertical_padding":"","_kad_post_feature":"","_kad_post_feature_position":"","_kad_post_header":false,"_kad_post_footer":false,"_kad_post_classname":"","footnotes":""},"class_list":["post-6828","page","type-page","status-publish","hentry"],"yoast_head":"<!-- This site is optimized with the Yoast SEO plugin v27.0 - https:\/\/yoast.com\/product\/yoast-seo-wordpress\/ -->\n<title>RKCB Keycard Konvansiyonu - HAP BR\u0130\u00c7<\/title>\n<meta name=\"robots\" content=\"index, follow, max-snippet:-1, max-image-preview:large, max-video-preview:-1\" \/>\n<link rel=\"canonical\" href=\"https:\/\/bridgehap.com\/?page_id=6828\" \/>\n<meta property=\"og:locale\" content=\"tr_TR\" \/>\n<meta property=\"og:type\" content=\"article\" \/>\n<meta property=\"og:title\" content=\"RKCB Keycard Konvansiyonu - HAP BR\u0130\u00c7\" \/>\n<meta property=\"og:description\" content=\"Koz oyunlar\u0131nda KC 4NT sorunun cevaplar\u0131; (14-03) SONU\u00c7;\" \/>\n<meta property=\"og:url\" content=\"https:\/\/bridgehap.com\/?page_id=6828\" \/>\n<meta property=\"og:site_name\" content=\"HAP BR\u0130\u00c7\" \/>\n<meta property=\"article:modified_time\" content=\"2026-03-14T19:36:23+00:00\" \/>\n<meta name=\"twitter:card\" content=\"summary_large_image\" \/>\n<meta name=\"twitter:label1\" content=\"Tahmini okuma s\u00fcresi\" \/>\n\t<meta name=\"twitter:data1\" content=\"1 dakika\" \/>\n<script type=\"application\/ld+json\" class=\"yoast-schema-graph\">{\"@context\":\"https:\/\/schema.org\",\"@graph\":[{\"@type\":\"WebPage\",\"@id\":\"https:\/\/bridgehap.com\/?page_id=6828\",\"url\":\"https:\/\/bridgehap.com\/?page_id=6828\",\"name\":\"RKCB Keycard Konvansiyonu - HAP BR\u0130\u00c7\",\"isPartOf\":{\"@id\":\"https:\/\/bridgehap.com\/#website\"},\"datePublished\":\"2026-03-14T19:32:48+00:00\",\"dateModified\":\"2026-03-14T19:36:23+00:00\",\"breadcrumb\":{\"@id\":\"https:\/\/bridgehap.com\/?page_id=6828#breadcrumb\"},\"inLanguage\":\"tr\",\"potentialAction\":[{\"@type\":\"ReadAction\",\"target\":[\"https:\/\/bridgehap.com\/?page_id=6828\"]}]},{\"@type\":\"BreadcrumbList\",\"@id\":\"https:\/\/bridgehap.com\/?page_id=6828#breadcrumb\",\"itemListElement\":[{\"@type\":\"ListItem\",\"position\":1,\"name\":\"Anasayfa\",\"item\":\"https:\/\/bridgehap.com\/\"},{\"@type\":\"ListItem\",\"position\":2,\"name\":\"RKCB Keycard Konvansiyonu\"}]},{\"@type\":\"WebSite\",\"@id\":\"https:\/\/bridgehap.com\/#website\",\"url\":\"https:\/\/bridgehap.com\/\",\"name\":\"HAP BR\u0130\u00c7\",\"description\":\"\",\"publisher\":{\"@id\":\"https:\/\/bridgehap.com\/#organization\"},\"potentialAction\":[{\"@type\":\"SearchAction\",\"target\":{\"@type\":\"EntryPoint\",\"urlTemplate\":\"https:\/\/bridgehap.com\/?s={search_term_string}\"},\"query-input\":{\"@type\":\"PropertyValueSpecification\",\"valueRequired\":true,\"valueName\":\"search_term_string\"}}],\"inLanguage\":\"tr\"},{\"@type\":\"Organization\",\"@id\":\"https:\/\/bridgehap.com\/#organization\",\"name\":\"HAP BR\u0130\u00c7\",\"url\":\"https:\/\/bridgehap.com\/\",\"logo\":{\"@type\":\"ImageObject\",\"inLanguage\":\"tr\",\"@id\":\"https:\/\/bridgehap.com\/#\/schema\/logo\/image\/\",\"url\":\"https:\/\/bridgehap.com\/wp-content\/uploads\/2026\/02\/cropped-6-1-1.jpg\",\"contentUrl\":\"https:\/\/bridgehap.com\/wp-content\/uploads\/2026\/02\/cropped-6-1-1.jpg\",\"width\":67,\"height\":58,\"caption\":\"HAP BR\u0130\u00c7\"},\"image\":{\"@id\":\"https:\/\/bridgehap.com\/#\/schema\/logo\/image\/\"}}]}<\/script>\n<!-- \/ Yoast SEO plugin. -->","yoast_head_json":{"title":"RKCB Keycard Konvansiyonu - HAP BR\u0130\u00c7","robots":{"index":"index","follow":"follow","max-snippet":"max-snippet:-1","max-image-preview":"max-image-preview:large","max-video-preview":"max-video-preview:-1"},"canonical":"https:\/\/bridgehap.com\/?page_id=6828","og_locale":"tr_TR","og_type":"article","og_title":"RKCB Keycard Konvansiyonu - HAP BR\u0130\u00c7","og_description":"Koz oyunlar\u0131nda KC 4NT sorunun cevaplar\u0131; (14-03) SONU\u00c7;","og_url":"https:\/\/bridgehap.com\/?page_id=6828","og_site_name":"HAP BR\u0130\u00c7","article_modified_time":"2026-03-14T19:36:23+00:00","twitter_card":"summary_large_image","twitter_misc":{"Tahmini okuma s\u00fcresi":"1 dakika"},"schema":{"@context":"https:\/\/schema.org","@graph":[{"@type":"WebPage","@id":"https:\/\/bridgehap.com\/?page_id=6828","url":"https:\/\/bridgehap.com\/?page_id=6828","name":"RKCB Keycard Konvansiyonu - HAP BR\u0130\u00c7","isPartOf":{"@id":"https:\/\/bridgehap.com\/#website"},"datePublished":"2026-03-14T19:32:48+00:00","dateModified":"2026-03-14T19:36:23+00:00","breadcrumb":{"@id":"https:\/\/bridgehap.com\/?page_id=6828#breadcrumb"},"inLanguage":"tr","potentialAction":[{"@type":"ReadAction","target":["https:\/\/bridgehap.com\/?page_id=6828"]}]},{"@type":"BreadcrumbList","@id":"https:\/\/bridgehap.com\/?page_id=6828#breadcrumb","itemListElement":[{"@type":"ListItem","position":1,"name":"Anasayfa","item":"https:\/\/bridgehap.com\/"},{"@type":"ListItem","position":2,"name":"RKCB Keycard Konvansiyonu"}]},{"@type":"WebSite","@id":"https:\/\/bridgehap.com\/#website","url":"https:\/\/bridgehap.com\/","name":"HAP BR\u0130\u00c7","description":"","publisher":{"@id":"https:\/\/bridgehap.com\/#organization"},"potentialAction":[{"@type":"SearchAction","target":{"@type":"EntryPoint","urlTemplate":"https:\/\/bridgehap.com\/?s={search_term_string}"},"query-input":{"@type":"PropertyValueSpecification","valueRequired":true,"valueName":"search_term_string"}}],"inLanguage":"tr"},{"@type":"Organization","@id":"https:\/\/bridgehap.com\/#organization","name":"HAP BR\u0130\u00c7","url":"https:\/\/bridgehap.com\/","logo":{"@type":"ImageObject","inLanguage":"tr","@id":"https:\/\/bridgehap.com\/#\/schema\/logo\/image\/","url":"https:\/\/bridgehap.com\/wp-content\/uploads\/2026\/02\/cropped-6-1-1.jpg","contentUrl":"https:\/\/bridgehap.com\/wp-content\/uploads\/2026\/02\/cropped-6-1-1.jpg","width":67,"height":58,"caption":"HAP BR\u0130\u00c7"},"image":{"@id":"https:\/\/bridgehap.com\/#\/schema\/logo\/image\/"}}]}},"_links":{"self":[{"href":"https:\/\/bridgehap.com\/index.php?rest_route=\/wp\/v2\/pages\/6828","targetHints":{"allow":["GET"]}}],"collection":[{"href":"https:\/\/bridgehap.com\/index.php?rest_route=\/wp\/v2\/pages"}],"about":[{"href":"https:\/\/bridgehap.com\/index.php?rest_route=\/wp\/v2\/types\/page"}],"author":[{"embeddable":true,"href":"https:\/\/bridgehap.com\/index.php?rest_route=\/wp\/v2\/users\/1"}],"replies":[{"embeddable":true,"href":"https:\/\/bridgehap.com\/index.php?rest_route=%2Fwp%2Fv2%2Fcomments&post=6828"}],"version-history":[{"count":3,"href":"https:\/\/bridgehap.com\/index.php?rest_route=\/wp\/v2\/pages\/6828\/revisions"}],"predecessor-version":[{"id":6833,"href":"https:\/\/bridgehap.com\/index.php?rest_route=\/wp\/v2\/pages\/6828\/revisions\/6833"}],"wp:attachment":[{"href":"https:\/\/bridgehap.com\/index.php?rest_route=%2Fwp%2Fv2%2Fmedia&parent=6828"}],"curies":[{"name":"wp","href":"https:\/\/api.w.org\/{rel}","templated":true}]}}