{"id":6834,"date":"2026-03-14T22:39:27","date_gmt":"2026-03-14T19:39:27","guid":{"rendered":"http:\/\/localhost\/wordpress\/?page_id=6834"},"modified":"2026-03-14T22:39:31","modified_gmt":"2026-03-14T19:39:31","slug":"splinter-konvansiyonu","status":"publish","type":"page","link":"https:\/\/bridgehap.com\/?page_id=6834","title":{"rendered":"Splinter Konvansiyonu"},"content":{"rendered":"\n<p class=\"wp-block-paragraph\">      Orta\u011f\u0131n\u0131z\u0131n 1\u2019li seviyede Maj\u00f6r oyun a\u00e7\u0131l\u0131\u015f\u0131nda, KOZ fitini ve PUAN tek seferde s\u00f6ylemek i\u00e7in yap\u0131l\u0131r.<\/p>\n\n\n\n<ul class=\"wp-block-list\">\n<li>Dengesiz el olmal\u0131d\u0131r.<\/li>\n\n\n\n<li>4l\u00fc Fit olmal\u0131<\/li>\n\n\n\n<li>12-15 OP olmal\u0131<\/li>\n\n\n\n<li>En az 2 seviye s\u0131\u00e7ramal\u0131<\/li>\n\n\n\n<li>\u015eigan veya singleton\u00a0 (K\u0131sal\u0131k 0-1 kart) bir renk olmas\u0131 gerekir.<\/li>\n\n\n\n<li>Pas Ge\u00e7ilmez.<\/li>\n<\/ul>\n\n\n\n<figure class=\"wp-block-image size-full is-resized\"><img fetchpriority=\"high\" decoding=\"async\" width=\"782\" height=\"429\" src=\"http:\/\/localhost\/wordpress\/wp-content\/uploads\/2026\/03\/Splinter_ornek_1.jpg\" alt=\"\" class=\"wp-image-6835\" style=\"width:734px;height:auto\" srcset=\"https:\/\/bridgehap.com\/wp-content\/uploads\/2026\/03\/Splinter_ornek_1.jpg 782w, https:\/\/bridgehap.com\/wp-content\/uploads\/2026\/03\/Splinter_ornek_1-300x165.jpg 300w, https:\/\/bridgehap.com\/wp-content\/uploads\/2026\/03\/Splinter_ornek_1-768x421.jpg 768w\" sizes=\"(max-width: 782px) 100vw, 782px\" \/><\/figure>\n","protected":false},"excerpt":{"rendered":"<p>Orta\u011f\u0131n\u0131z\u0131n 1\u2019li seviyede Maj\u00f6r oyun a\u00e7\u0131l\u0131\u015f\u0131nda, KOZ fitini ve PUAN tek seferde s\u00f6ylemek i\u00e7in yap\u0131l\u0131r.<\/p>\n","protected":false},"author":1,"featured_media":0,"parent":0,"menu_order":0,"comment_status":"closed","ping_status":"closed","template":"","meta":{"_crdt_document":"","_themeisle_gutenberg_block_has_review":false,"_kad_post_transparent":"","_kad_post_title":"","_kad_post_layout":"","_kad_post_sidebar_id":"","_kad_post_content_style":"","_kad_post_vertical_padding":"","_kad_post_feature":"","_kad_post_feature_position":"","_kad_post_header":false,"_kad_post_footer":false,"_kad_post_classname":"","footnotes":""},"class_list":["post-6834","page","type-page","status-publish","hentry"],"yoast_head":"<!-- This site is optimized with the Yoast SEO plugin v27.0 - https:\/\/yoast.com\/product\/yoast-seo-wordpress\/ -->\n<title>Splinter Konvansiyonu - HAP BR\u0130\u00c7<\/title>\n<meta name=\"robots\" content=\"index, follow, max-snippet:-1, max-image-preview:large, max-video-preview:-1\" \/>\n<link rel=\"canonical\" href=\"https:\/\/bridgehap.com\/?page_id=6834\" \/>\n<meta property=\"og:locale\" content=\"tr_TR\" \/>\n<meta property=\"og:type\" content=\"article\" \/>\n<meta property=\"og:title\" content=\"Splinter Konvansiyonu - HAP BR\u0130\u00c7\" \/>\n<meta property=\"og:description\" content=\"Orta\u011f\u0131n\u0131z\u0131n 1\u2019li seviyede Maj\u00f6r oyun a\u00e7\u0131l\u0131\u015f\u0131nda, KOZ fitini ve PUAN tek seferde s\u00f6ylemek i\u00e7in yap\u0131l\u0131r.\" \/>\n<meta property=\"og:url\" content=\"https:\/\/bridgehap.com\/?page_id=6834\" \/>\n<meta property=\"og:site_name\" content=\"HAP BR\u0130\u00c7\" \/>\n<meta property=\"article:modified_time\" content=\"2026-03-14T19:39:31+00:00\" \/>\n<meta property=\"og:image\" content=\"http:\/\/localhost\/wordpress\/wp-content\/uploads\/2026\/03\/Splinter_ornek_1.jpg\" \/>\n<meta name=\"twitter:card\" content=\"summary_large_image\" \/>\n<meta name=\"twitter:label1\" content=\"Tahmini okuma s\u00fcresi\" \/>\n\t<meta name=\"twitter:data1\" content=\"1 dakika\" \/>\n<script type=\"application\/ld+json\" class=\"yoast-schema-graph\">{\"@context\":\"https:\/\/schema.org\",\"@graph\":[{\"@type\":\"WebPage\",\"@id\":\"https:\/\/bridgehap.com\/?page_id=6834\",\"url\":\"https:\/\/bridgehap.com\/?page_id=6834\",\"name\":\"Splinter Konvansiyonu - HAP BR\u0130\u00c7\",\"isPartOf\":{\"@id\":\"https:\/\/bridgehap.com\/#website\"},\"primaryImageOfPage\":{\"@id\":\"https:\/\/bridgehap.com\/?page_id=6834#primaryimage\"},\"image\":{\"@id\":\"https:\/\/bridgehap.com\/?page_id=6834#primaryimage\"},\"thumbnailUrl\":\"http:\/\/localhost\/wordpress\/wp-content\/uploads\/2026\/03\/Splinter_ornek_1.jpg\",\"datePublished\":\"2026-03-14T19:39:27+00:00\",\"dateModified\":\"2026-03-14T19:39:31+00:00\",\"breadcrumb\":{\"@id\":\"https:\/\/bridgehap.com\/?page_id=6834#breadcrumb\"},\"inLanguage\":\"tr\",\"potentialAction\":[{\"@type\":\"ReadAction\",\"target\":[\"https:\/\/bridgehap.com\/?page_id=6834\"]}]},{\"@type\":\"ImageObject\",\"inLanguage\":\"tr\",\"@id\":\"https:\/\/bridgehap.com\/?page_id=6834#primaryimage\",\"url\":\"http:\/\/localhost\/wordpress\/wp-content\/uploads\/2026\/03\/Splinter_ornek_1.jpg\",\"contentUrl\":\"http:\/\/localhost\/wordpress\/wp-content\/uploads\/2026\/03\/Splinter_ornek_1.jpg\"},{\"@type\":\"BreadcrumbList\",\"@id\":\"https:\/\/bridgehap.com\/?page_id=6834#breadcrumb\",\"itemListElement\":[{\"@type\":\"ListItem\",\"position\":1,\"name\":\"Anasayfa\",\"item\":\"https:\/\/bridgehap.com\/\"},{\"@type\":\"ListItem\",\"position\":2,\"name\":\"Splinter Konvansiyonu\"}]},{\"@type\":\"WebSite\",\"@id\":\"https:\/\/bridgehap.com\/#website\",\"url\":\"https:\/\/bridgehap.com\/\",\"name\":\"HAP BR\u0130\u00c7\",\"description\":\"\",\"publisher\":{\"@id\":\"https:\/\/bridgehap.com\/#organization\"},\"potentialAction\":[{\"@type\":\"SearchAction\",\"target\":{\"@type\":\"EntryPoint\",\"urlTemplate\":\"https:\/\/bridgehap.com\/?s={search_term_string}\"},\"query-input\":{\"@type\":\"PropertyValueSpecification\",\"valueRequired\":true,\"valueName\":\"search_term_string\"}}],\"inLanguage\":\"tr\"},{\"@type\":\"Organization\",\"@id\":\"https:\/\/bridgehap.com\/#organization\",\"name\":\"HAP BR\u0130\u00c7\",\"url\":\"https:\/\/bridgehap.com\/\",\"logo\":{\"@type\":\"ImageObject\",\"inLanguage\":\"tr\",\"@id\":\"https:\/\/bridgehap.com\/#\/schema\/logo\/image\/\",\"url\":\"https:\/\/bridgehap.com\/wp-content\/uploads\/2026\/02\/cropped-6-1-1.jpg\",\"contentUrl\":\"https:\/\/bridgehap.com\/wp-content\/uploads\/2026\/02\/cropped-6-1-1.jpg\",\"width\":67,\"height\":58,\"caption\":\"HAP BR\u0130\u00c7\"},\"image\":{\"@id\":\"https:\/\/bridgehap.com\/#\/schema\/logo\/image\/\"}}]}<\/script>\n<!-- \/ Yoast SEO plugin. -->","yoast_head_json":{"title":"Splinter Konvansiyonu - HAP BR\u0130\u00c7","robots":{"index":"index","follow":"follow","max-snippet":"max-snippet:-1","max-image-preview":"max-image-preview:large","max-video-preview":"max-video-preview:-1"},"canonical":"https:\/\/bridgehap.com\/?page_id=6834","og_locale":"tr_TR","og_type":"article","og_title":"Splinter Konvansiyonu - HAP BR\u0130\u00c7","og_description":"Orta\u011f\u0131n\u0131z\u0131n 1\u2019li seviyede Maj\u00f6r oyun a\u00e7\u0131l\u0131\u015f\u0131nda, KOZ fitini ve PUAN tek seferde s\u00f6ylemek i\u00e7in yap\u0131l\u0131r.","og_url":"https:\/\/bridgehap.com\/?page_id=6834","og_site_name":"HAP BR\u0130\u00c7","article_modified_time":"2026-03-14T19:39:31+00:00","og_image":[{"url":"http:\/\/localhost\/wordpress\/wp-content\/uploads\/2026\/03\/Splinter_ornek_1.jpg","type":"","width":"","height":""}],"twitter_card":"summary_large_image","twitter_misc":{"Tahmini okuma s\u00fcresi":"1 dakika"},"schema":{"@context":"https:\/\/schema.org","@graph":[{"@type":"WebPage","@id":"https:\/\/bridgehap.com\/?page_id=6834","url":"https:\/\/bridgehap.com\/?page_id=6834","name":"Splinter Konvansiyonu - HAP BR\u0130\u00c7","isPartOf":{"@id":"https:\/\/bridgehap.com\/#website"},"primaryImageOfPage":{"@id":"https:\/\/bridgehap.com\/?page_id=6834#primaryimage"},"image":{"@id":"https:\/\/bridgehap.com\/?page_id=6834#primaryimage"},"thumbnailUrl":"http:\/\/localhost\/wordpress\/wp-content\/uploads\/2026\/03\/Splinter_ornek_1.jpg","datePublished":"2026-03-14T19:39:27+00:00","dateModified":"2026-03-14T19:39:31+00:00","breadcrumb":{"@id":"https:\/\/bridgehap.com\/?page_id=6834#breadcrumb"},"inLanguage":"tr","potentialAction":[{"@type":"ReadAction","target":["https:\/\/bridgehap.com\/?page_id=6834"]}]},{"@type":"ImageObject","inLanguage":"tr","@id":"https:\/\/bridgehap.com\/?page_id=6834#primaryimage","url":"http:\/\/localhost\/wordpress\/wp-content\/uploads\/2026\/03\/Splinter_ornek_1.jpg","contentUrl":"http:\/\/localhost\/wordpress\/wp-content\/uploads\/2026\/03\/Splinter_ornek_1.jpg"},{"@type":"BreadcrumbList","@id":"https:\/\/bridgehap.com\/?page_id=6834#breadcrumb","itemListElement":[{"@type":"ListItem","position":1,"name":"Anasayfa","item":"https:\/\/bridgehap.com\/"},{"@type":"ListItem","position":2,"name":"Splinter Konvansiyonu"}]},{"@type":"WebSite","@id":"https:\/\/bridgehap.com\/#website","url":"https:\/\/bridgehap.com\/","name":"HAP BR\u0130\u00c7","description":"","publisher":{"@id":"https:\/\/bridgehap.com\/#organization"},"potentialAction":[{"@type":"SearchAction","target":{"@type":"EntryPoint","urlTemplate":"https:\/\/bridgehap.com\/?s={search_term_string}"},"query-input":{"@type":"PropertyValueSpecification","valueRequired":true,"valueName":"search_term_string"}}],"inLanguage":"tr"},{"@type":"Organization","@id":"https:\/\/bridgehap.com\/#organization","name":"HAP BR\u0130\u00c7","url":"https:\/\/bridgehap.com\/","logo":{"@type":"ImageObject","inLanguage":"tr","@id":"https:\/\/bridgehap.com\/#\/schema\/logo\/image\/","url":"https:\/\/bridgehap.com\/wp-content\/uploads\/2026\/02\/cropped-6-1-1.jpg","contentUrl":"https:\/\/bridgehap.com\/wp-content\/uploads\/2026\/02\/cropped-6-1-1.jpg","width":67,"height":58,"caption":"HAP BR\u0130\u00c7"},"image":{"@id":"https:\/\/bridgehap.com\/#\/schema\/logo\/image\/"}}]}},"_links":{"self":[{"href":"https:\/\/bridgehap.com\/index.php?rest_route=\/wp\/v2\/pages\/6834","targetHints":{"allow":["GET"]}}],"collection":[{"href":"https:\/\/bridgehap.com\/index.php?rest_route=\/wp\/v2\/pages"}],"about":[{"href":"https:\/\/bridgehap.com\/index.php?rest_route=\/wp\/v2\/types\/page"}],"author":[{"embeddable":true,"href":"https:\/\/bridgehap.com\/index.php?rest_route=\/wp\/v2\/users\/1"}],"replies":[{"embeddable":true,"href":"https:\/\/bridgehap.com\/index.php?rest_route=%2Fwp%2Fv2%2Fcomments&post=6834"}],"version-history":[{"count":1,"href":"https:\/\/bridgehap.com\/index.php?rest_route=\/wp\/v2\/pages\/6834\/revisions"}],"predecessor-version":[{"id":6836,"href":"https:\/\/bridgehap.com\/index.php?rest_route=\/wp\/v2\/pages\/6834\/revisions\/6836"}],"wp:attachment":[{"href":"https:\/\/bridgehap.com\/index.php?rest_route=%2Fwp%2Fv2%2Fmedia&parent=6834"}],"curies":[{"name":"wp","href":"https:\/\/api.w.org\/{rel}","templated":true}]}}