{"id":6849,"date":"2026-03-15T16:12:59","date_gmt":"2026-03-15T13:12:59","guid":{"rendered":"http:\/\/localhost\/wordpress\/?page_id=6849"},"modified":"2026-03-15T16:13:01","modified_gmt":"2026-03-15T13:13:01","slug":"texas-transfer-konvansiyonu","status":"publish","type":"page","link":"https:\/\/bridgehap.com\/?page_id=6849","title":{"rendered":"Texas Transfer Konvansiyonu"},"content":{"rendered":"\n<ul class=\"wp-block-list\">\n<li>Texas Transfer konvansiyonu, Jacoby Transferinin 4 seviyesinde yap\u0131lan\u0131d\u0131r.<\/li>\n\n\n\n<li>1 NT a\u00e7\u0131\u015f\u0131ndan sonra cevap\u00e7\u0131da 9-11 HCP ve 6\u2019l\u0131 Maj\u00f6r varsa; (Rengin uzunlu\u011fu artt\u0131\u00e7a puan d\u00fc\u015fer) Bu rengi 4 seviyesinde orta\u011f\u0131na transfer eder. Yani sadece ZON oynanabilecek veya \u015e\u0130LEM ara\u015ft\u0131ran ellerle yap\u0131l\u0131r.<\/li>\n\n\n\n<li>1 NT a\u00e7\u0131\u015f\u0131ndan sonra cevap\u00e7\u0131da 16+ HCP ve kaliteli 6\u2019l\u0131 Maj\u00f6r varsa; (Rengin uzunlu\u011fu artt\u0131k\u00e7a puan d\u00fc\u015fer) \u00d6nce Texas Transferi yapar, sonra 4 NT ile Keycard sorarak \u015eilem oynamak istedi\u011fini bildirir. Bu konu\u015fma rakip 3TREFL\u2019e kadar araya girerse bile yap\u0131labilir.<\/li>\n\n\n\n<li>Bu durumda part skor veya Zon Daveti yapacak el varsa, 5\u2019li Maj\u00f6r varm\u0131\u015f gibi Lebensohl kurallar\u0131 ile konu\u015fulur. Ancak rakip 3\u00a0KARO\u00a0ile araya girdiyse cevap\u00e7\u0131n\u0131n 4\u00a0KARO\u2019su Cuebid olup, 4 l\u00fc Maj\u00f6r sorar. Cevap\u00e7\u0131n\u0131n 4\u00a0K\u00d6R\u00a0ve 4\u00a0P\u0130K\u2018i oynamak i\u00e7indir.<\/li>\n<\/ul>\n\n\n\n<figure class=\"wp-block-image size-full is-resized\"><img fetchpriority=\"high\" decoding=\"async\" width=\"780\" height=\"627\" src=\"http:\/\/localhost\/wordpress\/wp-content\/uploads\/2026\/03\/Texas-Transfer_ornek_1.jpg\" alt=\"\" class=\"wp-image-6850\" style=\"width:730px;height:auto\" srcset=\"https:\/\/bridgehap.com\/wp-content\/uploads\/2026\/03\/Texas-Transfer_ornek_1.jpg 780w, https:\/\/bridgehap.com\/wp-content\/uploads\/2026\/03\/Texas-Transfer_ornek_1-300x241.jpg 300w, https:\/\/bridgehap.com\/wp-content\/uploads\/2026\/03\/Texas-Transfer_ornek_1-768x617.jpg 768w\" sizes=\"(max-width: 780px) 100vw, 780px\" \/><\/figure>\n","protected":false},"excerpt":{"rendered":"","protected":false},"author":1,"featured_media":0,"parent":0,"menu_order":0,"comment_status":"closed","ping_status":"closed","template":"","meta":{"_crdt_document":"","_themeisle_gutenberg_block_has_review":false,"_kad_post_transparent":"","_kad_post_title":"","_kad_post_layout":"","_kad_post_sidebar_id":"","_kad_post_content_style":"","_kad_post_vertical_padding":"","_kad_post_feature":"","_kad_post_feature_position":"","_kad_post_header":false,"_kad_post_footer":false,"_kad_post_classname":"","footnotes":""},"class_list":["post-6849","page","type-page","status-publish","hentry"],"yoast_head":"<!-- This site is optimized with the Yoast SEO plugin v27.0 - https:\/\/yoast.com\/product\/yoast-seo-wordpress\/ -->\n<title>Texas Transfer Konvansiyonu - HAP BR\u0130\u00c7<\/title>\n<meta name=\"robots\" content=\"index, follow, max-snippet:-1, max-image-preview:large, max-video-preview:-1\" \/>\n<link rel=\"canonical\" href=\"https:\/\/bridgehap.com\/?page_id=6849\" \/>\n<meta property=\"og:locale\" content=\"tr_TR\" \/>\n<meta property=\"og:type\" content=\"article\" \/>\n<meta property=\"og:title\" content=\"Texas Transfer Konvansiyonu - HAP BR\u0130\u00c7\" \/>\n<meta property=\"og:url\" content=\"https:\/\/bridgehap.com\/?page_id=6849\" \/>\n<meta property=\"og:site_name\" content=\"HAP BR\u0130\u00c7\" \/>\n<meta property=\"article:modified_time\" content=\"2026-03-15T13:13:01+00:00\" \/>\n<meta property=\"og:image\" content=\"http:\/\/localhost\/wordpress\/wp-content\/uploads\/2026\/03\/Texas-Transfer_ornek_1.jpg\" \/>\n<meta name=\"twitter:card\" content=\"summary_large_image\" \/>\n<meta name=\"twitter:label1\" content=\"Tahmini okuma s\u00fcresi\" \/>\n\t<meta name=\"twitter:data1\" content=\"1 dakika\" \/>\n<script type=\"application\/ld+json\" class=\"yoast-schema-graph\">{\"@context\":\"https:\/\/schema.org\",\"@graph\":[{\"@type\":\"WebPage\",\"@id\":\"https:\/\/bridgehap.com\/?page_id=6849\",\"url\":\"https:\/\/bridgehap.com\/?page_id=6849\",\"name\":\"Texas Transfer Konvansiyonu - HAP BR\u0130\u00c7\",\"isPartOf\":{\"@id\":\"https:\/\/bridgehap.com\/#website\"},\"primaryImageOfPage\":{\"@id\":\"https:\/\/bridgehap.com\/?page_id=6849#primaryimage\"},\"image\":{\"@id\":\"https:\/\/bridgehap.com\/?page_id=6849#primaryimage\"},\"thumbnailUrl\":\"http:\/\/localhost\/wordpress\/wp-content\/uploads\/2026\/03\/Texas-Transfer_ornek_1.jpg\",\"datePublished\":\"2026-03-15T13:12:59+00:00\",\"dateModified\":\"2026-03-15T13:13:01+00:00\",\"breadcrumb\":{\"@id\":\"https:\/\/bridgehap.com\/?page_id=6849#breadcrumb\"},\"inLanguage\":\"tr\",\"potentialAction\":[{\"@type\":\"ReadAction\",\"target\":[\"https:\/\/bridgehap.com\/?page_id=6849\"]}]},{\"@type\":\"ImageObject\",\"inLanguage\":\"tr\",\"@id\":\"https:\/\/bridgehap.com\/?page_id=6849#primaryimage\",\"url\":\"http:\/\/localhost\/wordpress\/wp-content\/uploads\/2026\/03\/Texas-Transfer_ornek_1.jpg\",\"contentUrl\":\"http:\/\/localhost\/wordpress\/wp-content\/uploads\/2026\/03\/Texas-Transfer_ornek_1.jpg\"},{\"@type\":\"BreadcrumbList\",\"@id\":\"https:\/\/bridgehap.com\/?page_id=6849#breadcrumb\",\"itemListElement\":[{\"@type\":\"ListItem\",\"position\":1,\"name\":\"Anasayfa\",\"item\":\"https:\/\/bridgehap.com\/\"},{\"@type\":\"ListItem\",\"position\":2,\"name\":\"Texas Transfer Konvansiyonu\"}]},{\"@type\":\"WebSite\",\"@id\":\"https:\/\/bridgehap.com\/#website\",\"url\":\"https:\/\/bridgehap.com\/\",\"name\":\"HAP BR\u0130\u00c7\",\"description\":\"\",\"publisher\":{\"@id\":\"https:\/\/bridgehap.com\/#organization\"},\"potentialAction\":[{\"@type\":\"SearchAction\",\"target\":{\"@type\":\"EntryPoint\",\"urlTemplate\":\"https:\/\/bridgehap.com\/?s={search_term_string}\"},\"query-input\":{\"@type\":\"PropertyValueSpecification\",\"valueRequired\":true,\"valueName\":\"search_term_string\"}}],\"inLanguage\":\"tr\"},{\"@type\":\"Organization\",\"@id\":\"https:\/\/bridgehap.com\/#organization\",\"name\":\"HAP BR\u0130\u00c7\",\"url\":\"https:\/\/bridgehap.com\/\",\"logo\":{\"@type\":\"ImageObject\",\"inLanguage\":\"tr\",\"@id\":\"https:\/\/bridgehap.com\/#\/schema\/logo\/image\/\",\"url\":\"https:\/\/bridgehap.com\/wp-content\/uploads\/2026\/02\/cropped-6-1-1.jpg\",\"contentUrl\":\"https:\/\/bridgehap.com\/wp-content\/uploads\/2026\/02\/cropped-6-1-1.jpg\",\"width\":67,\"height\":58,\"caption\":\"HAP BR\u0130\u00c7\"},\"image\":{\"@id\":\"https:\/\/bridgehap.com\/#\/schema\/logo\/image\/\"}}]}<\/script>\n<!-- \/ Yoast SEO plugin. -->","yoast_head_json":{"title":"Texas Transfer Konvansiyonu - HAP BR\u0130\u00c7","robots":{"index":"index","follow":"follow","max-snippet":"max-snippet:-1","max-image-preview":"max-image-preview:large","max-video-preview":"max-video-preview:-1"},"canonical":"https:\/\/bridgehap.com\/?page_id=6849","og_locale":"tr_TR","og_type":"article","og_title":"Texas Transfer Konvansiyonu - HAP BR\u0130\u00c7","og_url":"https:\/\/bridgehap.com\/?page_id=6849","og_site_name":"HAP BR\u0130\u00c7","article_modified_time":"2026-03-15T13:13:01+00:00","og_image":[{"url":"http:\/\/localhost\/wordpress\/wp-content\/uploads\/2026\/03\/Texas-Transfer_ornek_1.jpg","type":"","width":"","height":""}],"twitter_card":"summary_large_image","twitter_misc":{"Tahmini okuma s\u00fcresi":"1 dakika"},"schema":{"@context":"https:\/\/schema.org","@graph":[{"@type":"WebPage","@id":"https:\/\/bridgehap.com\/?page_id=6849","url":"https:\/\/bridgehap.com\/?page_id=6849","name":"Texas Transfer Konvansiyonu - HAP BR\u0130\u00c7","isPartOf":{"@id":"https:\/\/bridgehap.com\/#website"},"primaryImageOfPage":{"@id":"https:\/\/bridgehap.com\/?page_id=6849#primaryimage"},"image":{"@id":"https:\/\/bridgehap.com\/?page_id=6849#primaryimage"},"thumbnailUrl":"http:\/\/localhost\/wordpress\/wp-content\/uploads\/2026\/03\/Texas-Transfer_ornek_1.jpg","datePublished":"2026-03-15T13:12:59+00:00","dateModified":"2026-03-15T13:13:01+00:00","breadcrumb":{"@id":"https:\/\/bridgehap.com\/?page_id=6849#breadcrumb"},"inLanguage":"tr","potentialAction":[{"@type":"ReadAction","target":["https:\/\/bridgehap.com\/?page_id=6849"]}]},{"@type":"ImageObject","inLanguage":"tr","@id":"https:\/\/bridgehap.com\/?page_id=6849#primaryimage","url":"http:\/\/localhost\/wordpress\/wp-content\/uploads\/2026\/03\/Texas-Transfer_ornek_1.jpg","contentUrl":"http:\/\/localhost\/wordpress\/wp-content\/uploads\/2026\/03\/Texas-Transfer_ornek_1.jpg"},{"@type":"BreadcrumbList","@id":"https:\/\/bridgehap.com\/?page_id=6849#breadcrumb","itemListElement":[{"@type":"ListItem","position":1,"name":"Anasayfa","item":"https:\/\/bridgehap.com\/"},{"@type":"ListItem","position":2,"name":"Texas Transfer Konvansiyonu"}]},{"@type":"WebSite","@id":"https:\/\/bridgehap.com\/#website","url":"https:\/\/bridgehap.com\/","name":"HAP BR\u0130\u00c7","description":"","publisher":{"@id":"https:\/\/bridgehap.com\/#organization"},"potentialAction":[{"@type":"SearchAction","target":{"@type":"EntryPoint","urlTemplate":"https:\/\/bridgehap.com\/?s={search_term_string}"},"query-input":{"@type":"PropertyValueSpecification","valueRequired":true,"valueName":"search_term_string"}}],"inLanguage":"tr"},{"@type":"Organization","@id":"https:\/\/bridgehap.com\/#organization","name":"HAP BR\u0130\u00c7","url":"https:\/\/bridgehap.com\/","logo":{"@type":"ImageObject","inLanguage":"tr","@id":"https:\/\/bridgehap.com\/#\/schema\/logo\/image\/","url":"https:\/\/bridgehap.com\/wp-content\/uploads\/2026\/02\/cropped-6-1-1.jpg","contentUrl":"https:\/\/bridgehap.com\/wp-content\/uploads\/2026\/02\/cropped-6-1-1.jpg","width":67,"height":58,"caption":"HAP BR\u0130\u00c7"},"image":{"@id":"https:\/\/bridgehap.com\/#\/schema\/logo\/image\/"}}]}},"_links":{"self":[{"href":"https:\/\/bridgehap.com\/index.php?rest_route=\/wp\/v2\/pages\/6849","targetHints":{"allow":["GET"]}}],"collection":[{"href":"https:\/\/bridgehap.com\/index.php?rest_route=\/wp\/v2\/pages"}],"about":[{"href":"https:\/\/bridgehap.com\/index.php?rest_route=\/wp\/v2\/types\/page"}],"author":[{"embeddable":true,"href":"https:\/\/bridgehap.com\/index.php?rest_route=\/wp\/v2\/users\/1"}],"replies":[{"embeddable":true,"href":"https:\/\/bridgehap.com\/index.php?rest_route=%2Fwp%2Fv2%2Fcomments&post=6849"}],"version-history":[{"count":1,"href":"https:\/\/bridgehap.com\/index.php?rest_route=\/wp\/v2\/pages\/6849\/revisions"}],"predecessor-version":[{"id":6851,"href":"https:\/\/bridgehap.com\/index.php?rest_route=\/wp\/v2\/pages\/6849\/revisions\/6851"}],"wp:attachment":[{"href":"https:\/\/bridgehap.com\/index.php?rest_route=%2Fwp%2Fv2%2Fmedia&parent=6849"}],"curies":[{"name":"wp","href":"https:\/\/api.w.org\/{rel}","templated":true}]}}