{"id":6855,"date":"2026-03-15T16:18:06","date_gmt":"2026-03-15T13:18:06","guid":{"rendered":"http:\/\/localhost\/wordpress\/?page_id=6855"},"modified":"2026-03-15T16:18:08","modified_gmt":"2026-03-15T13:18:08","slug":"unusual-2nt-konvansiyonu","status":"publish","type":"page","link":"https:\/\/bridgehap.com\/?page_id=6855","title":{"rendered":"Unusual 2NT Konvansiyonu"},"content":{"rendered":"\n<ul class=\"wp-block-list\">\n<li>Sa\u011f\u0131m\u0131zdaki oyuncunun 1 RENK a\u00e7\u0131\u015f\u0131 \u00fczerine 2 NT olarak \u00fcste konu\u015fmak. \u2018\u2019Al\u0131\u015f\u0131lmam\u0131 2 NT \u2018\u2019 olarak adland\u0131r\u0131l\u0131r. <\/li>\n\n\n\n<li>Bu konvansiyonu uygulamak i\u00e7in zonsuz (Ye\u015fil) 10+ OP, zonda (K\u0131rm\u0131z\u0131) 15+OP ise konu\u015fulmal\u0131d\u0131r.<\/li>\n\n\n\n<li>Bu konvansiyon a\u00e7\u0131lan renk d\u0131\u015f\u0131nda kalan di\u011fer \u00fc\u00e7 rengin, en k\u00fc\u00e7\u00fck seviyedeki iki rengi ifade etmek i\u00e7in kullan\u0131l\u0131r.<\/li>\n<\/ul>\n\n\n\n<figure class=\"wp-block-image size-full is-resized\"><img fetchpriority=\"high\" decoding=\"async\" width=\"785\" height=\"640\" src=\"http:\/\/localhost\/wordpress\/wp-content\/uploads\/2026\/03\/U2NT_ornek_1.jpg\" alt=\"\" class=\"wp-image-6856\" style=\"width:724px;height:auto\" srcset=\"https:\/\/bridgehap.com\/wp-content\/uploads\/2026\/03\/U2NT_ornek_1.jpg 785w, https:\/\/bridgehap.com\/wp-content\/uploads\/2026\/03\/U2NT_ornek_1-300x245.jpg 300w, https:\/\/bridgehap.com\/wp-content\/uploads\/2026\/03\/U2NT_ornek_1-768x626.jpg 768w\" sizes=\"(max-width: 785px) 100vw, 785px\" \/><\/figure>\n","protected":false},"excerpt":{"rendered":"","protected":false},"author":1,"featured_media":0,"parent":0,"menu_order":0,"comment_status":"closed","ping_status":"closed","template":"","meta":{"_crdt_document":"","_themeisle_gutenberg_block_has_review":false,"_kad_post_transparent":"","_kad_post_title":"","_kad_post_layout":"","_kad_post_sidebar_id":"","_kad_post_content_style":"","_kad_post_vertical_padding":"","_kad_post_feature":"","_kad_post_feature_position":"","_kad_post_header":false,"_kad_post_footer":false,"_kad_post_classname":"","footnotes":""},"class_list":["post-6855","page","type-page","status-publish","hentry"],"yoast_head":"<!-- This site is optimized with the Yoast SEO plugin v27.0 - https:\/\/yoast.com\/product\/yoast-seo-wordpress\/ -->\n<title>Unusual 2NT Konvansiyonu - HAP BR\u0130\u00c7<\/title>\n<meta name=\"robots\" content=\"index, follow, max-snippet:-1, max-image-preview:large, max-video-preview:-1\" \/>\n<link rel=\"canonical\" href=\"https:\/\/bridgehap.com\/?page_id=6855\" \/>\n<meta property=\"og:locale\" content=\"tr_TR\" \/>\n<meta property=\"og:type\" content=\"article\" \/>\n<meta property=\"og:title\" content=\"Unusual 2NT Konvansiyonu - HAP BR\u0130\u00c7\" \/>\n<meta property=\"og:url\" content=\"https:\/\/bridgehap.com\/?page_id=6855\" \/>\n<meta property=\"og:site_name\" content=\"HAP BR\u0130\u00c7\" \/>\n<meta property=\"article:modified_time\" content=\"2026-03-15T13:18:08+00:00\" \/>\n<meta property=\"og:image\" content=\"http:\/\/localhost\/wordpress\/wp-content\/uploads\/2026\/03\/U2NT_ornek_1.jpg\" \/>\n<meta name=\"twitter:card\" content=\"summary_large_image\" \/>\n<meta name=\"twitter:label1\" content=\"Tahmini okuma s\u00fcresi\" \/>\n\t<meta name=\"twitter:data1\" content=\"1 dakika\" \/>\n<script type=\"application\/ld+json\" class=\"yoast-schema-graph\">{\"@context\":\"https:\/\/schema.org\",\"@graph\":[{\"@type\":\"WebPage\",\"@id\":\"https:\/\/bridgehap.com\/?page_id=6855\",\"url\":\"https:\/\/bridgehap.com\/?page_id=6855\",\"name\":\"Unusual 2NT Konvansiyonu - HAP BR\u0130\u00c7\",\"isPartOf\":{\"@id\":\"https:\/\/bridgehap.com\/#website\"},\"primaryImageOfPage\":{\"@id\":\"https:\/\/bridgehap.com\/?page_id=6855#primaryimage\"},\"image\":{\"@id\":\"https:\/\/bridgehap.com\/?page_id=6855#primaryimage\"},\"thumbnailUrl\":\"http:\/\/localhost\/wordpress\/wp-content\/uploads\/2026\/03\/U2NT_ornek_1.jpg\",\"datePublished\":\"2026-03-15T13:18:06+00:00\",\"dateModified\":\"2026-03-15T13:18:08+00:00\",\"breadcrumb\":{\"@id\":\"https:\/\/bridgehap.com\/?page_id=6855#breadcrumb\"},\"inLanguage\":\"tr\",\"potentialAction\":[{\"@type\":\"ReadAction\",\"target\":[\"https:\/\/bridgehap.com\/?page_id=6855\"]}]},{\"@type\":\"ImageObject\",\"inLanguage\":\"tr\",\"@id\":\"https:\/\/bridgehap.com\/?page_id=6855#primaryimage\",\"url\":\"http:\/\/localhost\/wordpress\/wp-content\/uploads\/2026\/03\/U2NT_ornek_1.jpg\",\"contentUrl\":\"http:\/\/localhost\/wordpress\/wp-content\/uploads\/2026\/03\/U2NT_ornek_1.jpg\"},{\"@type\":\"BreadcrumbList\",\"@id\":\"https:\/\/bridgehap.com\/?page_id=6855#breadcrumb\",\"itemListElement\":[{\"@type\":\"ListItem\",\"position\":1,\"name\":\"Anasayfa\",\"item\":\"https:\/\/bridgehap.com\/\"},{\"@type\":\"ListItem\",\"position\":2,\"name\":\"Unusual 2NT Konvansiyonu\"}]},{\"@type\":\"WebSite\",\"@id\":\"https:\/\/bridgehap.com\/#website\",\"url\":\"https:\/\/bridgehap.com\/\",\"name\":\"HAP BR\u0130\u00c7\",\"description\":\"\",\"publisher\":{\"@id\":\"https:\/\/bridgehap.com\/#organization\"},\"potentialAction\":[{\"@type\":\"SearchAction\",\"target\":{\"@type\":\"EntryPoint\",\"urlTemplate\":\"https:\/\/bridgehap.com\/?s={search_term_string}\"},\"query-input\":{\"@type\":\"PropertyValueSpecification\",\"valueRequired\":true,\"valueName\":\"search_term_string\"}}],\"inLanguage\":\"tr\"},{\"@type\":\"Organization\",\"@id\":\"https:\/\/bridgehap.com\/#organization\",\"name\":\"HAP BR\u0130\u00c7\",\"url\":\"https:\/\/bridgehap.com\/\",\"logo\":{\"@type\":\"ImageObject\",\"inLanguage\":\"tr\",\"@id\":\"https:\/\/bridgehap.com\/#\/schema\/logo\/image\/\",\"url\":\"https:\/\/bridgehap.com\/wp-content\/uploads\/2026\/02\/cropped-6-1-1.jpg\",\"contentUrl\":\"https:\/\/bridgehap.com\/wp-content\/uploads\/2026\/02\/cropped-6-1-1.jpg\",\"width\":67,\"height\":58,\"caption\":\"HAP BR\u0130\u00c7\"},\"image\":{\"@id\":\"https:\/\/bridgehap.com\/#\/schema\/logo\/image\/\"}}]}<\/script>\n<!-- \/ Yoast SEO plugin. -->","yoast_head_json":{"title":"Unusual 2NT Konvansiyonu - HAP BR\u0130\u00c7","robots":{"index":"index","follow":"follow","max-snippet":"max-snippet:-1","max-image-preview":"max-image-preview:large","max-video-preview":"max-video-preview:-1"},"canonical":"https:\/\/bridgehap.com\/?page_id=6855","og_locale":"tr_TR","og_type":"article","og_title":"Unusual 2NT Konvansiyonu - HAP BR\u0130\u00c7","og_url":"https:\/\/bridgehap.com\/?page_id=6855","og_site_name":"HAP BR\u0130\u00c7","article_modified_time":"2026-03-15T13:18:08+00:00","og_image":[{"url":"http:\/\/localhost\/wordpress\/wp-content\/uploads\/2026\/03\/U2NT_ornek_1.jpg","type":"","width":"","height":""}],"twitter_card":"summary_large_image","twitter_misc":{"Tahmini okuma s\u00fcresi":"1 dakika"},"schema":{"@context":"https:\/\/schema.org","@graph":[{"@type":"WebPage","@id":"https:\/\/bridgehap.com\/?page_id=6855","url":"https:\/\/bridgehap.com\/?page_id=6855","name":"Unusual 2NT Konvansiyonu - HAP BR\u0130\u00c7","isPartOf":{"@id":"https:\/\/bridgehap.com\/#website"},"primaryImageOfPage":{"@id":"https:\/\/bridgehap.com\/?page_id=6855#primaryimage"},"image":{"@id":"https:\/\/bridgehap.com\/?page_id=6855#primaryimage"},"thumbnailUrl":"http:\/\/localhost\/wordpress\/wp-content\/uploads\/2026\/03\/U2NT_ornek_1.jpg","datePublished":"2026-03-15T13:18:06+00:00","dateModified":"2026-03-15T13:18:08+00:00","breadcrumb":{"@id":"https:\/\/bridgehap.com\/?page_id=6855#breadcrumb"},"inLanguage":"tr","potentialAction":[{"@type":"ReadAction","target":["https:\/\/bridgehap.com\/?page_id=6855"]}]},{"@type":"ImageObject","inLanguage":"tr","@id":"https:\/\/bridgehap.com\/?page_id=6855#primaryimage","url":"http:\/\/localhost\/wordpress\/wp-content\/uploads\/2026\/03\/U2NT_ornek_1.jpg","contentUrl":"http:\/\/localhost\/wordpress\/wp-content\/uploads\/2026\/03\/U2NT_ornek_1.jpg"},{"@type":"BreadcrumbList","@id":"https:\/\/bridgehap.com\/?page_id=6855#breadcrumb","itemListElement":[{"@type":"ListItem","position":1,"name":"Anasayfa","item":"https:\/\/bridgehap.com\/"},{"@type":"ListItem","position":2,"name":"Unusual 2NT Konvansiyonu"}]},{"@type":"WebSite","@id":"https:\/\/bridgehap.com\/#website","url":"https:\/\/bridgehap.com\/","name":"HAP BR\u0130\u00c7","description":"","publisher":{"@id":"https:\/\/bridgehap.com\/#organization"},"potentialAction":[{"@type":"SearchAction","target":{"@type":"EntryPoint","urlTemplate":"https:\/\/bridgehap.com\/?s={search_term_string}"},"query-input":{"@type":"PropertyValueSpecification","valueRequired":true,"valueName":"search_term_string"}}],"inLanguage":"tr"},{"@type":"Organization","@id":"https:\/\/bridgehap.com\/#organization","name":"HAP BR\u0130\u00c7","url":"https:\/\/bridgehap.com\/","logo":{"@type":"ImageObject","inLanguage":"tr","@id":"https:\/\/bridgehap.com\/#\/schema\/logo\/image\/","url":"https:\/\/bridgehap.com\/wp-content\/uploads\/2026\/02\/cropped-6-1-1.jpg","contentUrl":"https:\/\/bridgehap.com\/wp-content\/uploads\/2026\/02\/cropped-6-1-1.jpg","width":67,"height":58,"caption":"HAP BR\u0130\u00c7"},"image":{"@id":"https:\/\/bridgehap.com\/#\/schema\/logo\/image\/"}}]}},"_links":{"self":[{"href":"https:\/\/bridgehap.com\/index.php?rest_route=\/wp\/v2\/pages\/6855","targetHints":{"allow":["GET"]}}],"collection":[{"href":"https:\/\/bridgehap.com\/index.php?rest_route=\/wp\/v2\/pages"}],"about":[{"href":"https:\/\/bridgehap.com\/index.php?rest_route=\/wp\/v2\/types\/page"}],"author":[{"embeddable":true,"href":"https:\/\/bridgehap.com\/index.php?rest_route=\/wp\/v2\/users\/1"}],"replies":[{"embeddable":true,"href":"https:\/\/bridgehap.com\/index.php?rest_route=%2Fwp%2Fv2%2Fcomments&post=6855"}],"version-history":[{"count":1,"href":"https:\/\/bridgehap.com\/index.php?rest_route=\/wp\/v2\/pages\/6855\/revisions"}],"predecessor-version":[{"id":6857,"href":"https:\/\/bridgehap.com\/index.php?rest_route=\/wp\/v2\/pages\/6855\/revisions\/6857"}],"wp:attachment":[{"href":"https:\/\/bridgehap.com\/index.php?rest_route=%2Fwp%2Fv2%2Fmedia&parent=6855"}],"curies":[{"name":"wp","href":"https:\/\/api.w.org\/{rel}","templated":true}]}}