{"id":6909,"date":"2026-03-15T21:05:01","date_gmt":"2026-03-15T18:05:01","guid":{"rendered":"http:\/\/localhost\/wordpress\/?page_id=6909"},"modified":"2026-03-27T14:08:58","modified_gmt":"2026-03-27T11:08:58","slug":"9-ders","status":"publish","type":"page","link":"https:\/\/bridgehap.com\/?page_id=6909","title":{"rendered":"9. Ders"},"content":{"rendered":"\n<h3 id=\"wp-block-themeisle-blocks-advanced-heading-d54727cb\" class=\"wp-block-themeisle-blocks-advanced-heading wp-block-themeisle-blocks-advanced-heading-d54727cb\">                          ORTAKLIK ANLA\u015eMALARI<\/h3>\n\n\n\n<ol class=\"wp-block-list\">\n<li>Sistem: 5&#8217;li Maj\u00f6r \u00a0<\/li>\n<\/ol>\n\n\n\n<p class=\"wp-block-paragraph\">    2. 1min\u00f6r a\u00e7\u0131\u015flar\u0131: 3+ <strong>\u2663<\/strong> veya 4+ <strong>\u2666<\/strong>&nbsp; kart olabilir. 12\u201314 OP<\/p>\n\n\n\n<ul class=\"wp-block-list\">\n<li>1m \u2013 2m! : Inverted min\u00f6r, zon forsingi veya en az davet, 11+ OP ve 5+ Kart <\/li>\n\n\n\n<li>1m \u2013 2<strong>\u2665<\/strong>! : 5+ Kart ve 2-5 OP<\/li>\n\n\n\n<li>1m \u2013 2<strong>\u2660<\/strong>! : 5+ Kart ve 2-5 OP<\/li>\n\n\n\n<li>1m \u2013 3m! : Inverted min\u00f6r, blokatif, 6-10 OP ve 5+ Kart<\/li>\n\n\n\n<li>1m \u2013 1M! : 4+ Maj\u00f6r Kart ve 5+ OP ( E\u015fitse K\u00f6r \u00f6nce s\u00f6ylenir)<\/li>\n\n\n\n<li>1<strong>\u2663<\/strong>  \u2013 2<strong>\u2666<\/strong>!&nbsp;: 6+ Kart ve 2-5 OP<\/li>\n\n\n\n<li>1<strong>\u2666<\/strong>&nbsp; \u2013 3<strong>\u2663<\/strong>! : 6+ Kart ve 10-12 OP<\/li>\n\n\n\n<li>1<strong>\u2663<\/strong>\u2013 1<strong>\u2666<\/strong>! : 5+ Kart ve 5+ OP<\/li>\n\n\n\n<li>1<strong>\u2663<\/strong> \u2013 1NT : 4\u2019l\u00fc Maj\u00f6r yok ve 8-10 OP<\/li>\n\n\n\n<li>1<strong>\u2666<\/strong> \u2013 1NT : 5\u201310 OP, 4\u2019li Maj\u00f6r yok<\/li>\n\n\n\n<li>1m \u2013 2NT : 11\u201312 OP, 4\u2019li Maj\u00f6r yok<\/li>\n\n\n\n<li>1m \u2013 3 NT : 13+ OP, 4\u2019li Maj\u00f6r yok<\/li>\n<\/ul>\n\n\n\n<p class=\"wp-block-paragraph\">   3. 1Maj\u00f6r a\u00e7\u0131\u015flar\u0131: 5+ M, 12\u201314 OP  <\/p>\n\n\n\n<ul class=\"wp-block-list\">\n<li><span style=\"font-size: revert;\">1M \u2013 1NT : 6\u201310 OP <\/span><\/li>\n\n\n\n<li>1M \u2013 2M : 6\u201310 OP ( Ye\u015fil \/ Zon Yoksa ) veya 8\u201310 OP ( K\u0131rm\u0131z\u0131 \/ Zon varsa)<\/li>\n\n\n\n<li>1M \u2013 2<strong>\u2663<\/strong> :&nbsp; 3+ Kart ve 12+ OP<\/li>\n\n\n\n<li>1M \u2013 2<strong>\u2666<\/strong> :&nbsp; 4\u2019l\u00fc Pik ve 12+ OP<\/li>\n\n\n\n<li>1 <strong><strong>\u2660<\/strong><\/strong> \u2013  2 <strong>\u2665<\/strong> : 5+ renk 13+ OP<\/li>\n\n\n\n<li>1 <strong>\u2665<\/strong> \u2013  4<strong>\u2663<\/strong>\/4<strong>\u2666<\/strong>\/3<strong>\u2660<\/strong> : 10\u201312 OP, okunan renk k\u0131sa, Splinter<\/li>\n\n\n\n<li>1 <strong>\u2660<\/strong> \u2013  4<strong>\u2663<\/strong>\/4<strong>\u2666<\/strong>\/4 <strong>\u2665<\/strong> : 10\u201312 OP, okunan renk k\u0131sa, Splinter<\/li>\n\n\n\n<li>1M \u2013 2NT : 11\u201312 OP tutu\u015f yok.<\/li>\n\n\n\n<li>1M \u2013 3NT : 13+ OP tutu\u015f yok veya 3-3-3-4 da\u011f\u0131l\u0131ma kar\u015f\u0131l\u0131k 4M ya da 3NT birini se\u00e7<\/li>\n<\/ul>\n\n\n\n<p class=\"wp-block-paragraph\">   4. 1 NT a\u00e7\u0131\u015flar\u0131: 15-17 OP <strong>NT<\/strong>&nbsp; <\/p>\n\n\n\n<ul class=\"wp-block-list\">\n<li>2<strong>\u2663<\/strong> : STAYMAN, 8+ OP<\/li>\n\n\n\n<li>2<strong>\u2666<\/strong>\/<strong>\u2665<\/strong> : JACOBY TRANSFER (5 \u2018li K\u00f6r\/Pik transferi, 0+OP)<\/li>\n\n\n\n<li>2<strong>\u2660<\/strong> : JACOBY TRANSFER (6\u2019l\u0131 Trefl transferi,0+ OP)<\/li>\n\n\n\n<li>2NT : JACOBY TRANSFER (6\u2019l\u0131 Karo transferi,0+ OP)<\/li>\n\n\n\n<li>3<strong>\u2663<\/strong> : Her iki MIN\u00d6R Zay\u0131f<\/li>\n\n\n\n<li>3<strong>\u2666<\/strong> : Her iki MIN\u00d6R G\u00fc\u00e7l\u00fc<\/li>\n\n\n\n<li>3<strong>\u2665<\/strong> : Min\u00f6rler 5-4 ve K\u00d6R k\u0131sa<\/li>\n\n\n\n<li>3<strong>\u2660<\/strong> : Min\u00f6rler 5-4 ve P\u0130K k\u0131sa<\/li>\n\n\n\n<li>4<strong>\u2663<\/strong> : GERBER ( AS sorusu ; 4Karo=0, 4K\u00f6r =1 , 4Pik=2 , 4SA=3&nbsp; as var demektir)<\/li>\n\n\n\n<li>4<strong>\u2666<\/strong>\/<strong>\u2665<\/strong> : TEXAS Transfer&nbsp; ( 6+ Kart ve 10+ OP ) <\/li>\n\n\n\n<li>3 NT : 10 &#8211; 15 OP Dengeli El<\/li>\n\n\n\n<li>4 NT : 15 &#8211; 17 OP <\/li>\n<\/ul>\n\n\n\n<p class=\"wp-block-paragraph\">5. 2 NT a\u00e7\u0131\u015flar\u0131: 20-22 OP  <strong>NT<\/strong>&nbsp; &gt;&nbsp; <strong>\u2660<\/strong>&nbsp; &gt; <strong>\u2665<\/strong> &gt; <strong>\u2666<\/strong>&nbsp; &gt;&nbsp; <strong>\u2663<\/strong><\/p>\n\n\n\n<ul class=\"wp-block-list\">\n<li>3<strong>\u2663<\/strong> : PUPPET STAYMAN<\/li>\n\n\n\n<li>3<strong>\u2666<\/strong>\/<strong>\u2665<\/strong> : TRANSFER (5 \u2018li K\u00f6r\/Pik transferi, 0+OP)<\/li>\n\n\n\n<li>3<strong>\u2660<\/strong> :  TRANSFER (6\u2019l\u0131 Trefl transferi,0+ OP)<\/li>\n\n\n\n<li>3NT : TRANSFER (6\u2019l\u0131 Karo transferi,0+ OP)<\/li>\n\n\n\n<li>4<strong>\u2663<\/strong> : GERBER ( As Sorusu )<\/li>\n\n\n\n<li>4<strong>\u2666<\/strong> \/ 4<strong>\u2665<\/strong>  : TEXAS Transfer<\/li>\n\n\n\n<li>4 NT : 11 &#8211; 12 OP<\/li>\n<\/ul>\n\n\n\n<p class=\"wp-block-paragraph\">6. 2<strong>\u2663<\/strong> a\u00e7\u0131\u015flar\u0131 : 23+ OP <\/p>\n\n\n\n<p class=\"wp-block-paragraph\">7. 2<strong>\u2666<\/strong> a\u00e7\u0131\u015flar\u0131 : 6-10 OP , 6 + Renk <\/p>\n\n\n\n<p class=\"wp-block-paragraph\">8.  2<strong><strong><strong>\u2660<\/strong><\/strong><\/strong>\/<strong>\u2665<\/strong> a\u00e7\u0131\u015flar\u0131 : 6-10 OP , 6 + Renk <\/p>\n\n\n\n<p class=\"wp-block-paragraph\">9. 3<strong>\u2663<\/strong>\/<strong>\u2666<\/strong>\/<strong>\u2665<\/strong>\/<strong>\u2660<\/strong> a\u00e7\u0131\u015flar\u0131: 6\u201310 OP, 7+ renk<\/p>\n\n\n\n<p class=\"wp-block-paragraph\">10. <a>Gambling<\/a> 3NT a\u00e7\u0131\u015f\u0131: 25+ OP, Uzun renk<\/p>\n\n\n\n<p class=\"wp-block-paragraph\">11. 4<strong>\u2663<\/strong>\/<strong>\u2666<\/strong>\/<strong>\u2665<\/strong>\/<strong>\u2660<\/strong> a\u00e7\u0131\u015flar\u0131:  6\u201310 OP, 8+ renk<\/p>\n\n\n\n<p class=\"wp-block-paragraph\">12. Ataklar (\u00e7\u0131k\u0131\u015flar): Koza 3-5, NT&#8217;ye kendine 2-4, orta\u011fa yine 3-5<\/p>\n\n\n\n<p class=\"wp-block-paragraph\">13. Apeller: Kart &lt; 6 (K\u00fc\u00e7\u00fck be\u011fendim), &nbsp;Kart&nbsp; &gt; 6 (b\u00fcy\u00fck be\u011fenmedim.)<\/p>\n\n\n\n<p class=\"wp-block-paragraph\">14. Defoslar: Romen Defos<\/p>\n\n\n\n<p class=\"wp-block-paragraph\">15. Rakibin a\u00e7\u0131\u015f\u0131na araya girme: 8-16 OP ve 5+ Kart&nbsp;<\/p>\n\n\n\n<ul class=\"wp-block-list\">\n<li><span style=\"font-size: revert;\">Dbl! ile araya girme:<\/span><\/li>\n\n\n\n<li>1 renk a\u00e7\u0131\u015f\u0131na s\u0131ras\u0131nda 1 seviyesinde araya girme: (\u00f6r: 1H-1S) 8 OP ve 5+ Kart<\/li>\n\n\n\n<li>1 renk a\u00e7\u0131\u015f\u0131na s\u0131ras\u0131nda 2 seviyesinde araya girme: (\u00f6r: 1H-2C) 12+ OP, CueBid1 renk a\u00e7\u0131\u015f\u0131na z\u0131playarak 2 seviyesinde araya girme: (\u00f6r: 1H-2S) 17-19 OP<\/li>\n\n\n\n<li>1 renk a\u00e7\u0131\u015f\u0131na 1NT ile araya girme: 8-12 OP, A\u00e7\u0131\u015f Rengini 2 Keser<\/li>\n<\/ul>\n\n\n\n<p class=\"wp-block-paragraph\">16. Rakibin araya giri\u015fi \u00fczerine:<\/p>\n\n\n\n<ul class=\"wp-block-list\">\n<li><span style=\"font-size: revert;\">Dbl! ile cevap verme:<\/span><\/li>\n\n\n\n<li>1 renk ile araya girmesi \u00fczerine s\u0131ras\u0131nda 1 seviyesinde cevap verme: (\u00f6r: 1C-1D-1S)<\/li>\n\n\n\n<li>1 renk ile araya girmesi \u00fczerine s\u0131ras\u0131nda 2 seviyesinde cevap verme: (\u00f6r: 1H-1S-2C)<\/li>\n\n\n\n<li>1 renk ile araya girmesi \u00fczerine z\u0131playarak 2 seviyesinde cevap verme: (\u00f6r: 1C-1D-2S)<\/li>\n\n\n\n<li>1C-1D \u00fczerine 1NT ile cevap verme:<\/li>\n\n\n\n<li>1 Maj\u00f6r ile araya girilmesi \u00fczerine 1NT ile cevap verme: (\u00f6r: 1m\/H-1S-1NT)<\/li>\n<\/ul>\n\n\n\n<p class=\"wp-block-paragraph\">17. 1 Maj\u00f6r a\u00e7\u0131\u015f\u0131na araya girilmesi \u00fczerine 2NT: (Jordan 2NT)<\/p>\n\n\n\n<p class=\"wp-block-paragraph\">18. 1NT&#8217;mize m\u00fcdahale edilirse: Lebhenshol<\/p>\n\n\n\n<p class=\"wp-block-paragraph\">19. Rakibin 1NT&#8217;sine m\u00fcdahale: Landy vaya Multi Landy vaya Capeletti veya DONT<\/p>\n\n\n\n<p class=\"wp-block-paragraph\">20. 3. ve 4.den a\u00e7\u0131\u015flara: Drury veya Reverse Drury veya Two-way Drury<\/p>\n\n\n\n<p class=\"wp-block-paragraph\">21. Maj\u00f6r tutu\u015fta Trial-Bid: Uzun Trial (yard\u0131m isteyen) veya K\u0131sa Trial<\/p>\n\n\n\n<p class=\"wp-block-paragraph\">22. 1m-1y; 1NT-?: Yeni min\u00f6r veya Check-Back<\/p>\n\n\n\n<p class=\"wp-block-paragraph\">23. Michaels Cue-Bid<\/p>\n\n\n\n<p class=\"wp-block-paragraph\">24. Unusual 2NT : Rakibin 1 seviye oyun a\u00e7\u0131l\u0131\u015f\u0131nda 2NT ile \u00fcste konu\u015farak yap\u0131l\u0131r. 10+ OP ve 5\/5 kart laz\u0131md\u0131r.<\/p>\n\n\n\n<p class=\"wp-block-paragraph\">25. Bergen : Orta\u011f\u0131n 1 MAJOR oyun a\u00e7\u0131l\u0131\u015f\u0131nda 3<strong>\u2663<\/strong>\/<strong>\u2666<\/strong> yap\u0131l\u0131r. 4\u2019l\u00fc kart, 6\/9 OP veya10\/15 OP<\/p>\n\n\n\n<p class=\"wp-block-paragraph\">26. RKBC: 4 NT ile AS sorusudur (1403)<\/p>\n\n\n\n<p class=\"wp-block-paragraph\">NOT : m: Min\u00f6r,  M: Maj\u00f6r,  !: Nat\u00fcrel olmayan <\/p>\n\n\n\n<ol class=\"wp-block-list\">\n<li><\/li>\n<\/ol>\n\n\n\n<p class=\"wp-block-paragraph\"><\/p>\n","protected":false},"excerpt":{"rendered":"<p>2. 1min\u00f6r a\u00e7\u0131\u015flar\u0131: 3+ \u2663 veya 4+ \u2666&nbsp; kart olabilir. 12\u201314 OP 3. 1Maj\u00f6r a\u00e7\u0131\u015flar\u0131: 5+ M, 12\u201314 OP 4. 1 NT a\u00e7\u0131\u015flar\u0131: 15-17 OP NT&nbsp; 5. 2 NT a\u00e7\u0131\u015flar\u0131: 20-22 OP NT&nbsp; &gt;&nbsp; \u2660&nbsp; &gt; \u2665 &gt; \u2666&nbsp; &gt;&nbsp; \u2663 6. 2\u2663 a\u00e7\u0131\u015flar\u0131 : 23+ OP 7. 2\u2666 a\u00e7\u0131\u015flar\u0131 : 6-10 OP , 6&#8230;<\/p>\n","protected":false},"author":1,"featured_media":0,"parent":0,"menu_order":0,"comment_status":"closed","ping_status":"closed","template":"","meta":{"_crdt_document":"","_themeisle_gutenberg_block_has_review":false,"_kad_post_transparent":"","_kad_post_title":"","_kad_post_layout":"","_kad_post_sidebar_id":"","_kad_post_content_style":"","_kad_post_vertical_padding":"","_kad_post_feature":"","_kad_post_feature_position":"","_kad_post_header":false,"_kad_post_footer":false,"_kad_post_classname":"","footnotes":""},"class_list":["post-6909","page","type-page","status-publish","hentry"],"yoast_head":"<!-- This site is optimized with the Yoast SEO plugin v27.0 - https:\/\/yoast.com\/product\/yoast-seo-wordpress\/ -->\n<title>9. Ders - HAP BR\u0130\u00c7<\/title>\n<meta name=\"robots\" content=\"index, follow, max-snippet:-1, max-image-preview:large, max-video-preview:-1\" \/>\n<link rel=\"canonical\" href=\"https:\/\/bridgehap.com\/?page_id=6909\" \/>\n<meta property=\"og:locale\" content=\"tr_TR\" \/>\n<meta property=\"og:type\" content=\"article\" \/>\n<meta property=\"og:title\" content=\"9. Ders - HAP BR\u0130\u00c7\" \/>\n<meta property=\"og:description\" content=\"2. 1min\u00f6r a\u00e7\u0131\u015flar\u0131: 3+ \u2663 veya 4+ \u2666&nbsp; kart olabilir. 12\u201314 OP 3. 1Maj\u00f6r a\u00e7\u0131\u015flar\u0131: 5+ M, 12\u201314 OP 4. 1 NT a\u00e7\u0131\u015flar\u0131: 15-17 OP NT&nbsp; 5. 2 NT a\u00e7\u0131\u015flar\u0131: 20-22 OP NT&nbsp; &gt;&nbsp; \u2660&nbsp; &gt; \u2665 &gt; \u2666&nbsp; &gt;&nbsp; \u2663 6. 2\u2663 a\u00e7\u0131\u015flar\u0131 : 23+ OP 7. 2\u2666 a\u00e7\u0131\u015flar\u0131 : 6-10 OP , 6...\" \/>\n<meta property=\"og:url\" content=\"https:\/\/bridgehap.com\/?page_id=6909\" \/>\n<meta property=\"og:site_name\" content=\"HAP BR\u0130\u00c7\" \/>\n<meta property=\"article:modified_time\" content=\"2026-03-27T11:08:58+00:00\" \/>\n<meta name=\"twitter:card\" content=\"summary_large_image\" \/>\n<meta name=\"twitter:label1\" content=\"Tahmini okuma s\u00fcresi\" \/>\n\t<meta name=\"twitter:data1\" content=\"5 dakika\" \/>\n<script type=\"application\/ld+json\" class=\"yoast-schema-graph\">{\"@context\":\"https:\/\/schema.org\",\"@graph\":[{\"@type\":\"WebPage\",\"@id\":\"https:\/\/bridgehap.com\/?page_id=6909\",\"url\":\"https:\/\/bridgehap.com\/?page_id=6909\",\"name\":\"9. Ders - HAP BR\u0130\u00c7\",\"isPartOf\":{\"@id\":\"https:\/\/bridgehap.com\/#website\"},\"datePublished\":\"2026-03-15T18:05:01+00:00\",\"dateModified\":\"2026-03-27T11:08:58+00:00\",\"breadcrumb\":{\"@id\":\"https:\/\/bridgehap.com\/?page_id=6909#breadcrumb\"},\"inLanguage\":\"tr\",\"potentialAction\":[{\"@type\":\"ReadAction\",\"target\":[\"https:\/\/bridgehap.com\/?page_id=6909\"]}]},{\"@type\":\"BreadcrumbList\",\"@id\":\"https:\/\/bridgehap.com\/?page_id=6909#breadcrumb\",\"itemListElement\":[{\"@type\":\"ListItem\",\"position\":1,\"name\":\"Anasayfa\",\"item\":\"https:\/\/bridgehap.com\/\"},{\"@type\":\"ListItem\",\"position\":2,\"name\":\"9. Ders\"}]},{\"@type\":\"WebSite\",\"@id\":\"https:\/\/bridgehap.com\/#website\",\"url\":\"https:\/\/bridgehap.com\/\",\"name\":\"HAP BR\u0130\u00c7\",\"description\":\"\",\"publisher\":{\"@id\":\"https:\/\/bridgehap.com\/#organization\"},\"potentialAction\":[{\"@type\":\"SearchAction\",\"target\":{\"@type\":\"EntryPoint\",\"urlTemplate\":\"https:\/\/bridgehap.com\/?s={search_term_string}\"},\"query-input\":{\"@type\":\"PropertyValueSpecification\",\"valueRequired\":true,\"valueName\":\"search_term_string\"}}],\"inLanguage\":\"tr\"},{\"@type\":\"Organization\",\"@id\":\"https:\/\/bridgehap.com\/#organization\",\"name\":\"HAP BR\u0130\u00c7\",\"url\":\"https:\/\/bridgehap.com\/\",\"logo\":{\"@type\":\"ImageObject\",\"inLanguage\":\"tr\",\"@id\":\"https:\/\/bridgehap.com\/#\/schema\/logo\/image\/\",\"url\":\"https:\/\/bridgehap.com\/wp-content\/uploads\/2026\/02\/cropped-6-1-1.jpg\",\"contentUrl\":\"https:\/\/bridgehap.com\/wp-content\/uploads\/2026\/02\/cropped-6-1-1.jpg\",\"width\":67,\"height\":58,\"caption\":\"HAP BR\u0130\u00c7\"},\"image\":{\"@id\":\"https:\/\/bridgehap.com\/#\/schema\/logo\/image\/\"}}]}<\/script>\n<!-- \/ Yoast SEO plugin. -->","yoast_head_json":{"title":"9. Ders - HAP BR\u0130\u00c7","robots":{"index":"index","follow":"follow","max-snippet":"max-snippet:-1","max-image-preview":"max-image-preview:large","max-video-preview":"max-video-preview:-1"},"canonical":"https:\/\/bridgehap.com\/?page_id=6909","og_locale":"tr_TR","og_type":"article","og_title":"9. Ders - HAP BR\u0130\u00c7","og_description":"2. 1min\u00f6r a\u00e7\u0131\u015flar\u0131: 3+ \u2663 veya 4+ \u2666&nbsp; kart olabilir. 12\u201314 OP 3. 1Maj\u00f6r a\u00e7\u0131\u015flar\u0131: 5+ M, 12\u201314 OP 4. 1 NT a\u00e7\u0131\u015flar\u0131: 15-17 OP NT&nbsp; 5. 2 NT a\u00e7\u0131\u015flar\u0131: 20-22 OP NT&nbsp; &gt;&nbsp; \u2660&nbsp; &gt; \u2665 &gt; \u2666&nbsp; &gt;&nbsp; \u2663 6. 2\u2663 a\u00e7\u0131\u015flar\u0131 : 23+ OP 7. 2\u2666 a\u00e7\u0131\u015flar\u0131 : 6-10 OP , 6...","og_url":"https:\/\/bridgehap.com\/?page_id=6909","og_site_name":"HAP BR\u0130\u00c7","article_modified_time":"2026-03-27T11:08:58+00:00","twitter_card":"summary_large_image","twitter_misc":{"Tahmini okuma s\u00fcresi":"5 dakika"},"schema":{"@context":"https:\/\/schema.org","@graph":[{"@type":"WebPage","@id":"https:\/\/bridgehap.com\/?page_id=6909","url":"https:\/\/bridgehap.com\/?page_id=6909","name":"9. Ders - HAP BR\u0130\u00c7","isPartOf":{"@id":"https:\/\/bridgehap.com\/#website"},"datePublished":"2026-03-15T18:05:01+00:00","dateModified":"2026-03-27T11:08:58+00:00","breadcrumb":{"@id":"https:\/\/bridgehap.com\/?page_id=6909#breadcrumb"},"inLanguage":"tr","potentialAction":[{"@type":"ReadAction","target":["https:\/\/bridgehap.com\/?page_id=6909"]}]},{"@type":"BreadcrumbList","@id":"https:\/\/bridgehap.com\/?page_id=6909#breadcrumb","itemListElement":[{"@type":"ListItem","position":1,"name":"Anasayfa","item":"https:\/\/bridgehap.com\/"},{"@type":"ListItem","position":2,"name":"9. Ders"}]},{"@type":"WebSite","@id":"https:\/\/bridgehap.com\/#website","url":"https:\/\/bridgehap.com\/","name":"HAP BR\u0130\u00c7","description":"","publisher":{"@id":"https:\/\/bridgehap.com\/#organization"},"potentialAction":[{"@type":"SearchAction","target":{"@type":"EntryPoint","urlTemplate":"https:\/\/bridgehap.com\/?s={search_term_string}"},"query-input":{"@type":"PropertyValueSpecification","valueRequired":true,"valueName":"search_term_string"}}],"inLanguage":"tr"},{"@type":"Organization","@id":"https:\/\/bridgehap.com\/#organization","name":"HAP BR\u0130\u00c7","url":"https:\/\/bridgehap.com\/","logo":{"@type":"ImageObject","inLanguage":"tr","@id":"https:\/\/bridgehap.com\/#\/schema\/logo\/image\/","url":"https:\/\/bridgehap.com\/wp-content\/uploads\/2026\/02\/cropped-6-1-1.jpg","contentUrl":"https:\/\/bridgehap.com\/wp-content\/uploads\/2026\/02\/cropped-6-1-1.jpg","width":67,"height":58,"caption":"HAP BR\u0130\u00c7"},"image":{"@id":"https:\/\/bridgehap.com\/#\/schema\/logo\/image\/"}}]}},"_links":{"self":[{"href":"https:\/\/bridgehap.com\/index.php?rest_route=\/wp\/v2\/pages\/6909","targetHints":{"allow":["GET"]}}],"collection":[{"href":"https:\/\/bridgehap.com\/index.php?rest_route=\/wp\/v2\/pages"}],"about":[{"href":"https:\/\/bridgehap.com\/index.php?rest_route=\/wp\/v2\/types\/page"}],"author":[{"embeddable":true,"href":"https:\/\/bridgehap.com\/index.php?rest_route=\/wp\/v2\/users\/1"}],"replies":[{"embeddable":true,"href":"https:\/\/bridgehap.com\/index.php?rest_route=%2Fwp%2Fv2%2Fcomments&post=6909"}],"version-history":[{"count":16,"href":"https:\/\/bridgehap.com\/index.php?rest_route=\/wp\/v2\/pages\/6909\/revisions"}],"predecessor-version":[{"id":6994,"href":"https:\/\/bridgehap.com\/index.php?rest_route=\/wp\/v2\/pages\/6909\/revisions\/6994"}],"wp:attachment":[{"href":"https:\/\/bridgehap.com\/index.php?rest_route=%2Fwp%2Fv2%2Fmedia&parent=6909"}],"curies":[{"name":"wp","href":"https:\/\/api.w.org\/{rel}","templated":true}]}}